{"id":27921,"date":"2022-10-24T17:07:07","date_gmt":"2022-10-24T15:07:07","guid":{"rendered":"https:\/\/wildenherbals.com\/shop\/sin%20categor\u00eda\/vaso-kinto-to-go-360ml-caqui\/"},"modified":"2025-12-16T15:00:59","modified_gmt":"2025-12-16T14:00:59","slug":"kinto-to-go-vaso-360ml-caqui","status":"publish","type":"product","link":"https:\/\/wildenherbals.com\/es\/shop\/accesorios\/botellas-tazas-y-teteras\/kinto-to-go-vaso-360ml-caqui\/","title":{"rendered":"Vaso Kinto To Go 360ml (Caqui)"},"content":{"rendered":"<p>TO GO TUMBLER es ideal para varios momentos del d\u00eda, para ir al trabajo, conducir o relajarse.<\/p>\n<p>La nueva versi\u00f3n est\u00e1 equipada con un tap\u00f3n que evita los derrames durante los viajes. El tap\u00f3n giratorio puede abrirse y cerrarse f\u00e1cilmente, lo que permite beber con facilidad. <\/p>\n<p>La tapa tiene una estructura m\u00ednima para beber c\u00f3modamente.<\/p>\n<p>El vaso aislado al vac\u00edo conserva la temperatura y el sabor de las bebidas durante mucho tiempo, y su forma c\u00f3nica permite transportarlo f\u00e1cilmente.<\/p>\n<p>El dise\u00f1o limpio, con una estructura mate y colores tenues, da vida a la relajaci\u00f3n en movimiento.<\/p>\n","protected":false},"excerpt":{"rendered":"<p>TO GO TUMBLER es ideal para diversas escenas a lo largo del d\u00eda, ya sea para ir al trabajo, conducir o relajarse. La tapa tiene una estructura m\u00ednima para beber c\u00f3modamente. El vaso aislado al vac\u00edo mantiene la temperatura y el sabor de las bebidas durante mucho tiempo, y su forma c\u00f3nica permite transportarlo f\u00e1cilmente. El dise\u00f1o limpio, caracterizado por una estructura opaca y colores tenues, aporta relajaci\u00f3n a la vida en movimiento.   <\/p>\n","protected":false},"featured_media":25589,"template":"","meta":{"_acf_changed":false,"inline_featured_image":false,"_mbp_gutenberg_autopost":false},"product_brand":[],"product_cat":[577,578],"product_tag":[],"partner":[],"line":[],"class_list":{"0":"post-27921","1":"product","2":"type-product","3":"status-publish","4":"has-post-thumbnail","6":"product_cat-accesorios","7":"product_cat-botellas-tazas-y-teteras","9":"first","10":"instock","11":"taxable","12":"shipping-taxable","13":"purchasable","14":"product-type-simple"},"bundle_layout":"","bundled_by":[],"bundled_items":[],"acf":[],"_links":{"self":[{"href":"https:\/\/wildenherbals.com\/es\/wp-json\/wp\/v2\/product\/27921","targetHints":{"allow":["GET"]}}],"collection":[{"href":"https:\/\/wildenherbals.com\/es\/wp-json\/wp\/v2\/product"}],"about":[{"href":"https:\/\/wildenherbals.com\/es\/wp-json\/wp\/v2\/types\/product"}],"wp:featuredmedia":[{"embeddable":true,"href":"https:\/\/wildenherbals.com\/es\/wp-json\/wp\/v2\/media\/25589"}],"wp:attachment":[{"href":"https:\/\/wildenherbals.com\/es\/wp-json\/wp\/v2\/media?parent=27921"}],"wp:term":[{"taxonomy":"product_brand","embeddable":true,"href":"https:\/\/wildenherbals.com\/es\/wp-json\/wp\/v2\/product_brand?post=27921"},{"taxonomy":"product_cat","embeddable":true,"href":"https:\/\/wildenherbals.com\/es\/wp-json\/wp\/v2\/product_cat?post=27921"},{"taxonomy":"product_tag","embeddable":true,"href":"https:\/\/wildenherbals.com\/es\/wp-json\/wp\/v2\/product_tag?post=27921"},{"taxonomy":"partner","embeddable":true,"href":"https:\/\/wildenherbals.com\/es\/wp-json\/wp\/v2\/partner?post=27921"},{"taxonomy":"line","embeddable":true,"href":"https:\/\/wildenherbals.com\/es\/wp-json\/wp\/v2\/line?post=27921"}],"curies":[{"name":"wp","href":"https:\/\/api.w.org\/{rel}","templated":true}]}}