{"id":27913,"date":"2022-10-25T15:36:18","date_gmt":"2022-10-25T13:36:18","guid":{"rendered":"https:\/\/wildenherbals.com\/shop\/sin%20categor\u00eda\/mermelada-de-moras-silvestres-120g\/"},"modified":"2025-09-29T09:40:16","modified_gmt":"2025-09-29T07:40:16","slug":"mermelada-de-moras-silvestres","status":"publish","type":"product","link":"https:\/\/wildenherbals.com\/es\/shop\/almacenamiento-de-alimentos\/mermelada-de-moras-silvestres\/","title":{"rendered":"Mermelada de moras silvestres (110 g)"},"content":{"rendered":"<p>La conserva preparada con moras peque\u00f1as, corpulentas y dulces que crecen silvestres en las tierras de Alba, una granja natural en el coraz\u00f3n de Molise. Pru\u00e9bala combinada con queso, con mantequilla sobre una rebanada de pan casero tostado, con yogur o queso ricotta a cucharadas o como cobertura de tartas y pasteles de queso. <\/p>\n<p>&nbsp;<\/p>\n","protected":false},"excerpt":{"rendered":"<p><span style=\"font-weight: 400;\">C\u00f3mo utilizarlo<\/span><\/p>\n<p><span style=\"font-weight: 400;\">Como elemento \u00fanico es una sabrosa guarnici\u00f3n, en las preparaciones va bien en cusc\u00fas, con pescado azul o con conejo.<\/span><\/p>\n","protected":false},"featured_media":25595,"template":"","meta":{"_acf_changed":false,"inline_featured_image":false,"_mbp_gutenberg_autopost":false},"product_brand":[],"product_cat":[595,605],"product_tag":[],"partner":[],"line":[],"class_list":{"0":"post-27913","1":"product","2":"type-product","3":"status-publish","4":"has-post-thumbnail","6":"product_cat-almacenamiento-de-alimentos","7":"product_cat-miel-y-mermeladas","9":"first","10":"instock","11":"taxable","12":"shipping-taxable","13":"purchasable","14":"product-type-simple"},"bundle_layout":"","bundled_by":["27889","27897"],"bundled_items":[],"acf":[],"_links":{"self":[{"href":"https:\/\/wildenherbals.com\/es\/wp-json\/wp\/v2\/product\/27913","targetHints":{"allow":["GET"]}}],"collection":[{"href":"https:\/\/wildenherbals.com\/es\/wp-json\/wp\/v2\/product"}],"about":[{"href":"https:\/\/wildenherbals.com\/es\/wp-json\/wp\/v2\/types\/product"}],"wp:featuredmedia":[{"embeddable":true,"href":"https:\/\/wildenherbals.com\/es\/wp-json\/wp\/v2\/media\/25595"}],"wp:attachment":[{"href":"https:\/\/wildenherbals.com\/es\/wp-json\/wp\/v2\/media?parent=27913"}],"wp:term":[{"taxonomy":"product_brand","embeddable":true,"href":"https:\/\/wildenherbals.com\/es\/wp-json\/wp\/v2\/product_brand?post=27913"},{"taxonomy":"product_cat","embeddable":true,"href":"https:\/\/wildenherbals.com\/es\/wp-json\/wp\/v2\/product_cat?post=27913"},{"taxonomy":"product_tag","embeddable":true,"href":"https:\/\/wildenherbals.com\/es\/wp-json\/wp\/v2\/product_tag?post=27913"},{"taxonomy":"partner","embeddable":true,"href":"https:\/\/wildenherbals.com\/es\/wp-json\/wp\/v2\/partner?post=27913"},{"taxonomy":"line","embeddable":true,"href":"https:\/\/wildenherbals.com\/es\/wp-json\/wp\/v2\/line?post=27913"}],"curies":[{"name":"wp","href":"https:\/\/api.w.org\/{rel}","templated":true}]}}