{"id":27902,"date":"2022-10-25T15:45:27","date_gmt":"2022-10-25T13:45:27","guid":{"rendered":"https:\/\/wildenherbals.com\/shop\/sin%20categor\u00eda\/cacao-disidente-chocolate-negro-70-40g\/"},"modified":"2025-09-29T09:38:22","modified_gmt":"2025-09-29T07:38:22","slug":"cacao-disident-chocolate-oscuro","status":"publish","type":"product","link":"https:\/\/wildenherbals.com\/es\/shop\/almacenamiento-de-alimentos\/cacao-disident-chocolate-oscuro\/","title":{"rendered":"Disolvente de cacao &#8211; Chocolate negro 70% (40 g)"},"content":{"rendered":"<p>Disidente es una marca colombiana que selecciona excelentes materias primas locales trabajando codo con codo con productores con los que construye una red virtuosa de m\u00e9todos de trabajo y redistribuci\u00f3n econ\u00f3mica.<br \/>\nLas tabletas de chocolate son la expresi\u00f3n m\u00e1s personal de su forma de entender la materia prima. Son el resultado de un profundo estudio sensorial y taxon\u00f3mico del cacao. Disidente selecciona las mejores materias primas cultivadas en Colombia para elaborar el chocolate de mayor calidad y ofrecer nuevas melod\u00edas arom\u00e1ticas.  <\/p>\n<p>Mezcla 70%<\/p>\n","protected":false},"excerpt":{"rendered":"<p>Disidente es una marca colombiana que selecciona excelentes materias primas locales trabajando codo con codo con productores con los que construye una red virtuosa de m\u00e9todos de trabajo y redistribuci\u00f3n econ\u00f3mica. Las tabletas de chocolate son la expresi\u00f3n m\u00e1s personal de su forma de entender la materia prima. Son el resultado de un profundo estudio [&hellip;]<\/p>\n","protected":false},"featured_media":25601,"template":"","meta":{"_acf_changed":false,"inline_featured_image":false,"_mbp_gutenberg_autopost":false},"product_brand":[],"product_cat":[595,596],"product_tag":[],"partner":[594],"line":[],"class_list":{"0":"post-27902","1":"product","2":"type-product","3":"status-publish","4":"has-post-thumbnail","6":"product_cat-almacenamiento-de-alimentos","7":"product_cat-galletas-y-bocadillos","8":"partner-cacao-disidente-es","10":"first","11":"instock","12":"taxable","13":"shipping-taxable","14":"purchasable","15":"product-type-simple"},"bundle_layout":"","bundled_by":["27827","27894","27901"],"bundled_items":[],"acf":[],"_links":{"self":[{"href":"https:\/\/wildenherbals.com\/es\/wp-json\/wp\/v2\/product\/27902","targetHints":{"allow":["GET"]}}],"collection":[{"href":"https:\/\/wildenherbals.com\/es\/wp-json\/wp\/v2\/product"}],"about":[{"href":"https:\/\/wildenherbals.com\/es\/wp-json\/wp\/v2\/types\/product"}],"wp:featuredmedia":[{"embeddable":true,"href":"https:\/\/wildenherbals.com\/es\/wp-json\/wp\/v2\/media\/25601"}],"wp:attachment":[{"href":"https:\/\/wildenherbals.com\/es\/wp-json\/wp\/v2\/media?parent=27902"}],"wp:term":[{"taxonomy":"product_brand","embeddable":true,"href":"https:\/\/wildenherbals.com\/es\/wp-json\/wp\/v2\/product_brand?post=27902"},{"taxonomy":"product_cat","embeddable":true,"href":"https:\/\/wildenherbals.com\/es\/wp-json\/wp\/v2\/product_cat?post=27902"},{"taxonomy":"product_tag","embeddable":true,"href":"https:\/\/wildenherbals.com\/es\/wp-json\/wp\/v2\/product_tag?post=27902"},{"taxonomy":"partner","embeddable":true,"href":"https:\/\/wildenherbals.com\/es\/wp-json\/wp\/v2\/partner?post=27902"},{"taxonomy":"line","embeddable":true,"href":"https:\/\/wildenherbals.com\/es\/wp-json\/wp\/v2\/line?post=27902"}],"curies":[{"name":"wp","href":"https:\/\/api.w.org\/{rel}","templated":true}]}}