{"id":27832,"date":"2023-01-24T10:36:59","date_gmt":"2023-07-18T09:00:03","guid":{"rendered":"https:\/\/wildenherbals.com\/shop\/sin%20categor\u00eda\/te-de-hierbas-organico-cistea-%c2%b7-caja-de-10-sobres\/"},"modified":"2025-06-17T17:56:40","modified_gmt":"2025-06-17T15:56:40","slug":"herbario-organico-cistea-estuche-10-sobres","status":"publish","type":"product","link":"https:\/\/wildenherbals.com\/es\/shop\/tes-de-hierbas\/herbario-organico-cistea-estuche-10-sobres\/","title":{"rendered":"T\u00e9 de hierbas ecol\u00f3gico CisTea"},"content":{"rendered":"<p><span style=\"font-weight: 400;\">CisTea es una tisana con acci\u00f3n diur\u00e9tica. La gayuba, el enebro, la cola de caballo, el grosellero y el ma\u00edz favorecen la funci\u00f3n de las v\u00edas urinarias, mientras que la ortiga y la malva ayudan con propiedades depurativas y calmantes. <\/span><\/p>\n<p><span style=\"font-weight: 400;\">CisTea tiene notas herb\u00e1ceas de cola de caballo, pero tambi\u00e9n notas m\u00e1s afrutadas de grosella y florales de flor de sa\u00faco, redondeadas por la calidez de la canela. El resultado es un sabor delicado y rico que recuerda la dulzura de las especias y la fragancia de las galletas reci\u00e9n horneadas. <\/span><\/p>\n<p><b>Indicaciones para el consumo<\/b><\/p>\n<p><i><span style=\"font-weight: 400;\">Dosis y modo<\/span><\/i><\/p>\n<p><span style=\"font-weight: 400;\">Deja 1 sobre en infusi\u00f3n durante 7-9 minutos en 300-500 ml de agua a 95\u00b0.<\/span><\/p>\n<p><span style=\"font-weight: 400;\">Se recomienda no superar los 2 sobres al d\u00eda.<\/span><\/p>\n<p>&nbsp;<\/p>\n<p><i><span style=\"font-weight: 400;\">Las tisanas Wilden.herbals Health son complementos alimenticios<\/span><\/i><\/p>\n<p><span style=\"font-weight: 400;\">No superes la dosis diaria recomendada. Los suplementos no deben utilizarse como sustitutos de una dieta variada y un estilo de vida sano. Mantener fuera del alcance de los ni\u00f1os menores de tres a\u00f1os. Un consumo excesivo puede tener efectos laxantes.   <\/span><\/p>\n","protected":false},"excerpt":{"rendered":"<p>CisTea es una tisana con acci\u00f3n diur\u00e9tica. La gayuba, el enebro, la cola de caballo, el grosellero y el ma\u00edz favorecen la funci\u00f3n de las v\u00edas urinarias, mientras que la ortiga y la malva ayudan con propiedades depurativas y calmantes. CisTea tiene notas herb\u00e1ceas de cola de caballo, pero tambi\u00e9n notas m\u00e1s afrutadas de grosella [&hellip;]<\/p>\n","protected":false},"featured_media":35037,"template":"","meta":{"_acf_changed":false,"inline_featured_image":false,"_mbp_gutenberg_autopost":false},"product_brand":[],"product_cat":[536,537],"product_tag":[538],"partner":[],"line":[534,535],"class_list":{"0":"post-27832","1":"product","2":"type-product","3":"status-publish","4":"has-post-thumbnail","6":"product_cat-tes-de-hierbas","7":"product_cat-en-bolsita","8":"product_tag-bienestar","9":"line-linea-de-salud","10":"line-wilden-herbals-salud","12":"first","13":"instock","14":"taxable","15":"shipping-taxable","16":"purchasable","17":"product-type-variable"},"bundle_layout":"","bundled_by":[],"bundled_items":[],"acf":[],"_links":{"self":[{"href":"https:\/\/wildenherbals.com\/es\/wp-json\/wp\/v2\/product\/27832","targetHints":{"allow":["GET"]}}],"collection":[{"href":"https:\/\/wildenherbals.com\/es\/wp-json\/wp\/v2\/product"}],"about":[{"href":"https:\/\/wildenherbals.com\/es\/wp-json\/wp\/v2\/types\/product"}],"wp:featuredmedia":[{"embeddable":true,"href":"https:\/\/wildenherbals.com\/es\/wp-json\/wp\/v2\/media\/35037"}],"wp:attachment":[{"href":"https:\/\/wildenherbals.com\/es\/wp-json\/wp\/v2\/media?parent=27832"}],"wp:term":[{"taxonomy":"product_brand","embeddable":true,"href":"https:\/\/wildenherbals.com\/es\/wp-json\/wp\/v2\/product_brand?post=27832"},{"taxonomy":"product_cat","embeddable":true,"href":"https:\/\/wildenherbals.com\/es\/wp-json\/wp\/v2\/product_cat?post=27832"},{"taxonomy":"product_tag","embeddable":true,"href":"https:\/\/wildenherbals.com\/es\/wp-json\/wp\/v2\/product_tag?post=27832"},{"taxonomy":"partner","embeddable":true,"href":"https:\/\/wildenherbals.com\/es\/wp-json\/wp\/v2\/partner?post=27832"},{"taxonomy":"line","embeddable":true,"href":"https:\/\/wildenherbals.com\/es\/wp-json\/wp\/v2\/line?post=27832"}],"curies":[{"name":"wp","href":"https:\/\/api.w.org\/{rel}","templated":true}]}}