{"id":26537,"date":"2023-07-18T10:24:59","date_gmt":"2023-07-18T08:24:59","guid":{"rendered":"https:\/\/wildenherbals.com\/politica-de-privacidad\/"},"modified":"2025-05-30T15:49:07","modified_gmt":"2025-05-30T13:49:07","slug":"politica-de-privacidad","status":"publish","type":"page","link":"https:\/\/wildenherbals.com\/es\/politica-de-privacidad\/","title":{"rendered":"Pol\u00edtica de privacidad"},"content":{"rendered":"\n<p>El objeto del presente documento (en adelante, la<strong>\u00abPol\u00edtica de Privacidad<\/strong>\u00ab) es informar a los Usuarios sobre los datos personales, entendidos como cualquier informaci\u00f3n que permita la identificaci\u00f3n de una persona f\u00edsica (en adelante, los<strong>\u00abDatos Personales<\/strong>\u00ab), recogidos por el sitio web www.wildenherbals.com (en adelante, <strong>la \u00abAplicaci\u00f3n\u00bb)<\/strong>.<\/p>\n\n<p>El Responsable del Tratamiento, tal y como se identifica a continuaci\u00f3n, podr\u00e1 modificar o simplemente actualizar la totalidad o parte de esta Pol\u00edtica informando a los Usuarios. Los cambios y actualizaciones ser\u00e1n vinculantes en cuanto se publiquen en la Aplicaci\u00f3n. Por lo tanto, se invita al Usuario a leer la Pol\u00edtica de Privacidad cada vez que acceda a la Aplicaci\u00f3n.<\/p>\n\n<p>Si no acepta los cambios introducidos en la Pol\u00edtica de Privacidad, deber\u00e1 dejar de utilizar esta Aplicaci\u00f3n y podr\u00e1 solicitar al Responsable del Tratamiento que elimine sus Datos Personales.<\/p>\n\n<ol class=\"wp-block-list\"><li>Datos Personales recogidos por la Aplicaci\u00f3nEl Propietario recoge los siguientes tipos de Datos Personales:<ol type=\"A\"><li><strong>Contenido e informaci\u00f3n facilitada voluntariamente por el<\/strong>UsuarioEl hecho de que el Usuario no facilite Datos Personales, respecto de los cuales exista una obligaci\u00f3n legal o contractual o si constituyen un requisito necesario para la utilizaci\u00f3n del servicio o para la celebraci\u00f3n del contrato, tendr\u00e1 como consecuencia la imposibilidad para el Responsable de prestar todos o parte de sus servicios.El Usuario que comunique al Responsable Datos Personales de terceros es directa y exclusivamente responsable de su origen, recogida, tratamiento, comunicaci\u00f3n o difusi\u00f3n.<ul><li>Datos de <strong>contacto y contenidos:<\/strong> son los Datos Personales que el Usuario proporciona voluntariamente a la Aplicaci\u00f3n durante su uso, tales como datos personales, datos de contacto, credenciales de acceso a los servicios y\/o productos proporcionados, intereses y preferencias personales y otros contenidos personales, etc.<\/li><li><strong>Datos sensibles:<\/strong> Datos personales que revelen el origen racial o \u00e9tnico, las opiniones pol\u00edticas, las convicciones religiosas o filos\u00f3ficas, la afiliaci\u00f3n sindical, as\u00ed como los datos gen\u00e9ticos, los datos biom\u00e9tricos destinados a identificar de manera un\u00edvoca a una persona f\u00edsica, los datos relativos a la salud o a la vida sexual de una persona o a su orientaci\u00f3n sexual.<\/li><li><strong>Datos personales recogidos por los medios sociales:<\/strong> Los usuarios pueden compartir los datos proporcionados a los medios sociales con la Aplicaci\u00f3n. El Usuario puede controlar los Datos Personales a los que puede acceder la Aplicaci\u00f3n a trav\u00e9s de los ajustes de privacidad disponibles en los medios sociales en cuesti\u00f3n. Al asociar cuentas gestionadas por redes sociales a la Aplicaci\u00f3n y autorizar al Responsable del Tratamiento a acceder a dichos Datos Personales, el Usuario consiente la adquisici\u00f3n, el tratamiento y el almacenamiento de dichos Datos Personales de conformidad con la presente Pol\u00edtica de Privacidad.<\/li><\/ul><\/li><li><strong>Datos y contenidos adquiridos autom\u00e1ticamente durante el uso de la Aplicaci\u00f3n:<\/strong><ul><li><strong>Datos t\u00e9cnicos:<\/strong> los sistemas inform\u00e1ticos y los procedimientos de software utilizados para el funcionamiento de esta Aplicaci\u00f3n pueden adquirir, en el curso de su funcionamiento normal, algunos Datos Personales cuya transmisi\u00f3n est\u00e1 impl\u00edcita en el uso de los protocolos de comunicaci\u00f3n de Internet. Esta informaci\u00f3n no se recoge para ser asociada a Usuarios identificados, pero por su propia naturaleza podr\u00eda, a trav\u00e9s de su tratamiento y asociaci\u00f3n con Datos en poder de terceros, permitir identificar a los Usuarios. Esta categor\u00eda incluye las direcciones IP o los nombres de dominio utilizados por los usuarios que se conectan a la aplicaci\u00f3n, las direcciones en notaci\u00f3n URI (Uniform Resource Identifier) de los recursos solicitados, la hora de la solicitud, el m\u00e9todo utilizado para enviar la solicitud al servidor, el tama\u00f1o del archivo obtenido, etc.<\/li><li><strong>Datos de uso:<\/strong> Tambi\u00e9n pueden recopilarse datos personales relativos al uso de la Aplicaci\u00f3n por parte del Usuario, como las p\u00e1ginas visitadas, las acciones realizadas, las funciones y los servicios utilizados.<\/li><li><strong>Datos de geolocalizaci\u00f3n:<\/strong> la Aplicaci\u00f3n puede recopilar Datos Personales sobre la ubicaci\u00f3n del Usuario, que pueden ser datos GNSS (Sistema Global de Navegaci\u00f3n por Sat\u00e9lite), como datos GPS, as\u00ed como datos que identifiquen el repetidor m\u00e1s cercano, puntos de acceso Wi-Fi y Bluetooth, comunicados al habilitar productos o funciones basados en la ubicaci\u00f3n.<\/li><\/ul><\/li><li>Datos Personales <strong>recogidos a trav\u00e9s de cookies o tecnolog\u00edas similares:<\/strong>La Aplicaci\u00f3n utiliza cookies, balizas web, identificadores \u00fanicos y otras tecnolog\u00edas similares para recoger Datos Personales sobre las p\u00e1ginas, enlaces que visita y otras acciones que realiza al utilizar nuestros servicios. El Usuario puede consultar la Pol\u00edtica de Cookies completa en la siguiente direcci\u00f3n: https:\/\/wildenherbals.com\/cookie-policy.<\/li><\/ol><\/li><li>FinalidadesLos Datos Personales recogidos podr\u00e1n ser utilizados para el cumplimiento de obligaciones contractuales y precontractuales y para obligaciones legales, as\u00ed como para las siguientes finalidades:<ul><li><strong>Registro y autenticaci\u00f3n del Usuario:<\/strong> permitir al Usuario registrarse en la Aplicaci\u00f3n para poder acceder y ser identificado .<\/li><li><strong>Procesamiento externo de pagos con tarjeta de cr\u00e9dito, transferencia bancaria u otros medios:<\/strong> para procesar los pagos de los Usuarios a trav\u00e9s de plataformas externas que adquieren los datos de pago sin que el propietario de la Aplicaci\u00f3n tenga acceso.Los Datos Personales se comunican a https:\/\/stripe.com\/it\/privacy<\/li><li><strong>Env\u00edo de correos electr\u00f3nicos o boletines y gesti\u00f3n de listas de correo:<\/strong> para ponerse en contacto con el Usuario mediante correos electr\u00f3nicos que contengan informaci\u00f3n comercial y promocional relacionada con la Aplicaci\u00f3n.Los Datos Personales se comunican a https:\/\/mailchimp.com\/legal\/privacy\/.<\/li><li><strong>Almacenamiento, alojamiento y gesti\u00f3n de la infraestructura de backend:<\/strong> para gestionar la infraestructura t\u00e9cnica de almacenamiento de los datos de los usuarios.Los datos personales se comunican a https:\/\/www.ovh.it\/protezione-dati-personali\/<\/li><li><strong>Estad\u00edsticas s\u00f3lo con datos an\u00f3nimos:<\/strong> para realizar an\u00e1lisis estad\u00edsticos basados en datos agregados o que no permitan identificar al Usuario.Los Datos Personales se comunican a https:\/\/policies.google.com\/privacy.<\/li><\/ul><\/li><li>Modalidades de tratamientoEl tratamiento de los Datos Personales se lleva a cabo mediante herramientas inform\u00e1ticas y\/o telem\u00e1ticas, con modalidades organizativas y l\u00f3gicas estrictamente relacionadas con las finalidades indicadas. En algunos casos, tambi\u00e9n pueden tener acceso a los Datos Personales sujetos implicados en la organizaci\u00f3n del Responsable del tratamiento (como, por ejemplo, personal de gesti\u00f3n de personal, personal de ventas, administradores de sistemas, etc.) o sujetos externos (como empresas inform\u00e1ticas, proveedores de servicios, mensajeros postales, proveedores de alojamiento, etc.). Estas personas podr\u00e1n ser nombradas Encargados del Tratamiento por el Responsable del Tratamiento, y podr\u00e1n tener acceso a los Datos Personales de los Usuarios siempre que sea necesario y estar\u00e1n obligados contractualmente a mantener la confidencialidad de los Datos Personales. La lista actualizada de Encargados del Tratamiento puede solicitarse por correo electr\u00f3nico a info@wildenherbals.com.<\/li><li>Base jur\u00eddica del tratamientoEl tratamiento de los Datos Personales relativos al Usuario se basa en las siguientes bases jur\u00eddicas:Siempre puedes pedir al Responsable del Tratamiento que aclare la base jur\u00eddica de cada tratamiento en info@wildenherbals.com.<ul><li>el consentimiento dado por el Usuario para uno o m\u00e1s fines espec\u00edficos;<\/li><li>el tratamiento es necesario para la ejecuci\u00f3n de un contrato con el Usuario y\/o la ejecuci\u00f3n de medidas precontractuales<\/li><li>el tratamiento es necesario para cumplir una obligaci\u00f3n legal a la que est\u00e1 sujeto el responsable del tratamiento<\/li><li>el tratamiento es necesario para el cumplimiento de una misi\u00f3n de inter\u00e9s p\u00fablico o en el ejercicio de poderes p\u00fablicos conferidos al responsable del tratamiento<\/li><li>el tratamiento es necesario para la consecuci\u00f3n del inter\u00e9s leg\u00edtimo del responsable del tratamiento o de terceros<\/li><li>el tratamiento es necesario para la consecuci\u00f3n de un inter\u00e9s vital del responsable del tratamiento o de un tercero.<\/li><\/ul><\/li><li>Ubicaci\u00f3nLos Datos Personales se procesan en los locales del Responsable del Tratamiento y en cualquier otro lugar donde se encuentren las partes implicadas en el tratamiento. Para m\u00e1s informaci\u00f3n, ponte en contacto con el propietario en la siguiente direcci\u00f3n de correo electr\u00f3nico info@wildenherbals.com o en la siguiente direcci\u00f3n postal via carlo farini 6, Milano 20154 Italia .<\/li><li>Medidas de seguridadEl Tratamiento se realiza de forma y con instrumentos que garantizan la seguridad y confidencialidad de los Datos Personales, habiendo adoptado el Responsable del Tratamiento las medidas t\u00e9cnicas y organizativas apropiadas que garantizan y permiten demostrar que el Tratamiento se realiza de conformidad con la legislaci\u00f3n aplicable.<\/li><li>Periodo de conservaci\u00f3n de los datosLos Datos Personales se conservar\u00e1n durante el periodo de tiempo necesario para cumplir los fines para los que fueron recogidos. En particular, los Datos Personales se conservar\u00e1n durante toda la duraci\u00f3n de la relaci\u00f3n contractual, para la ejecuci\u00f3n de los cumplimientos inherentes y consecuentes a la misma, para el cumplimiento de las obligaciones legales y reglamentarias aplicables, as\u00ed como para fines de defensa propios o de terceros.Cuando el tratamiento de los Datos Personales se base en el consentimiento del Usuario, el Responsable podr\u00e1 conservar los Datos Personales hasta que dicho consentimiento sea revocado.Los Datos Personales podr\u00e1n ser conservados durante un periodo m\u00e1s largo si es necesario para cumplir una obligaci\u00f3n legal o por orden de una autoridad.Todos los Datos Personales ser\u00e1n eliminados o conservados de forma que no permitan la identificaci\u00f3n del Usuario en un plazo de 30 d\u00edas tras la finalizaci\u00f3n del periodo de conservaci\u00f3n. Una vez finalizado este periodo, ya no podr\u00e1n ejercerse los derechos de acceso, cancelaci\u00f3n, rectificaci\u00f3n y portabilidad de los Datos Personales.<\/li><li>Procesos automatizados de toma de decisionesTodos los Datos Personales recogidos no ser\u00e1n objeto de ning\u00fan proceso automatizado de toma de decisiones, incluida la elaboraci\u00f3n de perfiles, que pueda producir efectos jur\u00eddicos para la persona o que pueda afectarle de forma significativa.<\/li><li>Derechos de los usuariosLos usuarios pueden ejercer ciertos derechos con respecto a los Datos Personales procesados por el Controlador. En particular, el Usuario tiene derecho a:Para ejercer sus derechos, los Usuarios pueden dirigir una solicitud a los datos de contacto del Responsable del Tratamiento indicados en este documento. Las solicitudes se realizan de forma gratuita y son tramitadas por el Titular lo antes posible, en cualquier caso en un plazo de 30 d\u00edas.<ul><li>retirar su consentimiento en cualquier momento;<\/li><li>oponerse al tratamiento de sus Datos Personales;<\/li><li>acceder a sus Datos Personales;<\/li><li>comprobar y solicitar la rectificaci\u00f3n;<\/li><li>obtener la restricci\u00f3n del tratamiento;<\/li><li>obtener la supresi\u00f3n de sus Datos Personales;<\/li><li>recibir sus Datos Personales o hacer que se transfieran a otro responsable del tratamiento;<\/li><li>presentar una reclamaci\u00f3n ante la Autoridad de Control de Protecci\u00f3n de Datos y\/o emprender acciones legales.<\/li><\/ul><\/li><li>Responsable del tratamientoEl Responsable del tratamiento es Wilden srl , con domicilio social en Via Carlo Farini 6, 20154, Mil\u00e1n , CIF\/NIF n\u00ba IT10575530968, direcci\u00f3n de correo electr\u00f3nico info@wildenherbals.com.<\/li><\/ol>\n\n<p>\u00daltima actualizaci\u00f3n: 13\/07\/2020<\/p>\n","protected":false},"excerpt":{"rendered":"<p>El objeto del presente documento (en adelante, la\u00abPol\u00edtica de Privacidad\u00ab) es informar a los Usuarios sobre los datos personales, entendidos como cualquier informaci\u00f3n que permita la identificaci\u00f3n de una persona f\u00edsica (en adelante, los\u00abDatos Personales\u00ab), recogidos por el sitio web www.wildenherbals.com (en adelante, la \u00abAplicaci\u00f3n\u00bb). El Responsable del Tratamiento, tal y como se identifica a [&hellip;]<\/p>\n","protected":false},"author":2,"featured_media":0,"parent":0,"menu_order":0,"comment_status":"closed","ping_status":"open","template":"","meta":{"_acf_changed":false,"inline_featured_image":false,"_mbp_gutenberg_autopost":false,"footnotes":""},"class_list":["post-26537","page","type-page","status-publish","hentry"],"acf":[],"_links":{"self":[{"href":"https:\/\/wildenherbals.com\/es\/wp-json\/wp\/v2\/pages\/26537","targetHints":{"allow":["GET"]}}],"collection":[{"href":"https:\/\/wildenherbals.com\/es\/wp-json\/wp\/v2\/pages"}],"about":[{"href":"https:\/\/wildenherbals.com\/es\/wp-json\/wp\/v2\/types\/page"}],"author":[{"embeddable":true,"href":"https:\/\/wildenherbals.com\/es\/wp-json\/wp\/v2\/users\/2"}],"replies":[{"embeddable":true,"href":"https:\/\/wildenherbals.com\/es\/wp-json\/wp\/v2\/comments?post=26537"}],"version-history":[{"count":2,"href":"https:\/\/wildenherbals.com\/es\/wp-json\/wp\/v2\/pages\/26537\/revisions"}],"predecessor-version":[{"id":40382,"href":"https:\/\/wildenherbals.com\/es\/wp-json\/wp\/v2\/pages\/26537\/revisions\/40382"}],"wp:attachment":[{"href":"https:\/\/wildenherbals.com\/es\/wp-json\/wp\/v2\/media?parent=26537"}],"curies":[{"name":"wp","href":"https:\/\/api.w.org\/{rel}","templated":true}]}}