{"id":26473,"date":"2023-07-18T10:24:05","date_gmt":"2023-07-18T08:24:05","guid":{"rendered":"https:\/\/wildenherbals.com\/socios\/"},"modified":"2025-05-31T15:21:18","modified_gmt":"2025-05-31T13:21:18","slug":"partners","status":"publish","type":"page","link":"https:\/\/wildenherbals.com\/es\/partners\/","title":{"rendered":"Socios"},"content":{"rendered":"\n<p>Cuidado, atenci\u00f3n al detalle y a la calidad, creatividad y experimentaci\u00f3n son s\u00f3lo algunas de las caracter\u00edsticas de las empresas asociadas que hemos seleccionado.<\/p>\n\n<p>Este proyecto nace del deseo de crear un sistema,<br\/>para crear una red virtuosa de productos y artesanos capaces de entusiasmarte. Todos los d\u00edas.<\/p>\n","protected":false},"excerpt":{"rendered":"<p>Cuidado, atenci\u00f3n al detalle y a la calidad, creatividad y experimentaci\u00f3n son s\u00f3lo algunas de las caracter\u00edsticas de las empresas asociadas que hemos seleccionado. Este proyecto nace del deseo de crear un sistema,para crear una red virtuosa de productos y artesanos capaces de entusiasmarte. Todos los d\u00edas.<\/p>\n","protected":false},"author":2,"featured_media":0,"parent":0,"menu_order":0,"comment_status":"closed","ping_status":"closed","template":"","meta":{"_acf_changed":false,"inline_featured_image":false,"_mbp_gutenberg_autopost":false,"footnotes":""},"class_list":["post-26473","page","type-page","status-publish","hentry"],"acf":[],"_links":{"self":[{"href":"https:\/\/wildenherbals.com\/es\/wp-json\/wp\/v2\/pages\/26473","targetHints":{"allow":["GET"]}}],"collection":[{"href":"https:\/\/wildenherbals.com\/es\/wp-json\/wp\/v2\/pages"}],"about":[{"href":"https:\/\/wildenherbals.com\/es\/wp-json\/wp\/v2\/types\/page"}],"author":[{"embeddable":true,"href":"https:\/\/wildenherbals.com\/es\/wp-json\/wp\/v2\/users\/2"}],"replies":[{"embeddable":true,"href":"https:\/\/wildenherbals.com\/es\/wp-json\/wp\/v2\/comments?post=26473"}],"version-history":[{"count":3,"href":"https:\/\/wildenherbals.com\/es\/wp-json\/wp\/v2\/pages\/26473\/revisions"}],"predecessor-version":[{"id":44164,"href":"https:\/\/wildenherbals.com\/es\/wp-json\/wp\/v2\/pages\/26473\/revisions\/44164"}],"wp:attachment":[{"href":"https:\/\/wildenherbals.com\/es\/wp-json\/wp\/v2\/media?parent=26473"}],"curies":[{"name":"wp","href":"https:\/\/api.w.org\/{rel}","templated":true}]}}