{"id":26464,"date":"2023-07-18T10:24:02","date_gmt":"2023-07-18T08:24:02","guid":{"rendered":"https:\/\/wildenherbals.com\/como-funciona-una-suscripcion\/"},"modified":"2025-05-30T15:48:46","modified_gmt":"2025-05-30T13:48:46","slug":"como-funciona-una-suscripcion","status":"publish","type":"page","link":"https:\/\/wildenherbals.com\/es\/como-funciona-una-suscripcion\/","title":{"rendered":"\u00bfC\u00f3mo funciona una suscripci\u00f3n?"},"content":{"rendered":"&#13;\n<p>La suscripci\u00f3n a <em>Wilden.herbals<\/em> te permite recibir trimestralmente en tu domicilio una <strong>mezcla de infusiones<\/strong> de tu elecci\u00f3n de la l\u00ednea <em>Remedia<\/em>.<\/p>&#13;\n&#13;\n<p><strong>\u00bfCu\u00e1ntas infusiones?  <\/strong><\/p>&#13;\n&#13;\n<p>En el momento de la compra, puedes seleccionar la tisana que prefieras y la cantidad que mejor se adapte a tus necesidades: <strong>60, 90, 150 o 300 bolsitas<\/strong>.<\/p>&#13;\n&#13;\n<p><strong>\u00bfPor qu\u00e9 suscribirse?<\/strong><\/p>&#13;\n&#13;\n<p>La cadencia fija -cada tres meses- nos permite reducir el n\u00famero de env\u00edos para tener un menor impacto ecol\u00f3gico y le ayuda a elegir el n\u00famero de infusiones que m\u00e1s le conviene: \u00bfcu\u00e1ntas beber\u00e1 en los pr\u00f3ximos tres meses? 60, 90 o 150?<\/p>&#13;\n&#13;\n<p><strong>\u00bfQu\u00e9 ventajas tengo con la suscripci\u00f3n?<\/strong><\/p>&#13;\n&#13;\n<p>Adem\u00e1s, con cada entrega recibir\u00e1 un <strong>regalo <\/strong>de nuestra parte que reflejar\u00e1 la estacionalidad del momento &#8211; \u00bfpensaba que cada vez que reciba infusiones estar\u00e1 en una estaci\u00f3n diferente? &#8211; y una copia en PDF de nuestra <strong>revista<\/strong>.<\/p>&#13;\n&#13;\n<p>Una vez que haya a\u00f1adido la suscripci\u00f3n a su cesta, puede continuar con otras compras o proceder al pago. Se le pedir\u00e1 que abone la primera cuota trimestral (47,50 euros por 60 sobres, 71,50 euros por 90 sobres y 118,00 euros por 150 sobres).<\/p>&#13;\n&#13;\n<p><strong>\u00bfCu\u00e1nto dura una suscripci\u00f3n?  <\/strong><\/p>&#13;\n&#13;\n<p>Una vez activada, la suscripci\u00f3n permanecer\u00e1 activa hasta que decida suspenderla. Cada 3 meses el sistema realizar\u00e1 el pago utilizando la tarjeta de cr\u00e9dito que haya introducido. <strong>No puede utilizar PayPal o SatiSpay como m\u00e9todo de pago para su suscripci\u00f3n<\/strong>.<\/p>&#13;\n&#13;\n<p>Para suspender su suscripci\u00f3n, puede hacer clic en el bot\u00f3n \u00abCancelar\u00bb dentro de la pesta\u00f1a de suscripci\u00f3n de su cuenta, en \u00abSuscripciones\u00bb.<\/p>&#13;\n&#13;\n<p><strong>\u00bfCu\u00e1ntas personas pueden utilizar la suscripci\u00f3n?<\/strong><\/p>&#13;\n&#13;\n<p>\u00a1Hasta 3 personas! Puede compartir su suscripci\u00f3n a Wilden.herbals con colegas y amigos.  <br\/>S\u00f3lo tiene que indicar el nombre, apellidos y correo electr\u00f3nico de las personas que compartir\u00e1n con usted infusiones y beneficios.  <\/p>&#13;\n&#13;\n<p><strong>\u00bfEs posible cambiar la cantidad\/tipo de infusiones de mi suscripci\u00f3n?<\/strong><\/p>&#13;\n&#13;\n<p>Para <strong>cambiar la mezcla de tu suscripci\u00f3n<\/strong> o la <strong>cantidad de<\/strong> sobres que deseas recibir, escribe un correo electr\u00f3nico a <a href=\"mailto:info@wildenherbals.com\">info@wildenherbals.com<\/a> indicando tu n\u00famero de suscripci\u00f3n y los cambios que deseas hacer. Por favor, solicite cualquier cambio hasta 7 d\u00edas antes de la pr\u00f3xima presentaci\u00f3n para que podamos hacernos cargo de su solicitud.<\/p>&#13;\n&#13;\n<p>Para cualquier informaci\u00f3n, no dudes en escribir a nuestro <em>Servicio de Atenci\u00f3n al Cliente<\/em> haciendo clic en el icono de la parte inferior derecha o enviando un correo electr\u00f3nico a <a href=\"mailto:info@wildenherbals.com\">info@wildenherbals.com.<\/a><\/p>&#13;\n&#13;\n<p>\u00a1Disfrute de su suscripci\u00f3n!<\/p>&#13;\n&#13;\n<p>#ShareYourNature<\/p>&#13;\n","protected":false},"excerpt":{"rendered":"<p>&#13; La suscripci\u00f3n a Wilden.herbals te permite recibir trimestralmente en tu domicilio una mezcla de infusiones de tu elecci\u00f3n de la l\u00ednea Remedia. &#13; &#13; \u00bfCu\u00e1ntas infusiones? &#13; &#13; En el momento de la compra, puedes seleccionar la tisana que prefieras y la cantidad que mejor se adapte a tus necesidades: 60, 90, 150 o [&hellip;]<\/p>\n","protected":false},"author":2,"featured_media":0,"parent":0,"menu_order":0,"comment_status":"closed","ping_status":"closed","template":"","meta":{"_acf_changed":false,"inline_featured_image":false,"_mbp_gutenberg_autopost":false,"footnotes":""},"class_list":["post-26464","page","type-page","status-publish","hentry"],"acf":[],"_links":{"self":[{"href":"https:\/\/wildenherbals.com\/es\/wp-json\/wp\/v2\/pages\/26464","targetHints":{"allow":["GET"]}}],"collection":[{"href":"https:\/\/wildenherbals.com\/es\/wp-json\/wp\/v2\/pages"}],"about":[{"href":"https:\/\/wildenherbals.com\/es\/wp-json\/wp\/v2\/types\/page"}],"author":[{"embeddable":true,"href":"https:\/\/wildenherbals.com\/es\/wp-json\/wp\/v2\/users\/2"}],"replies":[{"embeddable":true,"href":"https:\/\/wildenherbals.com\/es\/wp-json\/wp\/v2\/comments?post=26464"}],"version-history":[{"count":2,"href":"https:\/\/wildenherbals.com\/es\/wp-json\/wp\/v2\/pages\/26464\/revisions"}],"predecessor-version":[{"id":40351,"href":"https:\/\/wildenherbals.com\/es\/wp-json\/wp\/v2\/pages\/26464\/revisions\/40351"}],"wp:attachment":[{"href":"https:\/\/wildenherbals.com\/es\/wp-json\/wp\/v2\/media?parent=26464"}],"curies":[{"name":"wp","href":"https:\/\/api.w.org\/{rel}","templated":true}]}}