{"id":51054,"date":"2026-05-05T10:15:05","date_gmt":"2026-05-05T08:15:05","guid":{"rendered":"https:\/\/wildenherbals.com\/?post_type=product&#038;p=51054"},"modified":"2026-05-08T14:13:34","modified_gmt":"2026-05-08T12:13:34","slug":"botanica-propria-kamille-schachtel-10-stk-copia-copia-copia-copia-copia","status":"publish","type":"product","link":"https:\/\/wildenherbals.com\/de\/shop\/krautertees\/botanica-propria-kamille-schachtel-10-stk-copia-copia-copia-copia-copia\/","title":{"rendered":"Levante &#8211; SoftPack 16St\u00fcck"},"content":{"rendered":"<p>Eine k\u00fchle, erfrischende Brise kommt aus dem Osten.<\/p>\n<p><strong>Levante<\/strong> ist eine Mischung auf Basis von Sencha-Gr\u00fcntee, angereichert mit Minze, Ingwer, Thymian und S\u00fc\u00dfholz. Das Ergebnis ist ein ausgewogener, frischer und leicht gew\u00fcrzter Aufguss, der perfekt ist, um die Sinne zu stimulieren und w\u00e4rmere Tage zu begleiten. <\/p>\n<p>Eine dynamische und harmonische Mischung, ideal f\u00fcr alle, die Energie und Leichtigkeit in einer einzigen Tasse suchen.<\/p>\n<p><strong>Kompatibel mit dem Herbpress-System.<\/strong><\/p>\n","protected":false},"excerpt":{"rendered":"<p>Kr\u00e4utertee mit <strong data-start=\"89\" data-end=\"106\">Zitronenverbene<\/strong>, ideal zur Unterst\u00fctzung der <strong data-start=\"128\" data-end=\"150\">Verdauung und zur Entspannung<\/strong>. Jede Packung enth\u00e4lt <strong data-start=\"177\" data-end=\"199\">20 quadratische<\/strong> <strong data-start=\"230\" data-end=\"243\">Herbpress-kompatible<\/strong> <strong data-start=\"177\" data-end=\"199\">Filter<\/strong>. Mit seinem <strong data-start=\"257\" data-end=\"288\">frischen, zitrusartigen und nat\u00fcrlichen<\/strong> Geschmack ist er perfekt f\u00fcr jede Tageszeit.  <\/p>\n","protected":false},"featured_media":51135,"template":"","meta":{"_acf_changed":false,"inline_featured_image":false,"_mbp_gutenberg_autopost":false},"product_brand":[],"product_cat":[550],"product_tag":[],"partner":[],"line":[1799],"class_list":{"0":"post-51054","1":"product","2":"type-product","3":"status-publish","4":"has-post-thumbnail","6":"product_cat-krautertees","7":"product_shipping_class-herbpress-spedizione-da-it-de","8":"line-fresh-line","10":"first","11":"onbackorder","12":"taxable","13":"shipping-taxable","14":"purchasable","15":"product-type-simple"},"bundle_layout":"","bundled_by":[],"bundled_items":[],"acf":[],"_links":{"self":[{"href":"https:\/\/wildenherbals.com\/de\/wp-json\/wp\/v2\/product\/51054","targetHints":{"allow":["GET"]}}],"collection":[{"href":"https:\/\/wildenherbals.com\/de\/wp-json\/wp\/v2\/product"}],"about":[{"href":"https:\/\/wildenherbals.com\/de\/wp-json\/wp\/v2\/types\/product"}],"wp:featuredmedia":[{"embeddable":true,"href":"https:\/\/wildenherbals.com\/de\/wp-json\/wp\/v2\/media\/51135"}],"wp:attachment":[{"href":"https:\/\/wildenherbals.com\/de\/wp-json\/wp\/v2\/media?parent=51054"}],"wp:term":[{"taxonomy":"product_brand","embeddable":true,"href":"https:\/\/wildenherbals.com\/de\/wp-json\/wp\/v2\/product_brand?post=51054"},{"taxonomy":"product_cat","embeddable":true,"href":"https:\/\/wildenherbals.com\/de\/wp-json\/wp\/v2\/product_cat?post=51054"},{"taxonomy":"product_tag","embeddable":true,"href":"https:\/\/wildenherbals.com\/de\/wp-json\/wp\/v2\/product_tag?post=51054"},{"taxonomy":"partner","embeddable":true,"href":"https:\/\/wildenherbals.com\/de\/wp-json\/wp\/v2\/partner?post=51054"},{"taxonomy":"line","embeddable":true,"href":"https:\/\/wildenherbals.com\/de\/wp-json\/wp\/v2\/line?post=51054"}],"curies":[{"name":"wp","href":"https:\/\/api.w.org\/{rel}","templated":true}]}}