{"id":51042,"date":"2026-05-05T10:04:52","date_gmt":"2026-05-05T08:04:52","guid":{"rendered":"https:\/\/wildenherbals.com\/?post_type=product&#038;p=51042"},"modified":"2026-05-11T07:24:54","modified_gmt":"2026-05-11T05:24:54","slug":"botanica-propria-kamille-schachtel-10-stk-copia-copia-copia","status":"publish","type":"product","link":"https:\/\/wildenherbals.com\/de\/shop\/krautertees\/botanica-propria-kamille-schachtel-10-stk-copia-copia-copia\/","title":{"rendered":"Kakao, Cascara &#8211; Schachtel 10St."},"content":{"rendered":"<p>Ein \u00fcberraschender und einh\u00fcllender Aufguss, der aus einem wertvollen Teil des<br \/>\nKakaos gewonnen wird: der Cascara, der Schale der Bohne.<\/p>\n<p><strong>Cacao, Cascara<\/strong> bietet ein einzigartiges Geschmacksprofil, nat\u00fcrlich s\u00fc\u00df und zart fruchtig, mit leichten Noten, die an Honig, rote Fr\u00fcchte und Schokolade erinnern. Ein eleganter und nachhaltiger Kr\u00e4utertee, perfekt f\u00fcr alle, die eine theinfreie Alternative oder eine warme Pause mit einem runden, beruhigenden Geschmack suchen. <\/p>\n<p>Cascara wird in den s\u00fcdamerikanischen Kulturen seit jeher als traditionelles Getr\u00e4nk verwendet. Heute ist sie in einer modernen, einfachen und authentischen Version wieder im Rampenlicht.<\/p>\n","protected":false},"excerpt":{"rendered":"<p>Kr\u00e4utertee mit <strong data-start=\"89\" data-end=\"106\">Zitronenverbene<\/strong>, ideal zur Unterst\u00fctzung der <strong data-start=\"128\" data-end=\"150\">Verdauung und zur Entspannung<\/strong>. Jede Packung enth\u00e4lt <strong data-start=\"177\" data-end=\"199\">20 quadratische<\/strong> <strong data-start=\"230\" data-end=\"243\">Herbpress-kompatible<\/strong> <strong data-start=\"177\" data-end=\"199\">Filter<\/strong>. Mit seinem <strong data-start=\"257\" data-end=\"288\">frischen, zitrusartigen und nat\u00fcrlichen<\/strong> Geschmack ist er perfekt f\u00fcr jede Tageszeit.  <\/p>\n","protected":false},"featured_media":51093,"template":"","meta":{"_acf_changed":false,"inline_featured_image":false,"_mbp_gutenberg_autopost":false},"product_brand":[],"product_cat":[550],"product_tag":[],"partner":[],"line":[1781],"class_list":{"0":"post-51042","1":"product","2":"type-product","3":"status-publish","4":"has-post-thumbnail","6":"product_cat-krautertees","7":"product_shipping_class-herbpress-spedizione-da-it-de","8":"line-eigene-botanik-linie","10":"first","11":"onbackorder","12":"taxable","13":"shipping-taxable","14":"purchasable","15":"product-type-simple"},"bundle_layout":"","bundled_by":[],"bundled_items":[],"acf":[],"_links":{"self":[{"href":"https:\/\/wildenherbals.com\/de\/wp-json\/wp\/v2\/product\/51042","targetHints":{"allow":["GET"]}}],"collection":[{"href":"https:\/\/wildenherbals.com\/de\/wp-json\/wp\/v2\/product"}],"about":[{"href":"https:\/\/wildenherbals.com\/de\/wp-json\/wp\/v2\/types\/product"}],"wp:featuredmedia":[{"embeddable":true,"href":"https:\/\/wildenherbals.com\/de\/wp-json\/wp\/v2\/media\/51093"}],"wp:attachment":[{"href":"https:\/\/wildenherbals.com\/de\/wp-json\/wp\/v2\/media?parent=51042"}],"wp:term":[{"taxonomy":"product_brand","embeddable":true,"href":"https:\/\/wildenherbals.com\/de\/wp-json\/wp\/v2\/product_brand?post=51042"},{"taxonomy":"product_cat","embeddable":true,"href":"https:\/\/wildenherbals.com\/de\/wp-json\/wp\/v2\/product_cat?post=51042"},{"taxonomy":"product_tag","embeddable":true,"href":"https:\/\/wildenherbals.com\/de\/wp-json\/wp\/v2\/product_tag?post=51042"},{"taxonomy":"partner","embeddable":true,"href":"https:\/\/wildenherbals.com\/de\/wp-json\/wp\/v2\/partner?post=51042"},{"taxonomy":"line","embeddable":true,"href":"https:\/\/wildenherbals.com\/de\/wp-json\/wp\/v2\/line?post=51042"}],"curies":[{"name":"wp","href":"https:\/\/api.w.org\/{rel}","templated":true}]}}