{"id":51036,"date":"2026-05-05T09:59:40","date_gmt":"2026-05-05T07:59:40","guid":{"rendered":"https:\/\/wildenherbals.com\/?post_type=product&#038;p=51036"},"modified":"2026-05-11T07:23:07","modified_gmt":"2026-05-11T05:23:07","slug":"botanica-propria-kamille-schachtel-10-stk-copia-copia","status":"publish","type":"product","link":"https:\/\/wildenherbals.com\/de\/shop\/krautertees\/botanica-propria-kamille-schachtel-10-stk-copia-copia\/","title":{"rendered":"Earl Grey &#8211; Schachtel 10St\u00fcck"},"content":{"rendered":"<p>Elegant, zitrusartig, zeitlos.<\/p>\n<p><strong>Earl Grey<\/strong> ist ein raffinierter schwarzer Tee, der mit \u00e4therischem Bergamotte\u00f6l aromatisiert ist, das dem Aufguss eine unverwechselbare frische und zitrusartige Note verleiht. Das Ergebnis ist eine perfekte Balance aus Intensit\u00e4t und Leichtigkeit, ideal f\u00fcr eine anspruchsvolle Pause zu jeder Tageszeit. <\/p>\n<p>Ein gro\u00dfer Klassiker, neu interpretiert mit ausgew\u00e4hlten Rohstoffen und einem klaren, nat\u00fcrlichen Geschmacksprofil.<\/p>\n","protected":false},"excerpt":{"rendered":"<p>Kr\u00e4utertee mit <strong data-start=\"89\" data-end=\"106\">Zitronenverbene<\/strong>, ideal zur Unterst\u00fctzung der <strong data-start=\"128\" data-end=\"150\">Verdauung und zur Entspannung<\/strong>. Jede Packung enth\u00e4lt <strong data-start=\"177\" data-end=\"199\">20 quadratische<\/strong> <strong data-start=\"230\" data-end=\"243\">Herbpress-kompatible<\/strong> <strong data-start=\"177\" data-end=\"199\">Filter<\/strong>. Mit seinem <strong data-start=\"257\" data-end=\"288\">frischen, zitrusartigen und nat\u00fcrlichen<\/strong> Geschmack ist er perfekt f\u00fcr jede Tageszeit.  <\/p>\n","protected":false},"featured_media":51099,"template":"","meta":{"_acf_changed":false,"inline_featured_image":false,"_mbp_gutenberg_autopost":false},"product_brand":[],"product_cat":[550],"product_tag":[],"partner":[],"line":[1784],"class_list":{"0":"post-51036","1":"product","2":"type-product","3":"status-publish","4":"has-post-thumbnail","6":"product_cat-krautertees","7":"product_shipping_class-herbpress-spedizione-da-it-de","8":"line-tee-low-caffeine-linie","10":"first","11":"onbackorder","12":"taxable","13":"shipping-taxable","14":"purchasable","15":"product-type-simple"},"bundle_layout":"","bundled_by":[],"bundled_items":[],"acf":[],"_links":{"self":[{"href":"https:\/\/wildenherbals.com\/de\/wp-json\/wp\/v2\/product\/51036","targetHints":{"allow":["GET"]}}],"collection":[{"href":"https:\/\/wildenherbals.com\/de\/wp-json\/wp\/v2\/product"}],"about":[{"href":"https:\/\/wildenherbals.com\/de\/wp-json\/wp\/v2\/types\/product"}],"wp:featuredmedia":[{"embeddable":true,"href":"https:\/\/wildenherbals.com\/de\/wp-json\/wp\/v2\/media\/51099"}],"wp:attachment":[{"href":"https:\/\/wildenherbals.com\/de\/wp-json\/wp\/v2\/media?parent=51036"}],"wp:term":[{"taxonomy":"product_brand","embeddable":true,"href":"https:\/\/wildenherbals.com\/de\/wp-json\/wp\/v2\/product_brand?post=51036"},{"taxonomy":"product_cat","embeddable":true,"href":"https:\/\/wildenherbals.com\/de\/wp-json\/wp\/v2\/product_cat?post=51036"},{"taxonomy":"product_tag","embeddable":true,"href":"https:\/\/wildenherbals.com\/de\/wp-json\/wp\/v2\/product_tag?post=51036"},{"taxonomy":"partner","embeddable":true,"href":"https:\/\/wildenherbals.com\/de\/wp-json\/wp\/v2\/partner?post=51036"},{"taxonomy":"line","embeddable":true,"href":"https:\/\/wildenherbals.com\/de\/wp-json\/wp\/v2\/line?post=51036"}],"curies":[{"name":"wp","href":"https:\/\/api.w.org\/{rel}","templated":true}]}}