{"id":47967,"date":"2025-10-14T12:38:29","date_gmt":"2025-10-14T10:38:29","guid":{"rendered":"https:\/\/wildenherbals.com\/?post_type=product&#038;p=47967"},"modified":"2025-12-03T13:01:58","modified_gmt":"2025-12-03T12:01:58","slug":"kinto-to-go-becher-360ml-copia","status":"publish","type":"product","link":"https:\/\/wildenherbals.com\/de\/shop\/zubehor\/kinto-to-go-becher-360ml-copia\/","title":{"rendered":"Kinto To Go Trinkbecher 360ml &#8211; Grau"},"content":{"rendered":"<p>Der TO GO TUMBLER ist ideal f\u00fcr verschiedene Situationen w\u00e4hrend des Tages, egal ob Sie zur Arbeit gehen, Auto fahren oder sich entspannen.<\/p>\n<p>Die neue Version ist mit einem Deckel ausgestattet, der ein Versch\u00fctten w\u00e4hrend der Reise verhindert. Der drehbare Deckel l\u00e4sst sich leicht \u00f6ffnen und schlie\u00dfen und erm\u00f6glicht so ein einfaches Trinken. <\/p>\n<p>Der Deckel ist minimal strukturiert f\u00fcr bequemes Trinken.<\/p>\n<p>Das vakuumisolierte Glas bewahrt die Temperatur und den Geschmack von Getr\u00e4nken f\u00fcr lange Zeit und die konische Form erm\u00f6glicht einen einfachen Transport.<\/p>\n<p>Das schlichte Design mit seiner matten Struktur und den gedeckten Farben bringt Entspannung f\u00fcr unterwegs.<\/p>\n","protected":false},"excerpt":{"rendered":"<p>TO GO TUMBLER ist Ihr idealer Begleiter zu verschiedenen Tageszeiten: auf dem Weg zur Arbeit, beim Autofahren oder auch nur zum Entspannen. Der Deckel hat eine minimale Struktur f\u00fcr bequemes Trinken. Das vakuumisolierte Glas bewahrt die Temperatur und den Geschmack von Getr\u00e4nken f\u00fcr lange Zeit. Die verj\u00fcngte Form erm\u00f6glicht einen einfachen Transport.  Das schlichte Design mit seiner matten Textur und den gedeckten Farben sorgt auch unterwegs f\u00fcr Entspannung.<\/p>\n","protected":false},"featured_media":0,"template":"","meta":{"_acf_changed":false,"inline_featured_image":false,"_mbp_gutenberg_autopost":false},"product_brand":[],"product_cat":[570],"product_tag":[],"partner":[],"line":[],"class_list":{"0":"post-47967","1":"product","2":"type-product","3":"status-publish","5":"product_cat-zubehor","7":"first","8":"instock","9":"taxable","10":"shipping-taxable","11":"purchasable","12":"product-type-simple"},"bundle_layout":"","bundled_by":[],"bundled_items":[],"acf":[],"_links":{"self":[{"href":"https:\/\/wildenherbals.com\/de\/wp-json\/wp\/v2\/product\/47967","targetHints":{"allow":["GET"]}}],"collection":[{"href":"https:\/\/wildenherbals.com\/de\/wp-json\/wp\/v2\/product"}],"about":[{"href":"https:\/\/wildenherbals.com\/de\/wp-json\/wp\/v2\/types\/product"}],"wp:attachment":[{"href":"https:\/\/wildenherbals.com\/de\/wp-json\/wp\/v2\/media?parent=47967"}],"wp:term":[{"taxonomy":"product_brand","embeddable":true,"href":"https:\/\/wildenherbals.com\/de\/wp-json\/wp\/v2\/product_brand?post=47967"},{"taxonomy":"product_cat","embeddable":true,"href":"https:\/\/wildenherbals.com\/de\/wp-json\/wp\/v2\/product_cat?post=47967"},{"taxonomy":"product_tag","embeddable":true,"href":"https:\/\/wildenherbals.com\/de\/wp-json\/wp\/v2\/product_tag?post=47967"},{"taxonomy":"partner","embeddable":true,"href":"https:\/\/wildenherbals.com\/de\/wp-json\/wp\/v2\/partner?post=47967"},{"taxonomy":"line","embeddable":true,"href":"https:\/\/wildenherbals.com\/de\/wp-json\/wp\/v2\/line?post=47967"}],"curies":[{"name":"wp","href":"https:\/\/api.w.org\/{rel}","templated":true}]}}