{"id":47315,"date":"2025-10-07T12:53:15","date_gmt":"2025-10-07T10:53:15","guid":{"rendered":"https:\/\/wildenherbals.com\/?post_type=product&#038;p=47315"},"modified":"2025-12-10T12:47:42","modified_gmt":"2025-12-10T11:47:42","slug":"remedium-bio-krautertee-nr-8-wiedergeboren-copia","status":"publish","type":"product","link":"https:\/\/wildenherbals.com\/de\/shop\/krautertees\/remedium-bio-krautertee-nr-8-wiedergeboren-copia\/","title":{"rendered":"Gr\u00fcner Tee Sencha"},"content":{"rendered":"<p>Sencha geh\u00f6rt zu den beliebtesten Gr\u00fcntees und ist ein Fest der Frische und Reinheit. Er zeichnet sich durch einen lebendigen, pflanzlichen Geschmack aus, der an frisch gem\u00e4htes Gras erinnert, begleitet von einem s\u00fc\u00dflichen, ausgewogenen Nachgeschmack. Ideal f\u00fcr alle, die eine verj\u00fcngende und wohltuende Pause<br \/>\nsuchen, verwandelt Sencha jeden Schluck in einen Moment der nat\u00fcrlichen Harmonie.  <\/p>\n","protected":false},"excerpt":{"rendered":"<p>Sencha geh\u00f6rt zu den beliebtesten Gr\u00fcntees und ist ein Fest der Frische und Reinheit. Er zeichnet sich durch einen lebendigen, pflanzlichen Geschmack aus, der an frisch gem\u00e4htes Gras erinnert, begleitet von einem s\u00fc\u00dflichen, ausgewogenen Nachgeschmack. Ideal f\u00fcr alle, die eine verj\u00fcngende und wohltuende Pause suchen, verwandelt Sencha jeden Schluck in einen Moment der nat\u00fcrlichen Harmonie.<\/p>\n","protected":false},"featured_media":47363,"template":"","meta":{"_acf_changed":false,"inline_featured_image":false,"_mbp_gutenberg_autopost":false},"product_brand":[],"product_cat":[550,551],"product_tag":[687,1529,1530,1528,552],"partner":[],"line":[1784],"class_list":{"0":"post-47315","1":"product","2":"type-product","3":"status-publish","4":"has-post-thumbnail","6":"product_cat-krautertees","7":"product_cat-im-beutel","8":"product_tag-entspannend","9":"product_tag-reinigend","10":"product_tag-reinigungsmittel","11":"product_tag-revitalisierung","12":"product_tag-wohlbefinden","13":"line-tee-low-caffeine-linie","15":"first","16":"instock","17":"taxable","18":"shipping-taxable","19":"purchasable","20":"product-type-variable"},"bundle_layout":"","bundled_by":[],"bundled_items":[],"acf":[],"_links":{"self":[{"href":"https:\/\/wildenherbals.com\/de\/wp-json\/wp\/v2\/product\/47315","targetHints":{"allow":["GET"]}}],"collection":[{"href":"https:\/\/wildenherbals.com\/de\/wp-json\/wp\/v2\/product"}],"about":[{"href":"https:\/\/wildenherbals.com\/de\/wp-json\/wp\/v2\/types\/product"}],"wp:featuredmedia":[{"embeddable":true,"href":"https:\/\/wildenherbals.com\/de\/wp-json\/wp\/v2\/media\/47363"}],"wp:attachment":[{"href":"https:\/\/wildenherbals.com\/de\/wp-json\/wp\/v2\/media?parent=47315"}],"wp:term":[{"taxonomy":"product_brand","embeddable":true,"href":"https:\/\/wildenherbals.com\/de\/wp-json\/wp\/v2\/product_brand?post=47315"},{"taxonomy":"product_cat","embeddable":true,"href":"https:\/\/wildenherbals.com\/de\/wp-json\/wp\/v2\/product_cat?post=47315"},{"taxonomy":"product_tag","embeddable":true,"href":"https:\/\/wildenherbals.com\/de\/wp-json\/wp\/v2\/product_tag?post=47315"},{"taxonomy":"partner","embeddable":true,"href":"https:\/\/wildenherbals.com\/de\/wp-json\/wp\/v2\/partner?post=47315"},{"taxonomy":"line","embeddable":true,"href":"https:\/\/wildenherbals.com\/de\/wp-json\/wp\/v2\/line?post=47315"}],"curies":[{"name":"wp","href":"https:\/\/api.w.org\/{rel}","templated":true}]}}