{"id":47196,"date":"2025-09-30T08:57:40","date_gmt":"2025-09-30T06:57:40","guid":{"rendered":"https:\/\/wildenherbals.com\/?post_type=product&#038;p=47196"},"modified":"2025-10-15T14:55:33","modified_gmt":"2025-10-15T12:55:33","slug":"herbpress-zitronen-eisenkraut-softpack-20-quadratische-filter-copia-copia-copia-copia-copia-copia-copia-copia-copia-copia-4","status":"publish","type":"product","link":"https:\/\/wildenherbals.com\/de\/shop\/krautertees\/herbpress-zitronen-eisenkraut-softpack-20-quadratische-filter-copia-copia-copia-copia-copia-copia-copia-copia-copia-copia-4\/","title":{"rendered":"Botanica Propria Minze &#8211; SoftPack 10 Stk."},"content":{"rendered":"<p>Mit seiner nat\u00fcrlichen Frische ist er ideal f\u00fcr einen belebenden Kr\u00e4utertee, der Geist und K\u00f6rper belebt und ein leichtes und erfrischendes Erlebnis bietet.<\/p>\n<p>Verzehrempfehlung: Jeder Beutel ist f\u00fcr die Verwendung in Wasser mit bis zu 500 ml Inhalt bestimmt.<\/p>\n","protected":false},"excerpt":{"rendered":"<p>Kr\u00e4utertee mit <strong data-start=\"89\" data-end=\"106\">Zitronenverbene<\/strong>, ideal zur Unterst\u00fctzung der <strong data-start=\"128\" data-end=\"150\">Verdauung und zur Entspannung<\/strong>. Jede Packung enth\u00e4lt <strong data-start=\"177\" data-end=\"199\">20 quadratische<\/strong> <strong data-start=\"230\" data-end=\"243\">Herbpress-kompatible<\/strong> <strong data-start=\"177\" data-end=\"199\">Filter<\/strong>. Mit seinem <strong data-start=\"257\" data-end=\"288\">frischen, zitrusartigen und nat\u00fcrlichen<\/strong> Geschmack ist er perfekt f\u00fcr jede Tageszeit.  <\/p>\n","protected":false},"featured_media":47653,"template":"","meta":{"_acf_changed":false,"inline_featured_image":false,"_mbp_gutenberg_autopost":false},"product_brand":[],"product_cat":[550],"product_tag":[],"partner":[],"line":[1781],"class_list":{"0":"post-47196","1":"product","2":"type-product","3":"status-publish","4":"has-post-thumbnail","6":"product_cat-krautertees","7":"product_shipping_class-herbpress-spedizione-da-it-de","8":"line-eigene-botanik-linie","10":"first","11":"instock","12":"taxable","13":"shipping-taxable","14":"purchasable","15":"product-type-simple"},"bundle_layout":"","bundled_by":[],"bundled_items":[],"acf":[],"_links":{"self":[{"href":"https:\/\/wildenherbals.com\/de\/wp-json\/wp\/v2\/product\/47196","targetHints":{"allow":["GET"]}}],"collection":[{"href":"https:\/\/wildenherbals.com\/de\/wp-json\/wp\/v2\/product"}],"about":[{"href":"https:\/\/wildenherbals.com\/de\/wp-json\/wp\/v2\/types\/product"}],"wp:featuredmedia":[{"embeddable":true,"href":"https:\/\/wildenherbals.com\/de\/wp-json\/wp\/v2\/media\/47653"}],"wp:attachment":[{"href":"https:\/\/wildenherbals.com\/de\/wp-json\/wp\/v2\/media?parent=47196"}],"wp:term":[{"taxonomy":"product_brand","embeddable":true,"href":"https:\/\/wildenherbals.com\/de\/wp-json\/wp\/v2\/product_brand?post=47196"},{"taxonomy":"product_cat","embeddable":true,"href":"https:\/\/wildenherbals.com\/de\/wp-json\/wp\/v2\/product_cat?post=47196"},{"taxonomy":"product_tag","embeddable":true,"href":"https:\/\/wildenherbals.com\/de\/wp-json\/wp\/v2\/product_tag?post=47196"},{"taxonomy":"partner","embeddable":true,"href":"https:\/\/wildenherbals.com\/de\/wp-json\/wp\/v2\/partner?post=47196"},{"taxonomy":"line","embeddable":true,"href":"https:\/\/wildenherbals.com\/de\/wp-json\/wp\/v2\/line?post=47196"}],"curies":[{"name":"wp","href":"https:\/\/api.w.org\/{rel}","templated":true}]}}