{"id":47100,"date":"2025-09-30T08:29:02","date_gmt":"2025-09-30T06:29:02","guid":{"rendered":"https:\/\/wildenherbals.com\/?post_type=product&#038;p=47100"},"modified":"2025-10-13T18:09:38","modified_gmt":"2025-10-13T16:09:38","slug":"herbpress-zitronen-eisenkraut-softpack-20-quadratische-filter-copia-copia-2","status":"publish","type":"product","link":"https:\/\/wildenherbals.com\/de\/shop\/herbpress-de\/herbpress-zitronen-eisenkraut-softpack-20-quadratische-filter-copia-copia-2\/","title":{"rendered":"Herbpress Gr\u00fcner Tee und Minze Softpack 20 quadratische Filter"},"content":{"rendered":"<p>Sauberes, pflanzliches Profil mit k\u00fchlem Abgang. Nat\u00fcrliches Koffein sorgt f\u00fcr einen sanften Auftrieb, der den Gaumen erfrischt und den Fokus sch\u00e4rft.<x id=\"gid_0\"><\/x>Sauberes, pflanzliches Profil mit einem k\u00fchlen Abgang. Nat\u00fcrliches Koffein sorgt f\u00fcr einen sanften Auftrieb, der den Gaumen erfrischt und den Blick sch\u00e4rft.  <\/p>\n","protected":false},"excerpt":{"rendered":"<p>Kr\u00e4utertee mit <strong data-start=\"89\" data-end=\"106\">Zitronenverbene<\/strong>, ideal zur Unterst\u00fctzung der <strong data-start=\"128\" data-end=\"150\">Verdauung und zur Entspannung<\/strong>. Jede Packung enth\u00e4lt <strong data-start=\"177\" data-end=\"199\">20 quadratische<\/strong> <strong data-start=\"230\" data-end=\"243\">Herbpress-kompatible<\/strong> <strong data-start=\"177\" data-end=\"199\">Filter<\/strong>. Mit seinem <strong data-start=\"257\" data-end=\"288\">frischen, zitrusartigen und nat\u00fcrlichen<\/strong> Geschmack ist er perfekt f\u00fcr jede Tageszeit.  <\/p>\n","protected":false},"featured_media":47644,"template":"","meta":{"_acf_changed":false,"inline_featured_image":false,"_mbp_gutenberg_autopost":false},"product_brand":[],"product_cat":[1642],"product_tag":[],"partner":[],"line":[],"class_list":{"0":"post-47100","1":"product","2":"type-product","3":"status-publish","4":"has-post-thumbnail","6":"product_cat-herbpress-de","7":"product_shipping_class-herbpress-spedizione-da-it-de","9":"first","10":"instock","11":"taxable","12":"shipping-taxable","13":"purchasable","14":"product-type-simple"},"bundle_layout":"","bundled_by":[],"bundled_items":[],"acf":[],"_links":{"self":[{"href":"https:\/\/wildenherbals.com\/de\/wp-json\/wp\/v2\/product\/47100","targetHints":{"allow":["GET"]}}],"collection":[{"href":"https:\/\/wildenherbals.com\/de\/wp-json\/wp\/v2\/product"}],"about":[{"href":"https:\/\/wildenherbals.com\/de\/wp-json\/wp\/v2\/types\/product"}],"wp:featuredmedia":[{"embeddable":true,"href":"https:\/\/wildenherbals.com\/de\/wp-json\/wp\/v2\/media\/47644"}],"wp:attachment":[{"href":"https:\/\/wildenherbals.com\/de\/wp-json\/wp\/v2\/media?parent=47100"}],"wp:term":[{"taxonomy":"product_brand","embeddable":true,"href":"https:\/\/wildenherbals.com\/de\/wp-json\/wp\/v2\/product_brand?post=47100"},{"taxonomy":"product_cat","embeddable":true,"href":"https:\/\/wildenherbals.com\/de\/wp-json\/wp\/v2\/product_cat?post=47100"},{"taxonomy":"product_tag","embeddable":true,"href":"https:\/\/wildenherbals.com\/de\/wp-json\/wp\/v2\/product_tag?post=47100"},{"taxonomy":"partner","embeddable":true,"href":"https:\/\/wildenherbals.com\/de\/wp-json\/wp\/v2\/partner?post=47100"},{"taxonomy":"line","embeddable":true,"href":"https:\/\/wildenherbals.com\/de\/wp-json\/wp\/v2\/line?post=47100"}],"curies":[{"name":"wp","href":"https:\/\/api.w.org\/{rel}","templated":true}]}}