{"id":45708,"date":"2025-06-26T13:12:43","date_gmt":"2025-06-26T11:12:43","guid":{"rendered":"https:\/\/wildenherbals.com\/?post_type=product&#038;p=45708"},"modified":"2026-03-06T10:59:50","modified_gmt":"2026-03-06T09:59:50","slug":"herbpress-filter-und-diffusorscheibe-copia-copia-4","status":"publish","type":"product","link":"https:\/\/wildenherbals.com\/de\/shop\/herbpress-de\/herbpress-filter-und-diffusorscheibe-copia-copia-4\/","title":{"rendered":"HERBPRESS FILTER 1 Innen-\u00d8: 59 mm Rand-\u00d8: 70 mm Tamper f\u00fcr: 58 \/ 58.4 mm Volle Kompatibilit\u00e4t: Marzocco, Cimbali (f\u00fcr alle kompatiblen Marken bitte erweitern)"},"content":{"rendered":"<p data-start=\"159\" data-end=\"233\"><strong data-start=\"159\" data-end=\"233\">Herbpress: Br\u00fcht in 60 Sekunden mit Ihrer Espressomaschine<\/strong><\/p>\n<p data-start=\"235\" data-end=\"540\">Herbpress ist die erste patentierte Technologie, die von Wilden Herbals in Zusammenarbeit mit IMS entwickelt wurde und mit der Sie Kr\u00e4utertees und Aufg\u00fcsse in Ihrer Espressomaschine zubereiten k\u00f6nnen. Sie kombiniert <strong data-start=\"428\" data-end=\"442\">Pr\u00e4zision<\/strong>, <strong data-start=\"444\" data-end=\"456\">Geschwindigkeit<\/strong> und <strong data-start=\"459\" data-end=\"482\">aromatische Intensit\u00e4t<\/strong> f\u00fcr ein erstaunliches Ergebnis, das in nur 60 Sekunden fertig ist. <\/p>\n<p data-start=\"547\" data-end=\"570\"><strong data-start=\"547\" data-end=\"570\">Was es beinhaltet:<\/strong><\/p>\n<p data-start=\"572\" data-end=\"697\">Dieses Kit enth\u00e4lt <strong data-start=\"592\" data-end=\"641\">nur den Filter und die Diffusorscheibe<\/strong>, die f\u00fcr die Extraktion mit der Herbpress-Technologie erforderlich sind. Um sofort in den Genuss der Herbpress-Erfahrung zu kommen, empfehlen wir Ihnen den Kauf einer Alternative:<\/p>\n<ul data-start=\"794\" data-end=\"947\">\n<li data-start=\"794\" data-end=\"856\">\n<p data-start=\"796\" data-end=\"856\">Das <a href=\"http:\/\/www.wildenherbals.com\/shop\/herbpress\/herbpress-kit-2\/\" target=\"_blank\" rel=\"noopener\"><strong data-start=\"799\" data-end=\"815\">Testset<\/strong><\/a>enth\u00e4lt 4 Tees im Beutelformat<\/p>\n<\/li>\n<li data-start=\"857\" data-end=\"947\">\n<p data-start=\"859\" data-end=\"947\">Oder zus\u00e4tzlich die <strong data-start=\"869\" data-end=\"912\">kompatiblen Mischungen im Softpack-Format <\/strong>, die Sie hier finden k\u00f6nnen <a href=\"http:\/\/www.wildenherbals.com\/tipologia\/herbpress\/\" target=\"_blank\" rel=\"noopener\"><strong data-start=\"869\" data-end=\"912\">hier<\/strong><\/a>finden, die 20 quadratische Filter enthalten.<\/p>\n<\/li>\n<\/ul>\n<p data-start=\"859\" data-end=\"947\"><strong data-start=\"954\" data-end=\"1002\">Finden Sie das mit Ihrer Maschine kompatible Kit:<\/strong><\/p>\n<p data-start=\"1004\" data-end=\"1199\">W\u00e4hlen Sie die richtige Version f\u00fcr Ihr Espressomaschinenmodell: Pr\u00fcfen Sie die <strong data-start=\"1086\" data-end=\"1120\">verf\u00fcgbaren Varianten<\/strong>, um sicherzustellen, dass Sie den perfekt kompatiblen Filter und die passende Scheibe ausw\u00e4hlen.<\/p>\n<p data-start=\"83\" data-end=\"116\"><strong data-start=\"118\" data-end=\"176\">Patentierte Technologie <\/strong>f\u00fcr die Extraktion von Aufg\u00fcssen und Kr\u00e4utertees mit einer Espressomaschine. Schnelle, intensive und saubere Extraktion in 60 Sekunden. <\/p>\n<p data-start=\"293\" data-end=\"324\"><strong data-start=\"293\" data-end=\"324\">Hauptmerkmale:<\/strong><\/p>\n<ul data-start=\"326\" data-end=\"725\">\n<li data-start=\"326\" data-end=\"602\">\n<p data-start=\"328\" data-end=\"352\"><strong data-start=\"328\" data-end=\"350\">Filter HERBPRESS 1<\/strong><\/p>\n<ul data-start=\"355\" data-end=\"602\">\n<li data-start=\"355\" data-end=\"391\">\n<p data-start=\"357\" data-end=\"391\">Elektropolierter Edelstahl 304<\/p>\n<\/li>\n<li data-start=\"394\" data-end=\"430\">\n<p data-start=\"396\" data-end=\"430\">Einzelnes Loch \u00d8 0,30 mm am Boden<\/p>\n<\/li>\n<li data-start=\"433\" data-end=\"494\">\n<p data-start=\"435\" data-end=\"494\">Photoge\u00e4tzte AISI 301 (150 Mikron) Membrane + 85-Loch Halterung aus 301er Rohstahl<\/p>\n<\/li>\n<li data-start=\"497\" data-end=\"517\">\n<p data-start=\"499\" data-end=\"517\">Rotationsfreies Design<\/p>\n<\/li>\n<li data-start=\"520\" data-end=\"555\">\n<p data-start=\"522\" data-end=\"555\">Innen \u00d8 59 mm &#8211; Rand \u00d8 70 mm<\/p>\n<\/li>\n<li data-start=\"558\" data-end=\"602\">\n<p data-start=\"560\" data-end=\"602\">Kompatibel mit 58 \/ 58,4 mm Pressen<\/p>\n<\/li>\n<\/ul>\n<\/li>\n<li data-start=\"604\" data-end=\"725\">\n<p data-start=\"606\" data-end=\"627\"><strong data-start=\"606\" data-end=\"625\">PUCK DIFFUSOR 1<\/strong><\/p>\n<ul data-start=\"630\" data-end=\"725\">\n<li data-start=\"630\" data-end=\"662\">\n<p data-start=\"632\" data-end=\"662\">Rostfreier Stahl AISI 301<\/p>\n<\/li>\n<li data-start=\"665\" data-end=\"725\">\n<p data-start=\"667\" data-end=\"725\">Optimierte zentrale Bohrung f\u00fcr gleichm\u00e4\u00dfige Verteilung<\/p>\n<\/li>\n<\/ul>\n<\/li>\n<\/ul>\n<p data-start=\"732\" data-end=\"759\"><strong data-start=\"732\" data-end=\"757\">Empfohlene Verwendung:<\/strong><\/p>\n<ul data-start=\"760\" data-end=\"849\">\n<li data-start=\"760\" data-end=\"789\">\n<p data-start=\"762\" data-end=\"789\">Dosis: 1,5 &#8211; 2 g Pflanze<\/p>\n<\/li>\n<li data-start=\"790\" data-end=\"826\">\n<p data-start=\"792\" data-end=\"826\">Extraktion: 150-180 ml in 60 Sekunden<\/p>\n<\/li>\n<li data-start=\"827\" data-end=\"849\">\n<p data-start=\"829\" data-end=\"849\">Druck: 8-9 bar<\/p>\n<\/li>\n<\/ul>\n<p data-start=\"856\" data-end=\"1298\"><strong data-start=\"856\" data-end=\"883\">Compatibilit\u00e0 completa:<\/strong><br data-start=\"883\" data-end=\"886\">Ascaso, Astoria, Bezzera, Bfc, Bianchi, Brasilia, Brugnetti, Conti, DID Orchestrale, ECM, Elektra, Emanuale, Expobar, Faema, Faema E61, Fiorenzato, Fracino, Grimac, Kees Van Der Westen, La Marzocco, La Nuova Era, La Pavoni, La Scala, Londinium, Magister, Nuova Simonelli, Promac, Quality Espresso, Rancilio, Rocket, Royal First, SAB, Sanremo, Slayer, Superkop, SV, Synesso, VFA, Vibiemme, Victoria Arduino, Wega.<\/p>\n","protected":false},"excerpt":{"rendered":"<p>Herbpress: Br\u00fcht in 60 Sekunden mit Ihrer Espressomaschine Herbpress ist die erste patentierte Technologie, die von Wilden Herbals in Zusammenarbeit mit IMS entwickelt wurde und mit der Sie Kr\u00e4utertees und Aufg\u00fcsse in Ihrer Espressomaschine zubereiten k\u00f6nnen. Sie kombiniert Pr\u00e4zision, Geschwindigkeit und aromatische Intensit\u00e4t f\u00fcr ein erstaunliches Ergebnis, das in nur 60 Sekunden fertig ist. Was [&hellip;]<\/p>\n","protected":false},"featured_media":44508,"template":"","meta":{"_acf_changed":false,"inline_featured_image":false,"_mbp_gutenberg_autopost":false},"product_brand":[],"product_cat":[1642],"product_tag":[],"partner":[],"line":[],"class_list":{"0":"post-45708","1":"product","2":"type-product","3":"status-publish","4":"has-post-thumbnail","6":"product_cat-herbpress-de","7":"product_shipping_class-herbpress-spedizione-da-it-de","9":"first","10":"instock","11":"taxable","12":"shipping-taxable","13":"purchasable","14":"product-type-simple"},"bundle_layout":"","bundled_by":[],"bundled_items":[],"acf":[],"_links":{"self":[{"href":"https:\/\/wildenherbals.com\/de\/wp-json\/wp\/v2\/product\/45708","targetHints":{"allow":["GET"]}}],"collection":[{"href":"https:\/\/wildenherbals.com\/de\/wp-json\/wp\/v2\/product"}],"about":[{"href":"https:\/\/wildenherbals.com\/de\/wp-json\/wp\/v2\/types\/product"}],"wp:featuredmedia":[{"embeddable":true,"href":"https:\/\/wildenherbals.com\/de\/wp-json\/wp\/v2\/media\/44508"}],"wp:attachment":[{"href":"https:\/\/wildenherbals.com\/de\/wp-json\/wp\/v2\/media?parent=45708"}],"wp:term":[{"taxonomy":"product_brand","embeddable":true,"href":"https:\/\/wildenherbals.com\/de\/wp-json\/wp\/v2\/product_brand?post=45708"},{"taxonomy":"product_cat","embeddable":true,"href":"https:\/\/wildenherbals.com\/de\/wp-json\/wp\/v2\/product_cat?post=45708"},{"taxonomy":"product_tag","embeddable":true,"href":"https:\/\/wildenherbals.com\/de\/wp-json\/wp\/v2\/product_tag?post=45708"},{"taxonomy":"partner","embeddable":true,"href":"https:\/\/wildenherbals.com\/de\/wp-json\/wp\/v2\/partner?post=45708"},{"taxonomy":"line","embeddable":true,"href":"https:\/\/wildenherbals.com\/de\/wp-json\/wp\/v2\/line?post=45708"}],"curies":[{"name":"wp","href":"https:\/\/api.w.org\/{rel}","templated":true}]}}