{"id":44231,"date":"2025-06-04T15:40:33","date_gmt":"2025-06-04T13:40:33","guid":{"rendered":"https:\/\/wildenherbals.com\/?post_type=product&#038;p=44231"},"modified":"2025-10-09T11:39:53","modified_gmt":"2025-10-09T09:39:53","slug":"erkaltungs-krautertee-detox-24-dosen-copia-copia-copia-copia-copia-copia-copia-copia","status":"publish","type":"product","link":"https:\/\/wildenherbals.com\/de\/shop\/herbpress-de\/erkaltungs-krautertee-detox-24-dosen-copia-copia-copia-copia-copia-copia-copia-copia\/","title":{"rendered":"Herbpress Bancha Tee Hoji Cha Softpack 20 quadratische Filter"},"content":{"rendered":"<p data-start=\"63\" data-end=\"324\">Schmecken Sie die Authentizit\u00e4t Japans mit <strong data-start=\"100\" data-end=\"128\">Herbpress Bancha H\u014djicha<\/strong>, einem Softpack mit <strong data-start=\"145\" data-end=\"178\">20 vordosierten quadratischen Filtern<\/strong>, die ausschlie\u00dflich <strong data-start=\"206\" data-end=\"240\">Bancha H\u014djicha monobotanica<\/strong> enthalten &#8211; ein japanischer Gr\u00fcntee, der durch R\u00f6sten reifer Bancha-Teebl\u00e4tter hergestellt wird.<\/p>\n<h3 data-start=\"326\" data-end=\"350\">Die wichtigsten Vorteile:<\/h3>\n<ul data-start=\"351\" data-end=\"629\">\n<li data-start=\"351\" data-end=\"414\">\n<p data-start=\"353\" data-end=\"414\"><strong data-start=\"353\" data-end=\"388\">Von Natur aus koffeinarm<\/strong>, perfekt auch am Abend<\/p>\n<\/li>\n<li data-start=\"415\" data-end=\"492\">\n<p data-start=\"417\" data-end=\"492\">F\u00f6rdert die <strong data-start=\"430\" data-end=\"444\">Verdauung<\/strong> und hat eine ausgleichende Wirkung auf den K\u00f6rper<\/p>\n<\/li>\n<li data-start=\"493\" data-end=\"574\">\n<p data-start=\"495\" data-end=\"574\">Reich an <strong data-start=\"504\" data-end=\"534\">Polyphenolen und Antioxidantien<\/strong> zur Bek\u00e4mpfung von oxidativem Stress<\/p>\n<\/li>\n<li data-start=\"575\" data-end=\"629\">\n<p data-start=\"577\" data-end=\"629\">Kann zur <strong data-start=\"596\" data-end=\"629\">geistigen und k\u00f6rperlichen Entspannung<\/strong> beitragen<\/p>\n<\/li>\n<\/ul>\n<h3 data-start=\"631\" data-end=\"653\">Probieren Sie in einer Tasse:<\/h3>\n<p data-start=\"654\" data-end=\"869\">Bancha H\u014djicha bietet ein <strong data-start=\"699\" data-end=\"729\">ger\u00f6stetes, weiches und abgerundetes<\/strong> Geschmacksprofil mit Noten von Haselnuss, Holz und leichtem Kakao. Ein warmes und umh\u00fcllendes Getr\u00e4nk mit einem tiefen und doch delikaten Geschmack, der beim ersten Schluck fesselt. <\/p>\n<h3 data-start=\"871\" data-end=\"891\">Kompatibilit\u00e4t:<\/h3>\n<p data-start=\"892\" data-end=\"1075\">Er kann nur in Verbindung mit der <strong data-start=\"938\" data-end=\"951\">Herbpress-Technologie<\/strong> verwendet werden, die eine vollst\u00e4ndige und ausgewogene Extraktion der pflanzlichen Wirkstoffe gew\u00e4hrleistet und so jedes Mal eine reichhaltig aromatisierte und wohltuende Tasse garantiert.<\/p>\n","protected":false},"excerpt":{"rendered":"<p>Ger\u00f6steter japanischer Bancha-Gr\u00fcntee, reich an Antioxidantien und mit geringem Koffeingehalt. Mit seinem weichen, ger\u00f6steten und delikaten Geschmack f\u00f6rdert er die Verdauung und Entspannung. Kompatibel mit der Herbpress-Technologie f\u00fcr perfekten Aufguss.  <\/p>\n","protected":false},"featured_media":47733,"template":"","meta":{"_acf_changed":false,"inline_featured_image":false,"_mbp_gutenberg_autopost":false},"product_brand":[],"product_cat":[1642],"product_tag":[],"partner":[],"line":[],"class_list":{"0":"post-44231","1":"product","2":"type-product","3":"status-publish","4":"has-post-thumbnail","6":"product_cat-herbpress-de","7":"product_shipping_class-herbpress-spedizione-da-it-de","9":"first","10":"instock","11":"taxable","12":"shipping-taxable","13":"purchasable","14":"product-type-simple"},"bundle_layout":"","bundled_by":[],"bundled_items":[],"acf":[],"_links":{"self":[{"href":"https:\/\/wildenherbals.com\/de\/wp-json\/wp\/v2\/product\/44231","targetHints":{"allow":["GET"]}}],"collection":[{"href":"https:\/\/wildenherbals.com\/de\/wp-json\/wp\/v2\/product"}],"about":[{"href":"https:\/\/wildenherbals.com\/de\/wp-json\/wp\/v2\/types\/product"}],"wp:featuredmedia":[{"embeddable":true,"href":"https:\/\/wildenherbals.com\/de\/wp-json\/wp\/v2\/media\/47733"}],"wp:attachment":[{"href":"https:\/\/wildenherbals.com\/de\/wp-json\/wp\/v2\/media?parent=44231"}],"wp:term":[{"taxonomy":"product_brand","embeddable":true,"href":"https:\/\/wildenherbals.com\/de\/wp-json\/wp\/v2\/product_brand?post=44231"},{"taxonomy":"product_cat","embeddable":true,"href":"https:\/\/wildenherbals.com\/de\/wp-json\/wp\/v2\/product_cat?post=44231"},{"taxonomy":"product_tag","embeddable":true,"href":"https:\/\/wildenherbals.com\/de\/wp-json\/wp\/v2\/product_tag?post=44231"},{"taxonomy":"partner","embeddable":true,"href":"https:\/\/wildenherbals.com\/de\/wp-json\/wp\/v2\/partner?post=44231"},{"taxonomy":"line","embeddable":true,"href":"https:\/\/wildenherbals.com\/de\/wp-json\/wp\/v2\/line?post=44231"}],"curies":[{"name":"wp","href":"https:\/\/api.w.org\/{rel}","templated":true}]}}