{"id":44219,"date":"2025-06-04T14:53:01","date_gmt":"2025-06-04T12:53:01","guid":{"rendered":"https:\/\/wildenherbals.com\/?post_type=product&#038;p=44219"},"modified":"2025-10-09T11:37:56","modified_gmt":"2025-10-09T09:37:56","slug":"erkaltungs-krautertee-detox-24-dosen-copia-copia-copia-copia-copia-copia","status":"publish","type":"product","link":"https:\/\/wildenherbals.com\/de\/shop\/herbpress-de\/erkaltungs-krautertee-detox-24-dosen-copia-copia-copia-copia-copia-copia\/","title":{"rendered":"Herbpress Hibiscus Harmony Softpack 20 quadratische Filter"},"content":{"rendered":"<p data-start=\"191\" data-end=\"621\">Ein Aufguss zur Regeneration von K\u00f6rper und Geist: <em data-start=\"310\" data-end=\"328\">Hibiscus Harmony<\/em> ist eine harmonische botanische Mischung aus <strong data-start=\"372\" data-end=\"430\">S\u00fc\u00dfholz, Ingwer, Fenchel, Zitronenverbene und Hibiskus<\/strong>, die sorgf\u00e4ltig aufgrund ihrer wohltuenden Eigenschaften und ihres umh\u00fcllenden Geschmacks ausgew\u00e4hlt wurde. Das Softpack enth\u00e4lt 20 vordosierte quadratische Filter, die Sie zu jeder Tageszeit begleiten k\u00f6nnen. <\/p>\n<ul data-start=\"653\" data-end=\"969\">\n<li data-start=\"653\" data-end=\"734\">\n<p data-start=\"655\" data-end=\"734\"><strong data-start=\"655\" data-end=\"692\">F\u00f6rdert die nat\u00fcrliche Entschlackung<\/strong> des K\u00f6rpers und unterst\u00fctzt die Verdauung<\/p>\n<\/li>\n<li data-start=\"735\" data-end=\"793\">\n<p data-start=\"737\" data-end=\"793\"><strong data-start=\"737\" data-end=\"791\">Tr\u00e4gt zum Wohlbefinden des Kreislaufsystems bei<\/strong><\/p>\n<\/li>\n<li data-start=\"794\" data-end=\"881\">\n<p data-start=\"796\" data-end=\"881\"><strong data-start=\"796\" data-end=\"831\">Reich an nat\u00fcrlichen Antioxidantien<\/strong>, die helfen, oxidativen Stress zu bek\u00e4mpfen<\/p>\n<\/li>\n<li data-start=\"882\" data-end=\"969\">\n<p data-start=\"884\" data-end=\"969\"><strong data-start=\"884\" data-end=\"921\">Erfrischende und durstl\u00f6schende Wirkung<\/strong>, auch an hei\u00dfen Tagen perfekt kalt<\/p>\n<\/li>\n<\/ul>\n<p data-start=\"997\" data-end=\"1331\">Der Aufguss beginnt mit dem lebhaften, leicht s\u00e4uerlichen Geschmack von Hibiskus, der durch die nat\u00fcrliche S\u00fc\u00dfe von S\u00fc\u00dfholz, die Sch\u00e4rfe von Ingwer, die Frische von Fenchel und die Zitrusnoten von Zitronenverbene gemildert wird. Eine harmonische, <strong data-start=\"1257\" data-end=\"1291\">nat\u00fcrlich koffeinfreie<\/strong> Kombination, ideal zu jeder Tageszeit. <\/p>\n<p data-start=\"1364\" data-end=\"1523\"><strong data-start=\"1364\" data-end=\"1400\">Geeignet f\u00fcr die Herbpress-Technologie<\/strong>, die eine optimale und ausgewogene Extraktion der pflanzlichen Wirkstoffe garantiert, f\u00fcr eine Tasse, die reich an Aroma, Geschmack und Nutzen ist.<\/p>\n","protected":false},"excerpt":{"rendered":"<p>Ein Aufguss zur Regeneration von K\u00f6rper und Geist: Hibiscus Harmony ist eine harmonische botanische Mischung aus S\u00fc\u00dfholz, Ingwer, Fenchel, Zitronenverbene und Hibiskus, die sorgf\u00e4ltig aufgrund ihrer wohltuenden Eigenschaften und ihres umh\u00fcllenden Geschmacks ausgew\u00e4hlt wurde. Das Softpack enth\u00e4lt 20 vordosierte quadratische Filter, die Sie zu jeder Tageszeit begleiten k\u00f6nnen. F\u00f6rdert die nat\u00fcrliche Entschlackung des K\u00f6rpers und [&hellip;]<\/p>\n","protected":false},"featured_media":47721,"template":"","meta":{"_acf_changed":false,"inline_featured_image":false,"_mbp_gutenberg_autopost":false},"product_brand":[],"product_cat":[1642],"product_tag":[],"partner":[],"line":[],"class_list":{"0":"post-44219","1":"product","2":"type-product","3":"status-publish","4":"has-post-thumbnail","6":"product_cat-herbpress-de","7":"product_shipping_class-herbpress-spedizione-da-it-de","9":"first","10":"instock","11":"taxable","12":"shipping-taxable","13":"purchasable","14":"product-type-simple"},"bundle_layout":"","bundled_by":[],"bundled_items":[],"acf":[],"_links":{"self":[{"href":"https:\/\/wildenherbals.com\/de\/wp-json\/wp\/v2\/product\/44219","targetHints":{"allow":["GET"]}}],"collection":[{"href":"https:\/\/wildenherbals.com\/de\/wp-json\/wp\/v2\/product"}],"about":[{"href":"https:\/\/wildenherbals.com\/de\/wp-json\/wp\/v2\/types\/product"}],"wp:featuredmedia":[{"embeddable":true,"href":"https:\/\/wildenherbals.com\/de\/wp-json\/wp\/v2\/media\/47721"}],"wp:attachment":[{"href":"https:\/\/wildenherbals.com\/de\/wp-json\/wp\/v2\/media?parent=44219"}],"wp:term":[{"taxonomy":"product_brand","embeddable":true,"href":"https:\/\/wildenherbals.com\/de\/wp-json\/wp\/v2\/product_brand?post=44219"},{"taxonomy":"product_cat","embeddable":true,"href":"https:\/\/wildenherbals.com\/de\/wp-json\/wp\/v2\/product_cat?post=44219"},{"taxonomy":"product_tag","embeddable":true,"href":"https:\/\/wildenherbals.com\/de\/wp-json\/wp\/v2\/product_tag?post=44219"},{"taxonomy":"partner","embeddable":true,"href":"https:\/\/wildenherbals.com\/de\/wp-json\/wp\/v2\/partner?post=44219"},{"taxonomy":"line","embeddable":true,"href":"https:\/\/wildenherbals.com\/de\/wp-json\/wp\/v2\/line?post=44219"}],"curies":[{"name":"wp","href":"https:\/\/api.w.org\/{rel}","templated":true}]}}