{"id":42592,"date":"2020-07-27T14:11:28","date_gmt":"2020-07-27T14:11:28","guid":{"rendered":"https:\/\/wildenherbals.com\/?post_type=product&#038;p=42592"},"modified":"2025-10-14T12:41:52","modified_gmt":"2025-10-14T10:41:52","slug":"kinto-to-go-becher-360ml","status":"publish","type":"product","link":"https:\/\/wildenherbals.com\/de\/shop\/zubehor\/kinto-to-go-becher-360ml\/","title":{"rendered":"Kinto To Go Becher 360ml"},"content":{"rendered":"<p>TO GO TUMBLER ist Ihr idealer Begleiter zu verschiedenen Tageszeiten: auf dem Weg zur Arbeit, beim Autofahren oder auch nur zum Entspannen.<\/p>\n<p>Der Deckel hat eine minimale Struktur f\u00fcr bequemes Trinken.<\/p>\n<p>Das vakuumisolierte Glas bewahrt die Temperatur und den Geschmack von Getr\u00e4nken f\u00fcr lange Zeit. Die verj\u00fcngte Form erm\u00f6glicht einen einfachen Transport. <\/p>\n<p>Das schlichte Design mit seiner matten Textur und den gedeckten Farben sorgt auch unterwegs f\u00fcr Entspannung.<\/p>\n","protected":false},"excerpt":{"rendered":"<p>TO GO TUMBLER ist Ihr idealer Begleiter zu verschiedenen Tageszeiten: auf dem Weg zur Arbeit, beim Autofahren oder auch nur zum Entspannen. Der Deckel hat eine minimale Struktur f\u00fcr bequemes Trinken. Das vakuumisolierte Glas bewahrt die Temperatur und den Geschmack von Getr\u00e4nken f\u00fcr lange Zeit. Die verj\u00fcngte Form erm\u00f6glicht einen einfachen Transport. Das klare Design mit seiner matten Textur und den gedeckten Farben bringt Entspannung f\u00fcr unterwegs.    <\/p>\n","protected":false},"featured_media":25585,"template":"","meta":{"_acf_changed":false,"inline_featured_image":false,"_mbp_gutenberg_autopost":false},"product_brand":[],"product_cat":[570],"product_tag":[],"partner":[],"line":[],"class_list":{"0":"post-42592","1":"product","2":"type-product","3":"status-publish","4":"has-post-thumbnail","6":"product_cat-zubehor","8":"first","9":"instock","10":"taxable","11":"shipping-taxable","12":"purchasable","13":"product-type-simple"},"bundle_layout":"","bundled_by":[],"bundled_items":[],"acf":[],"_links":{"self":[{"href":"https:\/\/wildenherbals.com\/de\/wp-json\/wp\/v2\/product\/42592","targetHints":{"allow":["GET"]}}],"collection":[{"href":"https:\/\/wildenherbals.com\/de\/wp-json\/wp\/v2\/product"}],"about":[{"href":"https:\/\/wildenherbals.com\/de\/wp-json\/wp\/v2\/types\/product"}],"wp:featuredmedia":[{"embeddable":true,"href":"https:\/\/wildenherbals.com\/de\/wp-json\/wp\/v2\/media\/25585"}],"wp:attachment":[{"href":"https:\/\/wildenherbals.com\/de\/wp-json\/wp\/v2\/media?parent=42592"}],"wp:term":[{"taxonomy":"product_brand","embeddable":true,"href":"https:\/\/wildenherbals.com\/de\/wp-json\/wp\/v2\/product_brand?post=42592"},{"taxonomy":"product_cat","embeddable":true,"href":"https:\/\/wildenherbals.com\/de\/wp-json\/wp\/v2\/product_cat?post=42592"},{"taxonomy":"product_tag","embeddable":true,"href":"https:\/\/wildenherbals.com\/de\/wp-json\/wp\/v2\/product_tag?post=42592"},{"taxonomy":"partner","embeddable":true,"href":"https:\/\/wildenherbals.com\/de\/wp-json\/wp\/v2\/partner?post=42592"},{"taxonomy":"line","embeddable":true,"href":"https:\/\/wildenherbals.com\/de\/wp-json\/wp\/v2\/line?post=42592"}],"curies":[{"name":"wp","href":"https:\/\/api.w.org\/{rel}","templated":true}]}}