{"id":37560,"date":"2025-01-27T16:21:34","date_gmt":"2025-01-27T15:21:34","guid":{"rendered":"https:\/\/wildenherbals.com\/?post_type=product&#038;p=37560"},"modified":"2025-05-31T09:58:02","modified_gmt":"2025-05-31T07:58:02","slug":"tisana-21-tage-programm","status":"publish","type":"product","link":"https:\/\/wildenherbals.com\/de\/shop\/geschenkbox\/mix-box-de\/tisana-21-tage-programm\/","title":{"rendered":"TiSana 21 Tage (Entgiftung, St\u00e4rkung &amp; Wiedergeburt)"},"content":{"rendered":"<p><strong>TiSana 21 Tage &#8211; 3-w\u00f6chiges Entgiftungsprogramm<\/strong><\/p>\n<p>Das <strong><em>TiSana<\/em> 21-Tage-Programm<\/strong> ist ein Wellness-Pfad, der den K\u00f6rper in drei Wochen entgiftet und erneuert. Mit <strong>3 ausgew\u00e4hlten Kr\u00e4utertees<\/strong>, die jeweils f\u00fcr eine bestimmte Phase bestimmt sind, genie\u00dfen Sie eine effektive<strong> entschlackende<\/strong>, <strong>anregende<\/strong> und <strong>regenerierende<\/strong><strong> Wirkung<\/strong>. Jede Woche ist einem bestimmten Ziel gewidmet, um Sie Schritt f\u00fcr Schritt zu einem dauerhaften Wohlbefinden zu begleiten.  <\/p>\n<p><strong>Was enth\u00e4lt der Koffer?<\/strong><\/p>\n<p>3 verschiedene Kr\u00e4utertees, einen f\u00fcr jede Woche des Programms. 7 Beutel mit jeder Art von Kr\u00e4utertee<em> (einer f\u00fcr jeden Tag der Woche).<\/em> <\/p>\n<p><strong>Woche 1<\/strong> &#8211; Entgiftung: Eine Kr\u00e4utermischung, die die Ausscheidung von angesammelten Giftstoffen f\u00f6rdert und den K\u00f6rper reinigt.<\/p>\n<p><strong>Woche 2<\/strong> &#8211; Boost: Ein energetisierender Kr\u00e4utertee, der hilft, den Stoffwechsel anzukurbeln und Energie zu tanken.<\/p>\n<p><strong>Woche 3<\/strong> &#8211; Reborn: Eine regenerierende Mischung, die die Erholungs- und Wiederbelebungsphase des K\u00f6rpers unterst\u00fctzt.<\/p>\n<p><strong>Methode der Anwendung:<\/strong><\/p>\n<p>Verwenden Sie 1 Filter pro 500 ml hei\u00dfem Wasser.<br \/>\nLassen Sie den Tee 5-7 Minuten ziehen und decken Sie die Tasse ab, damit die Wirkstoffe der Kr\u00e4uter erhalten bleiben.<br \/>\nF\u00fcr zus\u00e4tzlichen Komfort k\u00f6nnen Sie Ihre t\u00e4gliche Dosis TiSana in einer praktischen Thermoskanne aufbewahren.<\/p>\n<p><em>Befolgen Sie das Programm konsequent, um einen vollst\u00e4ndigen Entgiftungseffekt und ein lang anhaltendes Gef\u00fchl der Erneuerung zu erzielen.<\/em><\/p>\n","protected":false},"excerpt":{"rendered":"<p>TiSana 21 Tage &#8211; 3-w\u00f6chiges Entgiftungsprogramm Das TiSana 21-Tage-Programm ist ein Wellness-Pfad, der den K\u00f6rper in drei Wochen entgiftet und erneuert. Mit 3 ausgew\u00e4hlten Kr\u00e4utertees, die jeweils f\u00fcr eine bestimmte Phase bestimmt sind, genie\u00dfen Sie eine effektive entschlackende, anregende und regenerierende Wirkung. Jede Woche ist einem bestimmten Ziel gewidmet, um Sie Schritt f\u00fcr Schritt zu [&hellip;]<\/p>\n","protected":false},"featured_media":37592,"template":"","meta":{"_acf_changed":false,"inline_featured_image":false,"_mbp_gutenberg_autopost":false},"product_brand":[],"product_cat":[620,550,600],"product_tag":[],"partner":[],"line":[],"class_list":{"0":"post-37560","1":"product","2":"type-product","3":"status-publish","4":"has-post-thumbnail","6":"product_cat-mix-box-de","7":"product_cat-krautertees","8":"product_cat-mischen","10":"first","11":"instock","12":"shipping-taxable","13":"purchasable","14":"product-type-variable"},"bundle_layout":"","bundled_by":[],"bundled_items":[],"acf":[],"_links":{"self":[{"href":"https:\/\/wildenherbals.com\/de\/wp-json\/wp\/v2\/product\/37560","targetHints":{"allow":["GET"]}}],"collection":[{"href":"https:\/\/wildenherbals.com\/de\/wp-json\/wp\/v2\/product"}],"about":[{"href":"https:\/\/wildenherbals.com\/de\/wp-json\/wp\/v2\/types\/product"}],"wp:featuredmedia":[{"embeddable":true,"href":"https:\/\/wildenherbals.com\/de\/wp-json\/wp\/v2\/media\/37592"}],"wp:attachment":[{"href":"https:\/\/wildenherbals.com\/de\/wp-json\/wp\/v2\/media?parent=37560"}],"wp:term":[{"taxonomy":"product_brand","embeddable":true,"href":"https:\/\/wildenherbals.com\/de\/wp-json\/wp\/v2\/product_brand?post=37560"},{"taxonomy":"product_cat","embeddable":true,"href":"https:\/\/wildenherbals.com\/de\/wp-json\/wp\/v2\/product_cat?post=37560"},{"taxonomy":"product_tag","embeddable":true,"href":"https:\/\/wildenherbals.com\/de\/wp-json\/wp\/v2\/product_tag?post=37560"},{"taxonomy":"partner","embeddable":true,"href":"https:\/\/wildenherbals.com\/de\/wp-json\/wp\/v2\/partner?post=37560"},{"taxonomy":"line","embeddable":true,"href":"https:\/\/wildenherbals.com\/de\/wp-json\/wp\/v2\/line?post=37560"}],"curies":[{"name":"wp","href":"https:\/\/api.w.org\/{rel}","templated":true}]}}