{"id":32368,"date":"2023-12-21T11:27:06","date_gmt":"2023-12-21T10:27:06","guid":{"rendered":"https:\/\/wildenherbals.com\/?post_type=product&#038;p=32368"},"modified":"2025-07-07T18:04:41","modified_gmt":"2025-07-07T16:04:41","slug":"remedium-nr-7-bio-krautertee-%c2%b7-detox-schachtel-mit-10-beuteln-copia","status":"publish","type":"product","link":"https:\/\/wildenherbals.com\/de\/shop\/krautertees\/remedium-nr-7-bio-krautertee-%c2%b7-detox-schachtel-mit-10-beuteln-copia\/","title":{"rendered":"Remedium Bio-Kr\u00e4utertee Nr. 8 &#8211; Wiedergeboren"},"content":{"rendered":"<p>Die Funktionen von Remedium No. 8 &#8211; Reborn sind der Reinigung, der Revitalisierung und der Steigerung der Energie gewidmet. Eine Analogie, die uns sehr passend erscheint, ist die von elektronischen Ger\u00e4ten, die von Zeit zu Zeit ein Update, ein Upgrade ben\u00f6tigen. So brauchen auch wir einen Moment, um uns im wahrsten Sinne des Wortes wieder aufzuladen, d.h. um die Ladung f\u00fcr einen Neuanfang zu finden.  <\/p>\n<p>Verzehrsmethode: Jeder Beutel ist f\u00fcr die Verwendung in Wasser bis zu 500 ml bestimmt.<\/p>\n<p>Wenn Sie unsere Kr\u00e4utertees im <em>30-Sachet-Baumwollbeutel-Format<\/em> kaufen, erhalten Sie unseren praktischen und eleganten <strong>Baumwollbeutel<\/strong> als <strong>Geschenk<\/strong>. Wiederverwendbar und perfekt als Geschenkverpackung, ist es eine kleine Geste, die Ihre Momente der Entspannung noch besonderer macht. <\/p>\n","protected":false},"excerpt":{"rendered":"<p>Die Funktionen von Remedium No. 8 &#8211; Reborn sind der Reinigung, der Revitalisierung und der Steigerung der Energie gewidmet. Eine Analogie, die uns sehr passend erscheint, ist die von elektronischen Ger\u00e4ten, die von Zeit zu Zeit ein Update, ein Upgrade ben\u00f6tigen. So brauchen auch wir einen Moment, um uns im wahrsten Sinne des Wortes wieder [&hellip;]<\/p>\n","protected":false},"featured_media":32380,"template":"","meta":{"_acf_changed":false,"inline_featured_image":false,"_mbp_gutenberg_autopost":false},"product_brand":[],"product_cat":[550,551],"product_tag":[687,1529,1530,1528,552],"partner":[],"line":[615,634],"class_list":{"0":"post-32368","1":"product","2":"type-product","3":"status-publish","4":"has-post-thumbnail","6":"product_cat-krautertees","7":"product_cat-im-beutel","8":"product_tag-entspannend","9":"product_tag-reinigend","10":"product_tag-reinigungsmittel","11":"product_tag-revitalisierung","12":"product_tag-wohlbefinden","13":"line-remedia-line","14":"line-bio-krautertee-remedium-nr-8--reborn","16":"first","17":"instock","18":"taxable","19":"shipping-taxable","20":"purchasable","21":"product-type-variable"},"bundle_layout":"","bundled_by":[],"bundled_items":[],"acf":[],"_links":{"self":[{"href":"https:\/\/wildenherbals.com\/de\/wp-json\/wp\/v2\/product\/32368","targetHints":{"allow":["GET"]}}],"collection":[{"href":"https:\/\/wildenherbals.com\/de\/wp-json\/wp\/v2\/product"}],"about":[{"href":"https:\/\/wildenherbals.com\/de\/wp-json\/wp\/v2\/types\/product"}],"wp:featuredmedia":[{"embeddable":true,"href":"https:\/\/wildenherbals.com\/de\/wp-json\/wp\/v2\/media\/32380"}],"wp:attachment":[{"href":"https:\/\/wildenherbals.com\/de\/wp-json\/wp\/v2\/media?parent=32368"}],"wp:term":[{"taxonomy":"product_brand","embeddable":true,"href":"https:\/\/wildenherbals.com\/de\/wp-json\/wp\/v2\/product_brand?post=32368"},{"taxonomy":"product_cat","embeddable":true,"href":"https:\/\/wildenherbals.com\/de\/wp-json\/wp\/v2\/product_cat?post=32368"},{"taxonomy":"product_tag","embeddable":true,"href":"https:\/\/wildenherbals.com\/de\/wp-json\/wp\/v2\/product_tag?post=32368"},{"taxonomy":"partner","embeddable":true,"href":"https:\/\/wildenherbals.com\/de\/wp-json\/wp\/v2\/partner?post=32368"},{"taxonomy":"line","embeddable":true,"href":"https:\/\/wildenherbals.com\/de\/wp-json\/wp\/v2\/line?post=32368"}],"curies":[{"name":"wp","href":"https:\/\/api.w.org\/{rel}","templated":true}]}}