{"id":31769,"date":"2023-11-22T14:55:04","date_gmt":"2023-11-22T13:55:04","guid":{"rendered":"https:\/\/wildenherbals.com\/?post_type=product&#038;p=31769"},"modified":"2025-05-31T10:19:03","modified_gmt":"2025-05-31T08:19:03","slug":"mix-energize-3-remedia-48-beutel-morning-boost-und-focus-copia","status":"publish","type":"product","link":"https:\/\/wildenherbals.com\/de\/shop\/geschenkbox\/mix-box-de\/mix-energize-3-remedia-48-beutel-morning-boost-und-focus-copia\/","title":{"rendered":"Mix Box 9 Remedium &#8211; 54 Portionsbeutel"},"content":{"rendered":"<p>Remedium, von lateinisch \u201eHeilmittel, Medizin, Hilfe\u201c.<\/p>\n<p>Wilden&#8217;s Remedia sind funktionelle Kr\u00e4utertees, die Ihnen bei jeder Gelegenheit eine k\u00f6stliche Unterst\u00fctzung im Alltag bieten.<\/p>\n<p>Diese Linie ist das Ergebnis sorgf\u00e4ltiger Forschung, Auswahl und Experimente, mit dem Ziel, Aufg\u00fcsse anzubieten, die ausgewogen im Geschmack und synergetisch in der Wirkung sind.<\/p>\n<p>Die Remedia-Kr\u00e4utertees von Wilden sind in Kombination mit einer gesunden Lebensweise und einer schmackhaften, abwechslungsreichen und ausgewogenen Ern\u00e4hrung ideal, um sich selbst zu pflegen.<\/p>\n<p>54 Beutel (Morgen, Nacht, Aufputschen, Verdauung, Kater, Konzentration, Entspannung, Entgiftung und Wiedergeburt)<\/p>\n<p>Nr. 6 Remedium 0 &#8211; Morgen<br \/>\nNr. 6 Remedium 1 &#8211; Nacht<br \/>\nn. 6 Remedium 2 &#8211; Aufputschen<br \/>\nn. 6 Abf\u00fchrmittel 3 &#8211; Verdauung<br \/>\nn. 6 Abf\u00fchrmittel 4 &#8211; Kater<br \/>\nn. 6 Remedium 5 &#8211; Konzentration<br \/>\nn. 6 Remedium 6 &#8211; Entspannung<br \/>\nn. 6 Remedium 7 &#8211; Entgiftung<br \/>\nn. 6 Remedium 8 &#8211; Wiedergeburt         <\/p>\n<p>&nbsp;<\/p>\n<p>&nbsp;<\/p>\n","protected":false},"excerpt":{"rendered":"<p>Remedium, von lateinisch \u201eHeilmittel, Medizin, Hilfe\u201c. Wilden&#8217;s Remedia sind funktionelle Kr\u00e4utertees, die Ihnen bei jeder Gelegenheit eine k\u00f6stliche Unterst\u00fctzung im Alltag bieten. Diese Linie ist das Ergebnis sorgf\u00e4ltiger Forschung, Auswahl und Experimente, mit dem Ziel, Aufg\u00fcsse anzubieten, die ausgewogen im Geschmack und synergetisch in der Wirkung sind. Die Remedia-Kr\u00e4utertees von Wilden sind in Kombination mit [&hellip;]<\/p>\n","protected":false},"featured_media":31503,"template":"","meta":{"_acf_changed":false,"inline_featured_image":false,"_mbp_gutenberg_autopost":false},"product_brand":[],"product_cat":[620,600],"product_tag":[],"partner":[],"line":[],"class_list":{"0":"post-31769","1":"product","2":"type-product","3":"status-publish","4":"has-post-thumbnail","6":"product_cat-mix-box-de","7":"product_cat-mischen","9":"first","10":"instock","11":"taxable","12":"shipping-taxable","13":"purchasable","14":"product-type-simple"},"bundle_layout":"","bundled_by":[],"bundled_items":[],"acf":[],"_links":{"self":[{"href":"https:\/\/wildenherbals.com\/de\/wp-json\/wp\/v2\/product\/31769","targetHints":{"allow":["GET"]}}],"collection":[{"href":"https:\/\/wildenherbals.com\/de\/wp-json\/wp\/v2\/product"}],"about":[{"href":"https:\/\/wildenherbals.com\/de\/wp-json\/wp\/v2\/types\/product"}],"wp:featuredmedia":[{"embeddable":true,"href":"https:\/\/wildenherbals.com\/de\/wp-json\/wp\/v2\/media\/31503"}],"wp:attachment":[{"href":"https:\/\/wildenherbals.com\/de\/wp-json\/wp\/v2\/media?parent=31769"}],"wp:term":[{"taxonomy":"product_brand","embeddable":true,"href":"https:\/\/wildenherbals.com\/de\/wp-json\/wp\/v2\/product_brand?post=31769"},{"taxonomy":"product_cat","embeddable":true,"href":"https:\/\/wildenherbals.com\/de\/wp-json\/wp\/v2\/product_cat?post=31769"},{"taxonomy":"product_tag","embeddable":true,"href":"https:\/\/wildenherbals.com\/de\/wp-json\/wp\/v2\/product_tag?post=31769"},{"taxonomy":"partner","embeddable":true,"href":"https:\/\/wildenherbals.com\/de\/wp-json\/wp\/v2\/partner?post=31769"},{"taxonomy":"line","embeddable":true,"href":"https:\/\/wildenherbals.com\/de\/wp-json\/wp\/v2\/line?post=31769"}],"curies":[{"name":"wp","href":"https:\/\/api.w.org\/{rel}","templated":true}]}}