{"id":31375,"date":"2023-11-08T15:19:48","date_gmt":"2023-11-08T14:19:48","guid":{"rendered":"https:\/\/wildenherbals.com\/?post_type=product&#038;p=31375"},"modified":"2025-05-31T10:03:45","modified_gmt":"2025-05-31T08:03:45","slug":"wilden-650ml-teekanne-milk-by-giulia-valentino-ceramics","status":"publish","type":"product","link":"https:\/\/wildenherbals.com\/de\/shop\/zubehor\/wilden-650ml-teekanne-milk-by-giulia-valentino-ceramics\/","title":{"rendered":"Wilden. 650ml teekanne | MILK von Giulia Valentino Ceramics"},"content":{"rendered":"<p>Teekanne inspiriert von klassischen japanischen Formen. Die kugelf\u00f6rmige Form des K\u00f6rpers ist harmonisch mit einer kleinen T\u00fclle und einem ergonomischen Handgriff vereint. Der St\u00f6psel hat einen langen Hals, um Stabilit\u00e4t zu gew\u00e4hrleisten, und einen massiven Ring aus Steingut, um einen bequemen Griff zu erm\u00f6glichen, ohne dass die Gefahr einer \u00dcberhitzung besteht.  <\/p>\n<p>Hergestellt auf einer Drehbank aus wei\u00dfem spanischem Steinzeug und glasiert mit wei\u00dfer, satinierter Emaille. Die halbrefrakt\u00e4ren Mischungen mit einem hohen Schamotteanteil, die bei 1260\u00b0C gebrannt werden, garantieren eine minimale Porosit\u00e4t des Materials und eine ausgezeichnete Festigkeit. F\u00fcr die Glasur werden nur Zutaten aus europ\u00e4ischen Quellen verwendet und sie ist lebensmittelecht zertifiziert. <\/p>\n<p>Farbe: Milch<\/p>\n<p>Es kann in der Sp\u00fclmaschine gewaschen werden.<\/p>\n","protected":false},"excerpt":{"rendered":"<p>Teekanne inspiriert von klassischen japanischen Formen. Die kugelf\u00f6rmige Form des K\u00f6rpers ist harmonisch mit einer kleinen T\u00fclle und einem ergonomischen Handgriff vereint. Der St\u00f6psel hat einen langen Hals, um Stabilit\u00e4t zu gew\u00e4hrleisten, und einen massiven Ring aus Steingut, um einen bequemen Griff zu erm\u00f6glichen, ohne dass die Gefahr einer \u00dcberhitzung besteht. Hergestellt auf einer Drehbank [&hellip;]<\/p>\n","protected":false},"featured_media":31405,"template":"","meta":{"_acf_changed":false,"inline_featured_image":false,"_mbp_gutenberg_autopost":false},"product_brand":[],"product_cat":[570,571],"product_tag":[],"partner":[],"line":[],"class_list":{"0":"post-31375","1":"product","2":"type-product","3":"status-publish","4":"has-post-thumbnail","6":"product_cat-zubehor","7":"product_cat-flaschen-tassen-und-teekannen","9":"first","10":"outofstock","11":"taxable","12":"shipping-taxable","13":"purchasable","14":"product-type-simple"},"bundle_layout":"","bundled_by":["27886"],"bundled_items":[],"acf":[],"_links":{"self":[{"href":"https:\/\/wildenherbals.com\/de\/wp-json\/wp\/v2\/product\/31375","targetHints":{"allow":["GET"]}}],"collection":[{"href":"https:\/\/wildenherbals.com\/de\/wp-json\/wp\/v2\/product"}],"about":[{"href":"https:\/\/wildenherbals.com\/de\/wp-json\/wp\/v2\/types\/product"}],"wp:featuredmedia":[{"embeddable":true,"href":"https:\/\/wildenherbals.com\/de\/wp-json\/wp\/v2\/media\/31405"}],"wp:attachment":[{"href":"https:\/\/wildenherbals.com\/de\/wp-json\/wp\/v2\/media?parent=31375"}],"wp:term":[{"taxonomy":"product_brand","embeddable":true,"href":"https:\/\/wildenherbals.com\/de\/wp-json\/wp\/v2\/product_brand?post=31375"},{"taxonomy":"product_cat","embeddable":true,"href":"https:\/\/wildenherbals.com\/de\/wp-json\/wp\/v2\/product_cat?post=31375"},{"taxonomy":"product_tag","embeddable":true,"href":"https:\/\/wildenherbals.com\/de\/wp-json\/wp\/v2\/product_tag?post=31375"},{"taxonomy":"partner","embeddable":true,"href":"https:\/\/wildenherbals.com\/de\/wp-json\/wp\/v2\/partner?post=31375"},{"taxonomy":"line","embeddable":true,"href":"https:\/\/wildenherbals.com\/de\/wp-json\/wp\/v2\/line?post=31375"}],"curies":[{"name":"wp","href":"https:\/\/api.w.org\/{rel}","templated":true}]}}