{"id":31279,"date":"2023-11-07T11:46:41","date_gmt":"2023-11-07T10:46:41","guid":{"rendered":"https:\/\/wildenherbals.com\/?post_type=product&#038;p=31279"},"modified":"2025-09-29T09:50:23","modified_gmt":"2025-09-29T07:50:23","slug":"wilden-yunomi-oat-and-milk-by-giulia-valentino-ceramics","status":"publish","type":"product","link":"https:\/\/wildenherbals.com\/de\/shop\/zubehor\/wilden-yunomi-oat-and-milk-by-giulia-valentino-ceramics\/","title":{"rendered":"Wilden. yunomi OAT und MILK von Giulia Valentino Keramik"},"content":{"rendered":"<p>Traditionelle japanische Teetasse. (In Japan wird Tee immer bei einer Temperatur von ca. 65\u00b0C getrunken, um alle seine Aromen optimal genie\u00dfen zu k\u00f6nnen, weshalb ein Henkel nicht sinnvoll ist) <\/p>\n<p>Hergestellt auf der T\u00f6pferscheibe aus franz\u00f6sischem braunem\/spanischem wei\u00dfem Steinzeug, glasiert mit wei\u00dfer satinierter Emaille. Die halbrefrakt\u00e4ren Mischungen mit einem hohen Schamotteanteil, die bei 1260\u00b0C gebrannt werden, garantieren eine minimale Porosit\u00e4t des Materials und eine ausgezeichnete Festigkeit. F\u00fcr die Glasur werden nur Zutaten aus europ\u00e4ischen Quellen verwendet und sie ist lebensmittelecht zertifiziert. <\/p>\n<p>Es kann in der Sp\u00fclmaschine gewaschen werden.<\/p>\n","protected":false},"excerpt":{"rendered":"<p>Traditionelle japanische Teetasse. (In Japan wird Tee immer bei einer Temperatur von ca. 65\u00b0C getrunken, um alle seine Aromen optimal genie\u00dfen zu k\u00f6nnen, weshalb ein Henkel nicht sinnvoll ist) Hergestellt auf der T\u00f6pferscheibe aus franz\u00f6sischem braunem\/spanischem wei\u00dfem Steinzeug, glasiert mit wei\u00dfer satinierter Emaille. Die halbrefrakt\u00e4ren Mischungen mit einem hohen Schamotteanteil, die bei 1260\u00b0C gebrannt werden, [&hellip;]<\/p>\n","protected":false},"featured_media":31415,"template":"","meta":{"_acf_changed":false,"inline_featured_image":false,"_mbp_gutenberg_autopost":false},"product_brand":[],"product_cat":[570,571],"product_tag":[],"partner":[],"line":[],"class_list":{"0":"post-31279","1":"product","2":"type-product","3":"status-publish","4":"has-post-thumbnail","6":"product_cat-zubehor","7":"product_cat-flaschen-tassen-und-teekannen","9":"first","10":"instock","11":"taxable","12":"shipping-taxable","13":"purchasable","14":"product-type-variable"},"bundle_layout":"","bundled_by":[],"bundled_items":[],"acf":[],"_links":{"self":[{"href":"https:\/\/wildenherbals.com\/de\/wp-json\/wp\/v2\/product\/31279","targetHints":{"allow":["GET"]}}],"collection":[{"href":"https:\/\/wildenherbals.com\/de\/wp-json\/wp\/v2\/product"}],"about":[{"href":"https:\/\/wildenherbals.com\/de\/wp-json\/wp\/v2\/types\/product"}],"wp:featuredmedia":[{"embeddable":true,"href":"https:\/\/wildenherbals.com\/de\/wp-json\/wp\/v2\/media\/31415"}],"wp:attachment":[{"href":"https:\/\/wildenherbals.com\/de\/wp-json\/wp\/v2\/media?parent=31279"}],"wp:term":[{"taxonomy":"product_brand","embeddable":true,"href":"https:\/\/wildenherbals.com\/de\/wp-json\/wp\/v2\/product_brand?post=31279"},{"taxonomy":"product_cat","embeddable":true,"href":"https:\/\/wildenherbals.com\/de\/wp-json\/wp\/v2\/product_cat?post=31279"},{"taxonomy":"product_tag","embeddable":true,"href":"https:\/\/wildenherbals.com\/de\/wp-json\/wp\/v2\/product_tag?post=31279"},{"taxonomy":"partner","embeddable":true,"href":"https:\/\/wildenherbals.com\/de\/wp-json\/wp\/v2\/partner?post=31279"},{"taxonomy":"line","embeddable":true,"href":"https:\/\/wildenherbals.com\/de\/wp-json\/wp\/v2\/line?post=31279"}],"curies":[{"name":"wp","href":"https:\/\/api.w.org\/{rel}","templated":true}]}}