{"id":30931,"date":"2023-11-07T10:32:11","date_gmt":"2023-11-07T09:32:12","guid":{"rendered":"https:\/\/wildenherbals.com\/?post_type=product&#038;p=30931"},"modified":"2025-05-31T09:58:39","modified_gmt":"2025-05-31T07:58:39","slug":"wilden-box-3-hullen-energieren-copia","status":"publish","type":"product","link":"https:\/\/wildenherbals.com\/de\/shop\/geschenkbox\/mix-box-de\/wilden-box-3-hullen-energieren-copia\/","title":{"rendered":"Wilden Box &#8211; 3 Boxen | CALM"},"content":{"rendered":"<p>Unsere Bio-Kr\u00e4utertees wurden entwickelt, um Ihnen die bestm\u00f6gliche Erholung und einen erholsamen Schlaf zu erm\u00f6glichen. Sie enthalten die besten Heilpflanzen mit beruhigenden und entspannenden Eigenschaften, die Ihnen helfen, die Last des Tages von den Schultern zu nehmen.<\/p>\n<p>Die Remedia-Kr\u00e4utertees von Wilden sind in Kombination mit einem gesunden Lebensstil und einer schmackhaften, abwechslungsreichen und ausgewogenen Ern\u00e4hrung ideal, um sich selbst zu pflegen.<\/p>\n<p>3 Packungen mit je 10 Beuteln<\/p>\n<p>Remedium 1 &#8211; Nacht<br \/>\nRemedium 3 &#8211; Verdauung<br \/>\nRemedium 6 &#8211; Entspannung<\/p>\n","protected":false},"excerpt":{"rendered":"<p>Unsere Bio-Kr\u00e4utertees wurden entwickelt, um Ihnen die bestm\u00f6gliche Erholung und einen erholsamen Schlaf zu erm\u00f6glichen. Sie enthalten die besten Heilpflanzen mit beruhigenden und entspannenden Eigenschaften, die Ihnen helfen, die Last des Tages von den Schultern zu nehmen. Die Remedia-Kr\u00e4utertees von Wilden sind in Kombination mit einem gesunden Lebensstil und einer schmackhaften, abwechslungsreichen und ausgewogenen Ern\u00e4hrung [&hellip;]<\/p>\n","protected":false},"featured_media":30981,"template":"","meta":{"_acf_changed":false,"inline_featured_image":false,"_mbp_gutenberg_autopost":false},"product_brand":[],"product_cat":[620,600],"product_tag":[],"partner":[],"line":[],"class_list":{"0":"post-30931","1":"product","2":"type-product","3":"status-publish","4":"has-post-thumbnail","6":"product_cat-mix-box-de","7":"product_cat-mischen","9":"first","10":"instock","11":"taxable","12":"shipping-taxable","13":"purchasable","14":"product-type-variable"},"bundle_layout":"","bundled_by":[],"bundled_items":[],"acf":[],"_links":{"self":[{"href":"https:\/\/wildenherbals.com\/de\/wp-json\/wp\/v2\/product\/30931","targetHints":{"allow":["GET"]}}],"collection":[{"href":"https:\/\/wildenherbals.com\/de\/wp-json\/wp\/v2\/product"}],"about":[{"href":"https:\/\/wildenherbals.com\/de\/wp-json\/wp\/v2\/types\/product"}],"wp:featuredmedia":[{"embeddable":true,"href":"https:\/\/wildenherbals.com\/de\/wp-json\/wp\/v2\/media\/30981"}],"wp:attachment":[{"href":"https:\/\/wildenherbals.com\/de\/wp-json\/wp\/v2\/media?parent=30931"}],"wp:term":[{"taxonomy":"product_brand","embeddable":true,"href":"https:\/\/wildenherbals.com\/de\/wp-json\/wp\/v2\/product_brand?post=30931"},{"taxonomy":"product_cat","embeddable":true,"href":"https:\/\/wildenherbals.com\/de\/wp-json\/wp\/v2\/product_cat?post=30931"},{"taxonomy":"product_tag","embeddable":true,"href":"https:\/\/wildenherbals.com\/de\/wp-json\/wp\/v2\/product_tag?post=30931"},{"taxonomy":"partner","embeddable":true,"href":"https:\/\/wildenherbals.com\/de\/wp-json\/wp\/v2\/partner?post=30931"},{"taxonomy":"line","embeddable":true,"href":"https:\/\/wildenherbals.com\/de\/wp-json\/wp\/v2\/line?post=30931"}],"curies":[{"name":"wp","href":"https:\/\/api.w.org\/{rel}","templated":true}]}}