{"id":30908,"date":"2023-11-07T10:29:29","date_gmt":"2023-11-07T09:29:30","guid":{"rendered":"https:\/\/wildenherbals.com\/?post_type=product&#038;p=30908"},"modified":"2025-05-31T10:18:39","modified_gmt":"2025-05-31T08:18:39","slug":"mix-energize-3-remedia-48-beutel-morgen-boost-und-konzentration-copia-copia-copia","status":"publish","type":"product","link":"https:\/\/wildenherbals.com\/de\/shop\/geschenkbox\/mix-box-de\/mix-energize-3-remedia-48-beutel-morgen-boost-und-konzentration-copia-copia-copia\/","title":{"rendered":"Mix Purify 3 Remedia &#8211; 48 Portionsbeutel &#8211; Verdauung, Kater und Entgiftung"},"content":{"rendered":"<p>Unsere Bio-Kr\u00e4utertees wurden entwickelt, um die nat\u00fcrlichen Prozesse Ihres K\u00f6rpers zu unterst\u00fctzen und zu st\u00e4rken. Sie verwenden die besten Heilpflanzen mit reinigenden Eigenschaften, um Ihnen zu helfen, Ihr Gleichgewicht wiederzufinden und einen neuen Rhythmus zu finden.<\/p>\n<p>Die Remedia-Kr\u00e4utertees von Wilden sind in Kombination mit einem gesunden Lebensstil und einer schmackhaften, abwechslungsreichen und ausgewogenen Ern\u00e4hrung ideal, um auf sich selbst aufzupassen.<\/p>\n<p>48 Beutel<\/p>\n<p>Remedium 3 &#8211; Verdauung<br \/>\nRemedium 4 &#8211; Kater<br \/>\nRemedium 7 &#8211; Entgiftung<\/p>\n","protected":false},"excerpt":{"rendered":"<p>Unsere Bio-Kr\u00e4utertees wurden entwickelt, um die nat\u00fcrlichen Prozesse Ihres K\u00f6rpers zu unterst\u00fctzen und zu st\u00e4rken. Sie verwenden die besten Heilpflanzen mit reinigenden Eigenschaften, um Ihnen zu helfen, Ihr Gleichgewicht wiederzufinden und einen neuen Rhythmus zu finden. Die Remedia-Kr\u00e4utertees von Wilden sind in Kombination mit einem gesunden Lebensstil und einer schmackhaften, abwechslungsreichen und ausgewogenen Ern\u00e4hrung ideal, [&hellip;]<\/p>\n","protected":false},"featured_media":31483,"template":"","meta":{"_acf_changed":false,"inline_featured_image":false,"_mbp_gutenberg_autopost":false},"product_brand":[],"product_cat":[600,620],"product_tag":[],"partner":[],"line":[],"class_list":{"0":"post-30908","1":"product","2":"type-product","3":"status-publish","4":"has-post-thumbnail","6":"product_cat-mischen","7":"product_cat-mix-box-de","9":"first","10":"instock","11":"taxable","12":"shipping-taxable","13":"purchasable","14":"product-type-simple"},"bundle_layout":"","bundled_by":[],"bundled_items":[],"acf":[],"_links":{"self":[{"href":"https:\/\/wildenherbals.com\/de\/wp-json\/wp\/v2\/product\/30908","targetHints":{"allow":["GET"]}}],"collection":[{"href":"https:\/\/wildenherbals.com\/de\/wp-json\/wp\/v2\/product"}],"about":[{"href":"https:\/\/wildenherbals.com\/de\/wp-json\/wp\/v2\/types\/product"}],"wp:featuredmedia":[{"embeddable":true,"href":"https:\/\/wildenherbals.com\/de\/wp-json\/wp\/v2\/media\/31483"}],"wp:attachment":[{"href":"https:\/\/wildenherbals.com\/de\/wp-json\/wp\/v2\/media?parent=30908"}],"wp:term":[{"taxonomy":"product_brand","embeddable":true,"href":"https:\/\/wildenherbals.com\/de\/wp-json\/wp\/v2\/product_brand?post=30908"},{"taxonomy":"product_cat","embeddable":true,"href":"https:\/\/wildenherbals.com\/de\/wp-json\/wp\/v2\/product_cat?post=30908"},{"taxonomy":"product_tag","embeddable":true,"href":"https:\/\/wildenherbals.com\/de\/wp-json\/wp\/v2\/product_tag?post=30908"},{"taxonomy":"partner","embeddable":true,"href":"https:\/\/wildenherbals.com\/de\/wp-json\/wp\/v2\/partner?post=30908"},{"taxonomy":"line","embeddable":true,"href":"https:\/\/wildenherbals.com\/de\/wp-json\/wp\/v2\/line?post=30908"}],"curies":[{"name":"wp","href":"https:\/\/api.w.org\/{rel}","templated":true}]}}