{"id":30886,"date":"2023-11-07T10:25:01","date_gmt":"2023-11-07T09:25:01","guid":{"rendered":"https:\/\/wildenherbals.com\/?post_type=product&#038;p=30886"},"modified":"2025-05-31T10:19:10","modified_gmt":"2025-05-31T08:19:10","slug":"mix-energize-3-remedia-48-beutel-morgen-boost-und-konzentration-copia-copia","status":"publish","type":"product","link":"https:\/\/wildenherbals.com\/de\/shop\/geschenkbox\/mix-box-de\/mix-energize-3-remedia-48-beutel-morgen-boost-und-konzentration-copia-copia\/","title":{"rendered":"Mix Balance 3 Remedia &#8211; 48 Portionsbeutel &#8211; St\u00e4rkung, Entgiftung und Wiedergeburt"},"content":{"rendered":"<p>Unsere Bio-Kr\u00e4utertees wurden zur F\u00f6rderung von Konzentration, Ruhe und innerem Wohlbefinden entwickelt und enthalten die besten Heilpflanzen mit stimulierenden und antioxidativen Eigenschaften, die Ihnen helfen, ganz im Hier und Jetzt zu leben.<\/p>\n<p>Die Remedia-Kr\u00e4utertees von Wilden sind in Kombination mit einem gesunden Lebensstil und einer schmackhaften, abwechslungsreichen und ausgewogenen Ern\u00e4hrung ideal, um sich selbst zu pflegen.<\/p>\n<p>48 Beutel<\/p>\n<p>Remedium 2 &#8211; Boost<br \/>\nRemedium 7 &#8211; Detox<br \/>\nRemedium 9 &#8211; Reborn<\/p>\n","protected":false},"excerpt":{"rendered":"<p>Unsere Bio-Kr\u00e4utertees wurden zur F\u00f6rderung von Konzentration, Ruhe und innerem Wohlbefinden entwickelt und enthalten die besten Heilpflanzen mit stimulierenden und antioxidativen Eigenschaften, die Ihnen helfen, ganz im Hier und Jetzt zu leben. Die Remedia-Kr\u00e4utertees von Wilden sind in Kombination mit einem gesunden Lebensstil und einer schmackhaften, abwechslungsreichen und ausgewogenen Ern\u00e4hrung ideal, um sich selbst zu [&hellip;]<\/p>\n","protected":false},"featured_media":31493,"template":"","meta":{"_acf_changed":false,"inline_featured_image":false,"_mbp_gutenberg_autopost":false},"product_brand":[],"product_cat":[600,620],"product_tag":[],"partner":[],"line":[],"class_list":{"0":"post-30886","1":"product","2":"type-product","3":"status-publish","4":"has-post-thumbnail","6":"product_cat-mischen","7":"product_cat-mix-box-de","9":"first","10":"instock","11":"taxable","12":"shipping-taxable","13":"purchasable","14":"product-type-simple"},"bundle_layout":"","bundled_by":[],"bundled_items":[],"acf":[],"_links":{"self":[{"href":"https:\/\/wildenherbals.com\/de\/wp-json\/wp\/v2\/product\/30886","targetHints":{"allow":["GET"]}}],"collection":[{"href":"https:\/\/wildenherbals.com\/de\/wp-json\/wp\/v2\/product"}],"about":[{"href":"https:\/\/wildenherbals.com\/de\/wp-json\/wp\/v2\/types\/product"}],"wp:featuredmedia":[{"embeddable":true,"href":"https:\/\/wildenherbals.com\/de\/wp-json\/wp\/v2\/media\/31493"}],"wp:attachment":[{"href":"https:\/\/wildenherbals.com\/de\/wp-json\/wp\/v2\/media?parent=30886"}],"wp:term":[{"taxonomy":"product_brand","embeddable":true,"href":"https:\/\/wildenherbals.com\/de\/wp-json\/wp\/v2\/product_brand?post=30886"},{"taxonomy":"product_cat","embeddable":true,"href":"https:\/\/wildenherbals.com\/de\/wp-json\/wp\/v2\/product_cat?post=30886"},{"taxonomy":"product_tag","embeddable":true,"href":"https:\/\/wildenherbals.com\/de\/wp-json\/wp\/v2\/product_tag?post=30886"},{"taxonomy":"partner","embeddable":true,"href":"https:\/\/wildenherbals.com\/de\/wp-json\/wp\/v2\/partner?post=30886"},{"taxonomy":"line","embeddable":true,"href":"https:\/\/wildenherbals.com\/de\/wp-json\/wp\/v2\/line?post=30886"}],"curies":[{"name":"wp","href":"https:\/\/api.w.org\/{rel}","templated":true}]}}