{"id":30684,"date":"2023-11-03T15:56:14","date_gmt":"2023-11-03T14:56:14","guid":{"rendered":"https:\/\/wildenherbals.com\/?post_type=product&#038;p=30684"},"modified":"2025-09-29T20:21:24","modified_gmt":"2025-09-29T18:21:24","slug":"wilden-mug-oat-und-milk-by-giulia-valentino-ceramics","status":"publish","type":"product","link":"https:\/\/wildenherbals.com\/de\/shop\/zubehor\/wilden-mug-oat-und-milk-by-giulia-valentino-ceramics\/","title":{"rendered":"Becher Wilden. | OAT and MILK von Giulia Valentino Keramik"},"content":{"rendered":"<p>Sanft geformter Becher mit ergonomischem, handgezogenem Griff.<\/p>\n<p>Hergestellt auf der T\u00f6pferscheibe aus franz\u00f6sischem braunem\/spanischem wei\u00dfem Steinzeug, glasiert mit wei\u00dfer satinierter Emaille. Die halbrefrakt\u00e4ren Mischungen mit einem hohen Schamotteanteil, die bei 1260\u00b0C gebrannt werden, garantieren eine minimale Porosit\u00e4t des Materials und eine ausgezeichnete Festigkeit. F\u00fcr die Glasur werden nur Zutaten aus europ\u00e4ischen Quellen verwendet und sie ist lebensmittelecht zertifiziert. <\/p>\n<p>Es kann in der Sp\u00fclmaschine gewaschen werden.<\/p>\n","protected":false},"excerpt":{"rendered":"<p>Sanft geformter Becher mit ergonomischem, handgezogenem Griff. Hergestellt auf der T\u00f6pferscheibe aus franz\u00f6sischem braunem\/spanischem wei\u00dfem Steinzeug, glasiert mit wei\u00dfer satinierter Emaille. Die halbrefrakt\u00e4ren Mischungen mit einem hohen Schamotteanteil, die bei 1260\u00b0C gebrannt werden, garantieren eine minimale Porosit\u00e4t des Materials und eine ausgezeichnete Festigkeit. F\u00fcr die Glasur werden nur Zutaten aus europ\u00e4ischen Quellen verwendet und sie [&hellip;]<\/p>\n","protected":false},"featured_media":31410,"template":"","meta":{"_acf_changed":false,"inline_featured_image":false,"_mbp_gutenberg_autopost":false},"product_brand":[],"product_cat":[570,571],"product_tag":[],"partner":[],"line":[],"class_list":{"0":"post-30684","1":"product","2":"type-product","3":"status-publish","4":"has-post-thumbnail","6":"product_cat-zubehor","7":"product_cat-flaschen-tassen-und-teekannen","9":"first","10":"instock","11":"taxable","12":"shipping-taxable","13":"purchasable","14":"product-type-variable"},"bundle_layout":"","bundled_by":[],"bundled_items":[],"acf":[],"_links":{"self":[{"href":"https:\/\/wildenherbals.com\/de\/wp-json\/wp\/v2\/product\/30684","targetHints":{"allow":["GET"]}}],"collection":[{"href":"https:\/\/wildenherbals.com\/de\/wp-json\/wp\/v2\/product"}],"about":[{"href":"https:\/\/wildenherbals.com\/de\/wp-json\/wp\/v2\/types\/product"}],"wp:featuredmedia":[{"embeddable":true,"href":"https:\/\/wildenherbals.com\/de\/wp-json\/wp\/v2\/media\/31410"}],"wp:attachment":[{"href":"https:\/\/wildenherbals.com\/de\/wp-json\/wp\/v2\/media?parent=30684"}],"wp:term":[{"taxonomy":"product_brand","embeddable":true,"href":"https:\/\/wildenherbals.com\/de\/wp-json\/wp\/v2\/product_brand?post=30684"},{"taxonomy":"product_cat","embeddable":true,"href":"https:\/\/wildenherbals.com\/de\/wp-json\/wp\/v2\/product_cat?post=30684"},{"taxonomy":"product_tag","embeddable":true,"href":"https:\/\/wildenherbals.com\/de\/wp-json\/wp\/v2\/product_tag?post=30684"},{"taxonomy":"partner","embeddable":true,"href":"https:\/\/wildenherbals.com\/de\/wp-json\/wp\/v2\/partner?post=30684"},{"taxonomy":"line","embeddable":true,"href":"https:\/\/wildenherbals.com\/de\/wp-json\/wp\/v2\/line?post=30684"}],"curies":[{"name":"wp","href":"https:\/\/api.w.org\/{rel}","templated":true}]}}