{"id":30633,"date":"2023-11-02T11:57:03","date_gmt":"2023-11-02T10:57:03","guid":{"rendered":"https:\/\/wildenherbals.com\/?post_type=product&#038;p=30633"},"modified":"2025-05-31T10:18:47","modified_gmt":"2025-05-31T08:18:47","slug":"mix-energize-3-remedia-48-sachets-morning-boost-e-focus","status":"publish","type":"product","link":"https:\/\/wildenherbals.com\/de\/shop\/geschenkbox\/mix-box-de\/mix-energize-3-remedia-48-sachets-morning-boost-e-focus\/","title":{"rendered":"Remedia Energize 3 Mix &#8211; 48 Portionsbeutel &#8211; Morning, Boost und Focus"},"content":{"rendered":"<p>Unsere Bio-Kr\u00e4utertees wurden entwickelt, um Ihnen zu helfen, im gegenw\u00e4rtigen Moment zu leben und Ihnen auf nat\u00fcrliche Weise Energie zu geben. Unsere Bio-Kr\u00e4utertees verwenden die besten Heilpflanzen mit belebenden Eigenschaften, um Ihnen einen zus\u00e4tzlichen Schub zu geben und sich gut zu f\u00fchlen.<\/p>\n<p>Die Remedia-Kr\u00e4utertees von Wilden sind in Kombination mit einem gesunden Lebensstil und einer schmackhaften, abwechslungsreichen und ausgewogenen Ern\u00e4hrung ideal, um auf sich selbst aufzupassen.<\/p>\n<p>48 Beutel<\/p>\n<p>Remedium 0 &#8211; Morning<br \/>\nRemedium 2 &#8211; Boost<br \/>\nRemedium 5 &#8211; Focus<\/p>\n","protected":false},"excerpt":{"rendered":"<p>Unsere Bio-Kr\u00e4utertees wurden entwickelt, um Ihnen zu helfen, im gegenw\u00e4rtigen Moment zu leben und Ihnen auf nat\u00fcrliche Weise Energie zu geben. Unsere Bio-Kr\u00e4utertees verwenden die besten Heilpflanzen mit belebenden Eigenschaften, um Ihnen einen zus\u00e4tzlichen Schub zu geben und sich gut zu f\u00fchlen. Die Remedia-Kr\u00e4utertees von Wilden sind in Kombination mit einem gesunden Lebensstil und einer [&hellip;]<\/p>\n","protected":false},"featured_media":31503,"template":"","meta":{"_acf_changed":false,"inline_featured_image":false,"_mbp_gutenberg_autopost":false},"product_brand":[],"product_cat":[620,600],"product_tag":[],"partner":[],"line":[],"class_list":{"0":"post-30633","1":"product","2":"type-product","3":"status-publish","4":"has-post-thumbnail","6":"product_cat-mix-box-de","7":"product_cat-mischen","9":"first","10":"instock","11":"taxable","12":"shipping-taxable","13":"purchasable","14":"product-type-simple"},"bundle_layout":"","bundled_by":[],"bundled_items":[],"acf":[],"_links":{"self":[{"href":"https:\/\/wildenherbals.com\/de\/wp-json\/wp\/v2\/product\/30633","targetHints":{"allow":["GET"]}}],"collection":[{"href":"https:\/\/wildenherbals.com\/de\/wp-json\/wp\/v2\/product"}],"about":[{"href":"https:\/\/wildenherbals.com\/de\/wp-json\/wp\/v2\/types\/product"}],"wp:featuredmedia":[{"embeddable":true,"href":"https:\/\/wildenherbals.com\/de\/wp-json\/wp\/v2\/media\/31503"}],"wp:attachment":[{"href":"https:\/\/wildenherbals.com\/de\/wp-json\/wp\/v2\/media?parent=30633"}],"wp:term":[{"taxonomy":"product_brand","embeddable":true,"href":"https:\/\/wildenherbals.com\/de\/wp-json\/wp\/v2\/product_brand?post=30633"},{"taxonomy":"product_cat","embeddable":true,"href":"https:\/\/wildenherbals.com\/de\/wp-json\/wp\/v2\/product_cat?post=30633"},{"taxonomy":"product_tag","embeddable":true,"href":"https:\/\/wildenherbals.com\/de\/wp-json\/wp\/v2\/product_tag?post=30633"},{"taxonomy":"partner","embeddable":true,"href":"https:\/\/wildenherbals.com\/de\/wp-json\/wp\/v2\/partner?post=30633"},{"taxonomy":"line","embeddable":true,"href":"https:\/\/wildenherbals.com\/de\/wp-json\/wp\/v2\/line?post=30633"}],"curies":[{"name":"wp","href":"https:\/\/api.w.org\/{rel}","templated":true}]}}