{"id":29234,"date":"2020-06-23T11:21:00","date_gmt":"2020-06-23T09:21:00","guid":{"rendered":"https:\/\/wildenherbals.com\/shop\/unkategorisiert\/melissensamen\/"},"modified":"2025-09-29T09:35:19","modified_gmt":"2025-09-29T07:35:19","slug":"zitronenmelisse","status":"publish","type":"product","link":"https:\/\/wildenherbals.com\/de\/shop\/essenslager\/andere\/zitronenmelisse\/","title":{"rendered":"Melissa Saatgut"},"content":{"rendered":"<p>Die Sorte \u201eQuedlinburger Niederliegende\u201c ist daf\u00fcr bekannt, dass sie einen h\u00f6heren Gehalt an \u00e4therischen \u00d6len enth\u00e4lt als die gew\u00f6hnliche Zitronenmelisse.<\/p>\n<p>F\u00fcr uns gibt es unz\u00e4hlige Gr\u00fcnde, die Zitronenmelisse zu lieben und zu kultivieren: perfekt in der K\u00fcche, unverzichtbar in der Kosmetik, n\u00fctzlich in der Medizin und vor allem mit einem fabelhaften Duft, irgendwo zwischen Minze und Zitrone.<\/p>\n<p>Der komplizierte Name stammt von der Stadt Quedlinburg, die n\u00f6rdlich des Harzes in Sachsen liegt. Niederliegende&#8220; kann mit &#8222;ausladend&#8220; \u00fcbersetzt werden, ein botanisches Adjektiv f\u00fcr &#8222;sich auf dem Boden ausbreitend, ohne Wurzeln zu schlagen&#8220;. <\/p>\n<p>Eine Pflanze, die in jedem Garten stehen sollte.<\/p>\n","protected":false},"excerpt":{"rendered":"<p>Die Quedlinburger Niederliegende ist daf\u00fcr bekannt, dass sie einen h\u00f6heren Gehalt an \u00e4therischen \u00d6len enth\u00e4lt als die gew\u00f6hnliche Zitronenmelisse. F\u00fcr uns sind die Gr\u00fcnde, Zitronenmelisse zu lieben und anzubauen, endlos: perfekt in der K\u00fcche, unverzichtbar in der Kosmetik, n\u00fctzlich in der Medizin und vor allem mit einem fabelhaften Geruch, irgendwo zwischen Minze und Zitrone. Der komplizierte Name stammt von der Stadt Quedlinburg, die n\u00f6rdlich des Harzes in Sachsen liegt. Niederliegende&#8216; kann mit &#8218;ausladend&#8216; \u00fcbersetzt werden, ein botanisches Adjektiv f\u00fcr &#8217;sich am Boden ausbreitend, ohne Wurzeln zu schlagen&#8216;. Eine Pflanze, die in keinem Garten fehlen sollte.    <\/p>\n","protected":false},"featured_media":22234,"template":"","meta":{"_acf_changed":false,"inline_featured_image":false,"_mbp_gutenberg_autopost":false},"product_brand":[],"product_cat":[681,592],"product_tag":[],"partner":[],"line":[],"class_list":{"0":"post-29234","1":"product","2":"type-product","3":"status-publish","4":"has-post-thumbnail","6":"product_cat-andere","7":"product_cat-essenslager","9":"first","10":"instock","11":"taxable","12":"shipping-taxable","13":"purchasable","14":"product-type-simple"},"bundle_layout":"","bundled_by":[],"bundled_items":[],"acf":[],"_links":{"self":[{"href":"https:\/\/wildenherbals.com\/de\/wp-json\/wp\/v2\/product\/29234","targetHints":{"allow":["GET"]}}],"collection":[{"href":"https:\/\/wildenherbals.com\/de\/wp-json\/wp\/v2\/product"}],"about":[{"href":"https:\/\/wildenherbals.com\/de\/wp-json\/wp\/v2\/types\/product"}],"wp:featuredmedia":[{"embeddable":true,"href":"https:\/\/wildenherbals.com\/de\/wp-json\/wp\/v2\/media\/22234"}],"wp:attachment":[{"href":"https:\/\/wildenherbals.com\/de\/wp-json\/wp\/v2\/media?parent=29234"}],"wp:term":[{"taxonomy":"product_brand","embeddable":true,"href":"https:\/\/wildenherbals.com\/de\/wp-json\/wp\/v2\/product_brand?post=29234"},{"taxonomy":"product_cat","embeddable":true,"href":"https:\/\/wildenherbals.com\/de\/wp-json\/wp\/v2\/product_cat?post=29234"},{"taxonomy":"product_tag","embeddable":true,"href":"https:\/\/wildenherbals.com\/de\/wp-json\/wp\/v2\/product_tag?post=29234"},{"taxonomy":"partner","embeddable":true,"href":"https:\/\/wildenherbals.com\/de\/wp-json\/wp\/v2\/partner?post=29234"},{"taxonomy":"line","embeddable":true,"href":"https:\/\/wildenherbals.com\/de\/wp-json\/wp\/v2\/line?post=29234"}],"curies":[{"name":"wp","href":"https:\/\/api.w.org\/{rel}","templated":true}]}}