{"id":29166,"date":"2020-06-23T11:21:00","date_gmt":"2020-06-23T09:21:00","guid":{"rendered":"https:\/\/wildenherbals.com\/shop\/unkategorisiert\/bottlit-karaffe-aus-glas\/"},"modified":"2025-10-14T12:17:28","modified_gmt":"2025-10-14T10:17:28","slug":"flaschenkaraffe-1l","status":"publish","type":"product","link":"https:\/\/wildenherbals.com\/de\/shop\/zubehor\/flaschenkaraffe-1l\/","title":{"rendered":"BOTTLIT Glaskaraffe"},"content":{"rendered":"<p>BOTTLIT ist wie eine Flasche geformt und bringt Pers\u00f6nlichkeit in Ihr Zuhause. Die BOTTLIT Kr\u00fcge liegen gut in der Hand und der Inhalt l\u00e4sst sich leicht herausnehmen, wenn man sie kippt. <\/p>\n<p>Die Farbe des Inneninhalts, das raffinierte Glas und die organische runde Form verleihen Ihrer K\u00fcche und Ihrem Tisch Eleganz.<\/p>\n<p>Fassungsverm\u00f6gen: 1 Liter.<\/p>\n","protected":false},"excerpt":{"rendered":"<p>BOTTLIT ist wie eine Flasche geformt und bringt Pers\u00f6nlichkeit in Ihr Zuhause. Die BOTTLIT Kr\u00fcge liegen gut in der Hand und der Inhalt l\u00e4sst sich leicht herausnehmen, wenn man sie kippt. Die Farbe des Inneninhalts, das raffinierte Glas und die organische runde Form verleihen Ihrer K\u00fcche und Ihrem Tisch Eleganz. Fassungsverm\u00f6gen: 1 Liter.<\/p>\n","protected":false},"featured_media":22416,"template":"","meta":{"_acf_changed":false,"inline_featured_image":false,"_mbp_gutenberg_autopost":false},"product_brand":[],"product_cat":[570,815],"product_tag":[],"partner":[],"line":[],"class_list":{"0":"post-29166","1":"product","2":"type-product","3":"status-publish","4":"has-post-thumbnail","6":"product_cat-zubehor","7":"product_cat-andere-de-2","9":"first","10":"instock","11":"taxable","12":"shipping-taxable","13":"purchasable","14":"product-type-simple"},"bundle_layout":"","bundled_by":[],"bundled_items":[],"acf":[],"_links":{"self":[{"href":"https:\/\/wildenherbals.com\/de\/wp-json\/wp\/v2\/product\/29166","targetHints":{"allow":["GET"]}}],"collection":[{"href":"https:\/\/wildenherbals.com\/de\/wp-json\/wp\/v2\/product"}],"about":[{"href":"https:\/\/wildenherbals.com\/de\/wp-json\/wp\/v2\/types\/product"}],"wp:featuredmedia":[{"embeddable":true,"href":"https:\/\/wildenherbals.com\/de\/wp-json\/wp\/v2\/media\/22416"}],"wp:attachment":[{"href":"https:\/\/wildenherbals.com\/de\/wp-json\/wp\/v2\/media?parent=29166"}],"wp:term":[{"taxonomy":"product_brand","embeddable":true,"href":"https:\/\/wildenherbals.com\/de\/wp-json\/wp\/v2\/product_brand?post=29166"},{"taxonomy":"product_cat","embeddable":true,"href":"https:\/\/wildenherbals.com\/de\/wp-json\/wp\/v2\/product_cat?post=29166"},{"taxonomy":"product_tag","embeddable":true,"href":"https:\/\/wildenherbals.com\/de\/wp-json\/wp\/v2\/product_tag?post=29166"},{"taxonomy":"partner","embeddable":true,"href":"https:\/\/wildenherbals.com\/de\/wp-json\/wp\/v2\/partner?post=29166"},{"taxonomy":"line","embeddable":true,"href":"https:\/\/wildenherbals.com\/de\/wp-json\/wp\/v2\/line?post=29166"}],"curies":[{"name":"wp","href":"https:\/\/api.w.org\/{rel}","templated":true}]}}