{"id":28962,"date":"2020-10-08T16:33:00","date_gmt":"2020-10-08T14:33:00","guid":{"rendered":"https:\/\/wildenherbals.com\/shop\/unkategorisiert\/taschenschuerze-natuerliche-farbe\/"},"modified":"2025-09-29T09:58:42","modified_gmt":"2025-09-29T07:58:42","slug":"schurze","status":"publish","type":"product","link":"https:\/\/wildenherbals.com\/de\/shop\/textil\/schurze\/","title":{"rendered":"Sch\u00fcrze mit Tasche &#8211; Farbe Natur"},"content":{"rendered":"<p><span style=\"font-weight: 400;\">Italienische Leinensch\u00fcrze f\u00fcr Unisex, vielseitig einsetzbar. Bequem und elegant. Praktische Fronttasche.    <\/span><\/p>\n<p><span style=\"font-weight: 400;\">Perfekt f\u00fcr Ihre Freizeit in der K\u00fcche, im Garten, zu Hause.<\/span><\/p>\n<p><span style=\"font-weight: 400;\">Farben: Nat\u00fcrlich  <\/span><\/p>\n<p>Ma\u00dfe: 50&#215;32 cm &#8211; Tiefe: 10\/12 cm<\/p>\n<p><em>&#8222;Vielen Dank, dass Sie sich f\u00fcr dieses Artefakt entschieden haben, das aus nat\u00fcrlichem Pflanzenfasergewebe handgefertigt wurde. <\/em><br \/>\n<em>Jedes St\u00fcck wurde mit nat\u00fcrlichen, aus Pflanzen gewonnenen Farben nach alten F\u00e4rberezepten handgef\u00e4rbt.  <\/em><\/p>\n","protected":false},"excerpt":{"rendered":"<p>Italienische Leinensch\u00fcrze f\u00fcr Unisex, vielseitig einsetzbar. Bequem und elegant. Praktische Fronttasche. Perfekt f\u00fcr Ihre Freizeit in der K\u00fcche, im Garten, zu Hause. Farben: Nat\u00fcrlich Ma\u00dfe: 50&#215;32 cm &#8211; Tiefe: 10\/12 cm &#8222;Vielen Dank, dass Sie sich f\u00fcr dieses Artefakt entschieden haben, das aus nat\u00fcrlichem Pflanzenfasergewebe handgefertigt wurde. Jedes St\u00fcck wurde mit nat\u00fcrlichen, aus Pflanzen gewonnenen [&hellip;]<\/p>\n","protected":false},"featured_media":25300,"template":"","meta":{"_acf_changed":false,"inline_featured_image":false,"_mbp_gutenberg_autopost":false},"product_brand":[],"product_cat":[662,795],"product_tag":[],"partner":[490],"line":[],"class_list":{"0":"post-28962","1":"product","2":"type-product","3":"status-publish","4":"has-post-thumbnail","6":"product_cat-textil","7":"product_cat-andere-de","8":"partner-paola-barzano-fur-wilden","10":"first","11":"instock","12":"taxable","13":"shipping-taxable","14":"purchasable","15":"product-type-simple"},"bundle_layout":"","bundled_by":[],"bundled_items":[],"acf":[],"_links":{"self":[{"href":"https:\/\/wildenherbals.com\/de\/wp-json\/wp\/v2\/product\/28962","targetHints":{"allow":["GET"]}}],"collection":[{"href":"https:\/\/wildenherbals.com\/de\/wp-json\/wp\/v2\/product"}],"about":[{"href":"https:\/\/wildenherbals.com\/de\/wp-json\/wp\/v2\/types\/product"}],"wp:featuredmedia":[{"embeddable":true,"href":"https:\/\/wildenherbals.com\/de\/wp-json\/wp\/v2\/media\/25300"}],"wp:attachment":[{"href":"https:\/\/wildenherbals.com\/de\/wp-json\/wp\/v2\/media?parent=28962"}],"wp:term":[{"taxonomy":"product_brand","embeddable":true,"href":"https:\/\/wildenherbals.com\/de\/wp-json\/wp\/v2\/product_brand?post=28962"},{"taxonomy":"product_cat","embeddable":true,"href":"https:\/\/wildenherbals.com\/de\/wp-json\/wp\/v2\/product_cat?post=28962"},{"taxonomy":"product_tag","embeddable":true,"href":"https:\/\/wildenherbals.com\/de\/wp-json\/wp\/v2\/product_tag?post=28962"},{"taxonomy":"partner","embeddable":true,"href":"https:\/\/wildenherbals.com\/de\/wp-json\/wp\/v2\/partner?post=28962"},{"taxonomy":"line","embeddable":true,"href":"https:\/\/wildenherbals.com\/de\/wp-json\/wp\/v2\/line?post=28962"}],"curies":[{"name":"wp","href":"https:\/\/api.w.org\/{rel}","templated":true}]}}