{"id":28952,"date":"2020-10-08T16:59:55","date_gmt":"2020-10-08T14:59:55","guid":{"rendered":"https:\/\/wildenherbals.com\/shop\/unkategorisiert\/wild-natural-shopper-mit-tasche-und-flaschenhalter\/"},"modified":"2025-09-29T20:09:53","modified_gmt":"2025-09-29T18:09:53","slug":"wilder-kaufer","status":"publish","type":"product","link":"https:\/\/wildenherbals.com\/de\/shop\/textil\/wilder-kaufer\/","title":{"rendered":"Wild Natural Shopper &#8211; mit Tasche und Wasserflaschenhalter"},"content":{"rendered":"<p>Shopper-Tasche aus schwerem, reinem Leinenstoff, handgef\u00e4rbt mit nat\u00fcrlichen Erdfarben. An der Innenseite befinden sich zwei Gurtb\u00e4nder, in die Sie die Kinto x Wilden.herbals Thermoskanne einh\u00e4ngen k\u00f6nnen und die sie fest an ihrem Platz halten. An der Au\u00dfenseite befindet sich eine Tasche.<br \/>\nUnverzichtbar, stark und ergonomisch, ist sie daf\u00fcr gedacht, Sie jeden Tag ins B\u00fcro, ins Fitnessstudio oder zum Einkaufen zu begleiten. Jede Tasche ist handgefertigt und nach alten Rezepten mit nat\u00fcrlichen Farben handgef\u00e4rbt.  <\/p>\n<p>Farben: Rote Erde\/Gelbe Erde<\/p>\n<p>Abmessungen: 36&#215;34 cm &#8211; Front 27&#215;34 cm &#8211; Tiefe: 10 cm &#8211; Griffe: 26 cm<\/p>\n<p><em>&#8222;Vielen Dank, dass Sie sich f\u00fcr dieses handgefertigte St\u00fcck aus nat\u00fcrlichem Pflanzenfaserstoff entschieden haben. <\/em><em>Jedes St\u00fcck wurde mit nat\u00fcrlichen italienischen Erdfarben gef\u00e4rbt. <\/em><em>Die nat\u00fcrlichen Farben vermitteln ein angenehmes Gef\u00fchl von Energie und Ruhe. <\/em><em>Jeder Farbton oder jede Farbvariation ist ein Symbol f\u00fcr seine nat\u00fcrliche Einzigartigkeit.<\/em><br \/>\n<em>Wir empfehlen, es bei maximal 30 Grad mit einem zuvor in Wasser aufgel\u00f6sten Woll- oder Seidenwaschmittel zu waschen. <\/em><em>Setzen Sie es nicht der Sonne aus, bleichen Sie es nicht und achten Sie auf s\u00e4urehaltige Substanzen.<\/em>&#8222;<\/p>\n","protected":false},"excerpt":{"rendered":"<p>Shopper-Tasche aus schwerem, reinem Leinenstoff, handgef\u00e4rbt mit nat\u00fcrlichen Erdfarben. An der Innenseite befinden sich zwei Gurtb\u00e4nder, in die Sie die Kinto x Wilden.herbals Thermoskanne einh\u00e4ngen k\u00f6nnen und die sie fest an ihrem Platz halten. An der Au\u00dfenseite befindet sich eine Tasche. Unverzichtbar, stark und ergonomisch, ist sie daf\u00fcr gedacht, Sie jeden Tag ins B\u00fcro, ins [&hellip;]<\/p>\n","protected":false},"featured_media":25309,"template":"","meta":{"_acf_changed":false,"inline_featured_image":false,"_mbp_gutenberg_autopost":false},"product_brand":[],"product_cat":[662,663],"product_tag":[],"partner":[490],"line":[],"class_list":{"0":"post-28952","1":"product","2":"type-product","3":"status-publish","4":"has-post-thumbnail","6":"product_cat-textil","7":"product_cat-shopper-tasche","8":"partner-paola-barzano-fur-wilden","10":"first","11":"instock","12":"taxable","13":"shipping-taxable","14":"purchasable","15":"product-type-variable"},"bundle_layout":"","bundled_by":["27864"],"bundled_items":[],"acf":[],"_links":{"self":[{"href":"https:\/\/wildenherbals.com\/de\/wp-json\/wp\/v2\/product\/28952","targetHints":{"allow":["GET"]}}],"collection":[{"href":"https:\/\/wildenherbals.com\/de\/wp-json\/wp\/v2\/product"}],"about":[{"href":"https:\/\/wildenherbals.com\/de\/wp-json\/wp\/v2\/types\/product"}],"wp:featuredmedia":[{"embeddable":true,"href":"https:\/\/wildenherbals.com\/de\/wp-json\/wp\/v2\/media\/25309"}],"wp:attachment":[{"href":"https:\/\/wildenherbals.com\/de\/wp-json\/wp\/v2\/media?parent=28952"}],"wp:term":[{"taxonomy":"product_brand","embeddable":true,"href":"https:\/\/wildenherbals.com\/de\/wp-json\/wp\/v2\/product_brand?post=28952"},{"taxonomy":"product_cat","embeddable":true,"href":"https:\/\/wildenherbals.com\/de\/wp-json\/wp\/v2\/product_cat?post=28952"},{"taxonomy":"product_tag","embeddable":true,"href":"https:\/\/wildenherbals.com\/de\/wp-json\/wp\/v2\/product_tag?post=28952"},{"taxonomy":"partner","embeddable":true,"href":"https:\/\/wildenherbals.com\/de\/wp-json\/wp\/v2\/partner?post=28952"},{"taxonomy":"line","embeddable":true,"href":"https:\/\/wildenherbals.com\/de\/wp-json\/wp\/v2\/line?post=28952"}],"curies":[{"name":"wp","href":"https:\/\/api.w.org\/{rel}","templated":true}]}}