{"id":28942,"date":"2020-10-08T17:06:27","date_gmt":"2020-10-08T15:06:27","guid":{"rendered":"https:\/\/wildenherbals.com\/shop\/unkategorisiert\/bio-beutel-erdtoene\/"},"modified":"2025-09-29T20:16:59","modified_gmt":"2025-09-29T18:16:59","slug":"bio-beutel","status":"publish","type":"product","link":"https:\/\/wildenherbals.com\/de\/shop\/textil\/bio-beutel\/","title":{"rendered":"Bio-Beutel &#8211; Erdfarben"},"content":{"rendered":"<p><span style=\"font-weight: 400;\">Mehrzweck-Tasche.  <\/span><span style=\"font-weight: 400;\">Hergestellt aus Bio-Baumwolle, Seide und Nessel und gef\u00e4rbt mit alter italienischer Erde.  <\/span><span style=\"font-weight: 400;\">Ein Artefakt, das dem Konzept der Nachhaltigkeit Gestalt verleiht, vom Stoff aus Bio-Baumwoll-Panama bis hin zur F\u00e4rbemethode, die mit Pflanzenextrakten nach alten F\u00e4rberezepten hergestellt wird.  <\/span><span style=\"font-weight: 400;\">Jedes St\u00fcck ist einzigartig, mit Nuancen und Farbvariationen, die das Gef\u00fchl vermitteln, die Natur in den H\u00e4nden zu halten.  <\/span><\/p>\n<p><span style=\"font-weight: 400;\">Perfekt f\u00fcr die Aufbewahrung und den Transport von Wilden&#8217;s Speisekammerprodukten &#8211; von Kr\u00e4uterteebeuteln bis hin zu Marmeladen und Gl\u00e4sern mit Honig.<\/span><\/p>\n<p><span style=\"font-weight: 400;\">Farben: Gelbe Erde, Rote Erde, Gr\u00fcne Erde  <\/span><\/p>\n<p>Ma\u00dfe: 11x11x13 cm<\/p>\n<p><i><span style=\"font-weight: 400;\">Wir empfehlen, es bei maximal 30 Grad mit einem zuvor in Wasser aufgel\u00f6sten Woll- oder Seidenwaschmittel zu waschen.  <\/span><\/i><i><span style=\"font-weight: 400;\">Setzen Sie es nicht der Sonne aus, bleichen Sie es nicht und verwenden Sie keine s\u00e4urehaltigen Substanzen.<\/span><\/i><\/p>\n","protected":false},"excerpt":{"rendered":"<p>Mehrzweck-Tasche. Hergestellt aus Bio-Baumwolle, Seide und Nessel und gef\u00e4rbt mit alter italienischer Erde. Ein Artefakt, das dem Konzept der Nachhaltigkeit Gestalt verleiht, vom Stoff aus Bio-Baumwoll-Panama bis hin zur F\u00e4rbemethode, die mit Pflanzenextrakten nach alten F\u00e4rberezepten hergestellt wird. Jedes St\u00fcck ist einzigartig, mit Nuancen und Farbvariationen, die das Gef\u00fchl vermitteln, die Natur in den H\u00e4nden [&hellip;]<\/p>\n","protected":false},"featured_media":25297,"template":"","meta":{"_acf_changed":false,"inline_featured_image":false,"_mbp_gutenberg_autopost":false},"product_brand":[],"product_cat":[662,795],"product_tag":[],"partner":[490],"line":[],"class_list":{"0":"post-28942","1":"product","2":"type-product","3":"status-publish","4":"has-post-thumbnail","6":"product_cat-textil","7":"product_cat-andere-de","8":"partner-paola-barzano-fur-wilden","10":"first","11":"instock","12":"taxable","13":"shipping-taxable","14":"purchasable","15":"product-type-variable"},"bundle_layout":"","bundled_by":["27864","27873","27869"],"bundled_items":[],"acf":[],"_links":{"self":[{"href":"https:\/\/wildenherbals.com\/de\/wp-json\/wp\/v2\/product\/28942","targetHints":{"allow":["GET"]}}],"collection":[{"href":"https:\/\/wildenherbals.com\/de\/wp-json\/wp\/v2\/product"}],"about":[{"href":"https:\/\/wildenherbals.com\/de\/wp-json\/wp\/v2\/types\/product"}],"wp:featuredmedia":[{"embeddable":true,"href":"https:\/\/wildenherbals.com\/de\/wp-json\/wp\/v2\/media\/25297"}],"wp:attachment":[{"href":"https:\/\/wildenherbals.com\/de\/wp-json\/wp\/v2\/media?parent=28942"}],"wp:term":[{"taxonomy":"product_brand","embeddable":true,"href":"https:\/\/wildenherbals.com\/de\/wp-json\/wp\/v2\/product_brand?post=28942"},{"taxonomy":"product_cat","embeddable":true,"href":"https:\/\/wildenherbals.com\/de\/wp-json\/wp\/v2\/product_cat?post=28942"},{"taxonomy":"product_tag","embeddable":true,"href":"https:\/\/wildenherbals.com\/de\/wp-json\/wp\/v2\/product_tag?post=28942"},{"taxonomy":"partner","embeddable":true,"href":"https:\/\/wildenherbals.com\/de\/wp-json\/wp\/v2\/partner?post=28942"},{"taxonomy":"line","embeddable":true,"href":"https:\/\/wildenherbals.com\/de\/wp-json\/wp\/v2\/line?post=28942"}],"curies":[{"name":"wp","href":"https:\/\/api.w.org\/{rel}","templated":true}]}}