{"id":28920,"date":"2020-10-09T14:15:06","date_gmt":"2023-07-18T09:10:00","guid":{"rendered":"https:\/\/wildenherbals.com\/shop\/unkategorisiert\/bio-kraeutertee-remedium-nr-2-%c2%b7-boost-schachtel-mit-10-beuteln\/"},"modified":"2025-07-07T18:04:27","modified_gmt":"2025-07-07T16:04:27","slug":"remedy-n-2-boost-case-10-beutel","status":"publish","type":"product","link":"https:\/\/wildenherbals.com\/de\/shop\/krautertees\/remedy-n-2-boost-case-10-beutel\/","title":{"rendered":"Remedium Bio-Kr\u00e4utertee Nr. 2 &#8211; Boost"},"content":{"rendered":"<p>Remedium &#8211; 2 ist eine Mischung mit antioxidativen und immunstimulierenden Eigenschaften, die in der Lage ist, das Immunsystem zu st\u00e4rken, den K\u00f6rper vor Risikofaktoren zu sch\u00fctzen und Erk\u00e4ltungssymptome vorzubeugen und zu behandeln.<\/p>\n<p>Remedium &#8211; 2 ist eine Mischung aus 9 Kr\u00e4utern, in der die pharmakologischen Eigenschaften von Kurkuma durch die Wirkung von anderen Kr\u00e4utern wie Holunder und Lorbeer unterst\u00fctzt werden. Die Wirkstoffe und der frische, scharfe Geschmack des Ingwers vermischen sich mit dem leicht scharfen Pfeffer, dem angenehmen Aroma des Zitronengrases und dem s\u00fc\u00dfen Geschmack der Orange. <\/p>\n<p>Verzehrsmethode: Jeder Beutel ist f\u00fcr die Verwendung in Wasser bis zu 500 ml bestimmt.<\/p>\n<p>Wenn Sie unsere Kr\u00e4utertees im <em>30-Sachet-Baumwollbeutel-Format<\/em> kaufen, erhalten Sie unseren praktischen und eleganten <strong>Baumwollbeutel<\/strong> als <strong>Geschenk<\/strong>. Wiederverwendbar und perfekt als Geschenkverpackung, ist es eine kleine Geste, die Ihre Momente der Entspannung noch besonderer macht. <\/p>\n","protected":false},"excerpt":{"rendered":"<p>Remedium &#8211; 2 ist eine Mischung mit antioxidativen und immunstimulierenden Eigenschaften, die in der Lage ist, das Immunsystem zu st\u00e4rken, den K\u00f6rper vor Risikofaktoren zu sch\u00fctzen und Erk\u00e4ltungssymptome vorzubeugen und zu behandeln. Remedium &#8211; 2 ist eine Mischung aus 9 Kr\u00e4utern, in der die pharmakologischen Eigenschaften von Kurkuma durch die Wirkung von anderen Kr\u00e4utern wie [&hellip;]<\/p>\n","protected":false},"featured_media":26009,"template":"","meta":{"_acf_changed":false,"inline_featured_image":false,"_mbp_gutenberg_autopost":false},"product_brand":[],"product_cat":[550,551],"product_tag":[760,758,552],"partner":[],"line":[615,781],"class_list":{"0":"post-28920","1":"product","2":"type-product","3":"status-publish","4":"has-post-thumbnail","6":"product_cat-krautertees","7":"product_cat-im-beutel","8":"product_tag-leistung","9":"product_tag-starkung","10":"product_tag-wohlbefinden","11":"line-remedia-line","12":"line-bio-krautertee-remedium-nr-2--boost","14":"first","15":"instock","16":"taxable","17":"shipping-taxable","18":"purchasable","19":"product-type-variable"},"bundle_layout":"","bundled_by":["27833","27864","27873","27869"],"bundled_items":[],"acf":[],"_links":{"self":[{"href":"https:\/\/wildenherbals.com\/de\/wp-json\/wp\/v2\/product\/28920","targetHints":{"allow":["GET"]}}],"collection":[{"href":"https:\/\/wildenherbals.com\/de\/wp-json\/wp\/v2\/product"}],"about":[{"href":"https:\/\/wildenherbals.com\/de\/wp-json\/wp\/v2\/types\/product"}],"wp:featuredmedia":[{"embeddable":true,"href":"https:\/\/wildenherbals.com\/de\/wp-json\/wp\/v2\/media\/26009"}],"wp:attachment":[{"href":"https:\/\/wildenherbals.com\/de\/wp-json\/wp\/v2\/media?parent=28920"}],"wp:term":[{"taxonomy":"product_brand","embeddable":true,"href":"https:\/\/wildenherbals.com\/de\/wp-json\/wp\/v2\/product_brand?post=28920"},{"taxonomy":"product_cat","embeddable":true,"href":"https:\/\/wildenherbals.com\/de\/wp-json\/wp\/v2\/product_cat?post=28920"},{"taxonomy":"product_tag","embeddable":true,"href":"https:\/\/wildenherbals.com\/de\/wp-json\/wp\/v2\/product_tag?post=28920"},{"taxonomy":"partner","embeddable":true,"href":"https:\/\/wildenherbals.com\/de\/wp-json\/wp\/v2\/partner?post=28920"},{"taxonomy":"line","embeddable":true,"href":"https:\/\/wildenherbals.com\/de\/wp-json\/wp\/v2\/line?post=28920"}],"curies":[{"name":"wp","href":"https:\/\/api.w.org\/{rel}","templated":true}]}}