{"id":28887,"date":"2020-10-09T14:34:38","date_gmt":"2020-10-09T12:34:38","guid":{"rendered":"https:\/\/wildenherbals.com\/shop\/unkategorisiert\/remedium-nr-3-bio-kraeutertee-%c2%b7-verdauungsfoerdernd-schachtel-mit-10-beuteln\/"},"modified":"2026-02-18T10:04:50","modified_gmt":"2026-02-18T09:04:50","slug":"remedium-n-3-digestive-case-10-sachets","status":"publish","type":"product","link":"https:\/\/wildenherbals.com\/de\/shop\/krautertees\/remedium-n-3-digestive-case-10-sachets\/","title":{"rendered":"Remedium Bio-Kr\u00e4utertee Nr. 3 \u2013 Verdauungstee"},"content":{"rendered":"<p>Remedium &#8211; 3 ist ein leichter, frisch schmeckender Kr\u00e4utertee, der nach jeder Mahlzeit getrunken werden kann, um die Verdauung zu f\u00f6rdern und den Darmzyklus wieder in Ordnung zu bringen.<\/p>\n<p>8 klassische Pflanzen, die sich gegenseitig erg\u00e4nzen und ausgleichen und synergetisch wirken. Der frische, intensive Geschmack von Zitrone, Minze und Ingwer wird durch S\u00fc\u00dfholz und Rosmarin verst\u00e4rkt. Salbei, Zitronenmelisse und Fenchel schlie\u00dfen den Kreis der Aromen mit einem s\u00fc\u00dfen und delikaten Nachgeschmack, der eine wohltuende und sch\u00fctzende Wirkung auf die Leber gew\u00e4hrleistet.<\/p>\n<p>Verzehrsmethode: Jeder Beutel ist f\u00fcr die Verwendung in Wasser bis zu 500 ml bestimmt.<\/p>\n<p>Wenn Sie unsere Kr\u00e4utertees im <em>30-Sachet-Baumwollbeutel-Format<\/em> kaufen, erhalten Sie unseren praktischen und eleganten <strong>Baumwollbeutel<\/strong> als <strong>Geschenk<\/strong>. Wiederverwendbar und perfekt als Geschenkverpackung, ist es eine kleine Geste, die Ihre Momente der Entspannung noch besonderer macht.<\/p>\n","protected":false},"excerpt":{"rendered":"<p>Remedium &#8211; 3 ist ein leichter, frisch schmeckender Kr\u00e4utertee, der nach jeder Mahlzeit getrunken werden kann, um die Verdauung zu f\u00f6rdern und den Darmzyklus wieder in Ordnung zu bringen. 8 klassische Pflanzen, die sich gegenseitig erg\u00e4nzen und ausgleichen und synergetisch wirken. Der frische, intensive Geschmack von Zitrone, Minze und Ingwer wird durch S\u00fc\u00dfholz und Rosmarin [&hellip;]<\/p>\n","protected":false},"featured_media":26018,"template":"","meta":{"_acf_changed":false,"inline_featured_image":false,"_mbp_gutenberg_autopost":false},"product_brand":[],"product_cat":[550,551],"product_tag":[637,687,689],"partner":[],"line":[615,778],"class_list":{"0":"post-28887","1":"product","2":"type-product","3":"status-publish","4":"has-post-thumbnail","6":"product_cat-krautertees","7":"product_cat-im-beutel","8":"product_tag-reinigung","9":"product_tag-entspannend","10":"product_tag-ruhig","11":"line-remedia-line","12":"line-remedium-nr-3-bio-krautertee--digestive","14":"first","15":"instock","16":"taxable","17":"shipping-taxable","18":"purchasable","19":"product-type-variable"},"bundle_layout":"","bundled_by":["27833","27864","27873","27869"],"bundled_items":[],"acf":[],"_links":{"self":[{"href":"https:\/\/wildenherbals.com\/de\/wp-json\/wp\/v2\/product\/28887","targetHints":{"allow":["GET"]}}],"collection":[{"href":"https:\/\/wildenherbals.com\/de\/wp-json\/wp\/v2\/product"}],"about":[{"href":"https:\/\/wildenherbals.com\/de\/wp-json\/wp\/v2\/types\/product"}],"wp:featuredmedia":[{"embeddable":true,"href":"https:\/\/wildenherbals.com\/de\/wp-json\/wp\/v2\/media\/26018"}],"wp:attachment":[{"href":"https:\/\/wildenherbals.com\/de\/wp-json\/wp\/v2\/media?parent=28887"}],"wp:term":[{"taxonomy":"product_brand","embeddable":true,"href":"https:\/\/wildenherbals.com\/de\/wp-json\/wp\/v2\/product_brand?post=28887"},{"taxonomy":"product_cat","embeddable":true,"href":"https:\/\/wildenherbals.com\/de\/wp-json\/wp\/v2\/product_cat?post=28887"},{"taxonomy":"product_tag","embeddable":true,"href":"https:\/\/wildenherbals.com\/de\/wp-json\/wp\/v2\/product_tag?post=28887"},{"taxonomy":"partner","embeddable":true,"href":"https:\/\/wildenherbals.com\/de\/wp-json\/wp\/v2\/partner?post=28887"},{"taxonomy":"line","embeddable":true,"href":"https:\/\/wildenherbals.com\/de\/wp-json\/wp\/v2\/line?post=28887"}],"curies":[{"name":"wp","href":"https:\/\/api.w.org\/{rel}","templated":true}]}}