{"id":28874,"date":"2020-10-09T14:44:00","date_gmt":"2023-07-18T09:09:42","guid":{"rendered":"https:\/\/wildenherbals.com\/shop\/unkategorisiert\/remedium-nr-4-bio-kraeutertee-%c2%b7-hangover-schachtel-mit-10-beuteln\/"},"modified":"2025-07-07T17:58:15","modified_gmt":"2025-07-07T15:58:15","slug":"remedy-n-4-kater-fall-10-beutel","status":"publish","type":"product","link":"https:\/\/wildenherbals.com\/de\/shop\/krautertees\/remedy-n-4-kater-fall-10-beutel\/","title":{"rendered":"Remedium Bio-Kr\u00e4utertee Nr. 4 &#8211; Kater"},"content":{"rendered":"<p>Remedium &#8211; 4 ist eine komplexe Rezeptur aus 12 speziell ausgew\u00e4hlten Kr\u00e4utern, die f\u00fcr ein verj\u00fcngendes Gef\u00fchl sorgen und Sie wieder auf den richtigen Weg bringen, insbesondere bei einem \u201eHangover\u201c.<\/p>\n<p>In diesem Remedium finden wir Zitrone, Zitronengras und Orange, Zutaten, die reich an Vitamin C mit belebenden Eigenschaften sind; Minze und Ingwer pr\u00e4gen den Geschmack und verleihen dem Aufguss einen frischen, duftenden Geschmack. Schwarzer Pfeffer und Kurkuma erg\u00e4nzen sich gegenseitig, w\u00e4hrend Malve, Enzian und Kamille f\u00fcr das Gleichgewicht zwischen allen Kr\u00e4utern sorgen und eine synergetische Wirkung zugunsten von Leber, Magen und Darm beg\u00fcnstigen und ein ausgepr\u00e4gtes Gef\u00fchl von Spannkraft und Energie freisetzen. <\/p>\n<p>Verzehrsmethode: Jeder Beutel ist f\u00fcr die Verwendung in Wasser bis zu 500 ml bestimmt.<\/p>\n<p>Wenn Sie unsere Kr\u00e4utertees im <em>30-Sachet-Baumwollbeutel-Format<\/em> kaufen, erhalten Sie unseren praktischen und eleganten <strong>Baumwollbeutel<\/strong> als <strong>Geschenk<\/strong>. Wiederverwendbar und perfekt als Geschenkverpackung, ist es eine kleine Geste, die Ihre Momente der Entspannung noch besonderer macht. <\/p>\n","protected":false},"excerpt":{"rendered":"<p>Remedium &#8211; 4 ist eine komplexe Rezeptur aus 12 speziell ausgew\u00e4hlten Kr\u00e4utern, die f\u00fcr ein verj\u00fcngendes Gef\u00fchl sorgen und Sie wieder auf den richtigen Weg bringen, insbesondere bei einem \u201eHangover\u201c. In diesem Remedium finden wir Zitrone, Zitronengras und Orange, Zutaten, die reich an Vitamin C mit belebenden Eigenschaften sind; Minze und Ingwer pr\u00e4gen den Geschmack [&hellip;]<\/p>\n","protected":false},"featured_media":26027,"template":"","meta":{"_acf_changed":false,"inline_featured_image":false,"_mbp_gutenberg_autopost":false},"product_brand":[],"product_cat":[550,551],"product_tag":[637],"partner":[],"line":[615,775],"class_list":{"0":"post-28874","1":"product","2":"type-product","3":"status-publish","4":"has-post-thumbnail","6":"product_cat-krautertees","7":"product_cat-im-beutel","8":"product_tag-reinigung","9":"line-remedia-line","10":"line-bio-krautertee-remedium-nr-4--hangover","12":"first","13":"instock","14":"taxable","15":"shipping-taxable","16":"purchasable","17":"product-type-variable"},"bundle_layout":"","bundled_by":["27833","27864","27873","27869"],"bundled_items":[],"acf":[],"_links":{"self":[{"href":"https:\/\/wildenherbals.com\/de\/wp-json\/wp\/v2\/product\/28874","targetHints":{"allow":["GET"]}}],"collection":[{"href":"https:\/\/wildenherbals.com\/de\/wp-json\/wp\/v2\/product"}],"about":[{"href":"https:\/\/wildenherbals.com\/de\/wp-json\/wp\/v2\/types\/product"}],"wp:featuredmedia":[{"embeddable":true,"href":"https:\/\/wildenherbals.com\/de\/wp-json\/wp\/v2\/media\/26027"}],"wp:attachment":[{"href":"https:\/\/wildenherbals.com\/de\/wp-json\/wp\/v2\/media?parent=28874"}],"wp:term":[{"taxonomy":"product_brand","embeddable":true,"href":"https:\/\/wildenherbals.com\/de\/wp-json\/wp\/v2\/product_brand?post=28874"},{"taxonomy":"product_cat","embeddable":true,"href":"https:\/\/wildenherbals.com\/de\/wp-json\/wp\/v2\/product_cat?post=28874"},{"taxonomy":"product_tag","embeddable":true,"href":"https:\/\/wildenherbals.com\/de\/wp-json\/wp\/v2\/product_tag?post=28874"},{"taxonomy":"partner","embeddable":true,"href":"https:\/\/wildenherbals.com\/de\/wp-json\/wp\/v2\/partner?post=28874"},{"taxonomy":"line","embeddable":true,"href":"https:\/\/wildenherbals.com\/de\/wp-json\/wp\/v2\/line?post=28874"}],"curies":[{"name":"wp","href":"https:\/\/api.w.org\/{rel}","templated":true}]}}