{"id":28867,"date":"2020-10-11T10:24:06","date_gmt":"2020-10-11T08:24:06","guid":{"rendered":"https:\/\/wildenherbals.com\/shop\/unkategorisiert\/remedium-nr-0-bio-kraeutertee-%c2%b7-morgen-schachtel-mit-10-beuteln\/"},"modified":"2025-12-10T11:14:06","modified_gmt":"2025-12-10T10:14:06","slug":"remedy-n-0-morning-case-10-beutel","status":"publish","type":"product","link":"https:\/\/wildenherbals.com\/de\/shop\/krautertees\/remedy-n-0-morning-case-10-beutel\/","title":{"rendered":"Remedium Bio-Kr\u00e4utertee Nr. 0 &#8211; Morgen"},"content":{"rendered":"<p>Remedium &#8211; 0 ist die erste Teemischung von Wilden. Die trockene Kr\u00e4utermischung dient als morgendliches Tonikum und Energiespender, perfekt um den Tag zu beginnen. <\/p>\n<p>Eine Mischung aus 8 Kr\u00e4utern, die sich gegenseitig ausgleichen und verst\u00e4rken: der scharfe, kr\u00e4ftige Geschmack von Kakao und Zimt harmoniert mit dem s\u00fc\u00dfen Aroma von Honig und dem nussigen Duft von Rooibos. Schlie\u00dflich wirken Ginkgo, Johanniskraut, Cyclopia und Karkad\u00e8 in Synergie und f\u00f6rdern Spannkraft, gute Laune und Energie. <\/p>\n<p>Verzehrsmethode: Jeder Beutel ist f\u00fcr die Verwendung in Wasser bis zu 500 ml bestimmt.<\/p>\n<p>Wenn Sie unsere Kr\u00e4utertees im <em>30-Sachet-Baumwollbeutel-Format<\/em> kaufen, erhalten Sie unseren praktischen und eleganten <strong>Baumwollbeutel<\/strong> als <strong>Geschenk<\/strong>. Wiederverwendbar und perfekt als Geschenkverpackung, ist es eine kleine Geste, die Ihre Momente der Entspannung noch besonderer macht. <\/p>\n","protected":false},"excerpt":{"rendered":"<p>Remedium &#8211; 0 ist die erste Teemischung von Wilden. Die trockene Kr\u00e4utermischung dient als morgendliches Tonikum und Energiespender, perfekt um den Tag zu beginnen. Eine Mischung aus 8 Kr\u00e4utern, die sich gegenseitig ausgleichen und verst\u00e4rken: der scharfe, kr\u00e4ftige Geschmack von Kakao und Zimt harmoniert mit dem s\u00fc\u00dfen Aroma von Honig und dem nussigen Duft von [&hellip;]<\/p>\n","protected":false},"featured_media":25994,"template":"","meta":{"_acf_changed":false,"inline_featured_image":false,"_mbp_gutenberg_autopost":false},"product_brand":[],"product_cat":[550,551],"product_tag":[760,672],"partner":[],"line":[615,772],"class_list":{"0":"post-28867","1":"product","2":"type-product","3":"status-publish","4":"has-post-thumbnail","6":"product_cat-krautertees","7":"product_cat-im-beutel","8":"product_tag-leistung","9":"product_tag-tonic","10":"line-remedia-line","11":"line-bio-krautertee-remedium-nr-0--morning","13":"first","14":"instock","15":"taxable","16":"shipping-taxable","17":"purchasable","18":"product-type-variable"},"bundle_layout":"","bundled_by":["27865","27833","27864","27873","27869","27886","27895"],"bundled_items":[],"acf":[],"_links":{"self":[{"href":"https:\/\/wildenherbals.com\/de\/wp-json\/wp\/v2\/product\/28867","targetHints":{"allow":["GET"]}}],"collection":[{"href":"https:\/\/wildenherbals.com\/de\/wp-json\/wp\/v2\/product"}],"about":[{"href":"https:\/\/wildenherbals.com\/de\/wp-json\/wp\/v2\/types\/product"}],"wp:featuredmedia":[{"embeddable":true,"href":"https:\/\/wildenherbals.com\/de\/wp-json\/wp\/v2\/media\/25994"}],"wp:attachment":[{"href":"https:\/\/wildenherbals.com\/de\/wp-json\/wp\/v2\/media?parent=28867"}],"wp:term":[{"taxonomy":"product_brand","embeddable":true,"href":"https:\/\/wildenherbals.com\/de\/wp-json\/wp\/v2\/product_brand?post=28867"},{"taxonomy":"product_cat","embeddable":true,"href":"https:\/\/wildenherbals.com\/de\/wp-json\/wp\/v2\/product_cat?post=28867"},{"taxonomy":"product_tag","embeddable":true,"href":"https:\/\/wildenherbals.com\/de\/wp-json\/wp\/v2\/product_tag?post=28867"},{"taxonomy":"partner","embeddable":true,"href":"https:\/\/wildenherbals.com\/de\/wp-json\/wp\/v2\/partner?post=28867"},{"taxonomy":"line","embeddable":true,"href":"https:\/\/wildenherbals.com\/de\/wp-json\/wp\/v2\/line?post=28867"}],"curies":[{"name":"wp","href":"https:\/\/api.w.org\/{rel}","templated":true}]}}