{"id":28855,"date":"2020-10-11T10:38:29","date_gmt":"2023-07-18T09:09:29","guid":{"rendered":"https:\/\/wildenherbals.com\/shop\/unkategorisiert\/remedium-nr-1-bio-kraeutertee-%c2%b7-nacht-schachtel-mit-10-beuteln\/"},"modified":"2026-02-27T20:34:35","modified_gmt":"2026-02-27T19:34:35","slug":"abhilfe-n-1-nacht-fall-10-beutel","status":"publish","type":"product","link":"https:\/\/wildenherbals.com\/de\/shop\/krautertees\/abhilfe-n-1-nacht-fall-10-beutel\/","title":{"rendered":"Remedium Bio-Kr\u00e4utertee Nr. 1 \u2013 Nacht"},"content":{"rendered":"<p>Remedium &#8211; 1 ist ein Kr\u00e4utertee mit beruhigenden und schlaff\u00f6rdernden Eigenschaften, der den Schlaf f\u00f6rdert und die Qualit\u00e4t der Nachtruhe verbessert, ideal zum Ausklang eines langen Tages.<\/p>\n<p>Remedium &#8211; 1 ist eine Mischung aus 8 Kr\u00e4utern, die sich gegenseitig gut ausbalancieren und ihre Wirkung verst\u00e4rken: der s\u00fc\u00dfe Geschmack der Orange, das zarte Aroma der Malve und der Kamille verbinden sich mit dem angenehmen Aroma des Duftsterns. Zitronenmelisse, Passionsblume, Linde und Wei\u00dfdorn wirken synergetisch und f\u00f6rdern eine intensive und angenehme Entspannung.<\/p>\n<p>Verzehrsmethode: Jeder Beutel ist f\u00fcr die Verwendung in Wasser bis zu 500 ml bestimmt.<\/p>\n<p>Wenn Sie unsere Kr\u00e4utertees im <em>30-Sachet-Baumwollbeutel-Format<\/em> kaufen, erhalten Sie unseren praktischen und eleganten <strong>Baumwollbeutel<\/strong> als <strong>Geschenk<\/strong>. Wiederverwendbar und perfekt als Geschenkverpackung, ist es eine kleine Geste, die Ihre Momente der Entspannung noch besonderer macht.<\/p>\n","protected":false},"excerpt":{"rendered":"<p>Remedium &#8211; 1 ist ein Kr\u00e4utertee mit beruhigenden und schlaff\u00f6rdernden Eigenschaften, der den Schlaf f\u00f6rdert und die Qualit\u00e4t der Nachtruhe verbessert, ideal zum Ausklang eines langen Tages. Remedium &#8211; 1 ist eine Mischung aus 8 Kr\u00e4utern, die sich gegenseitig gut ausbalancieren und ihre Wirkung verst\u00e4rken: der s\u00fc\u00dfe Geschmack der Orange, das zarte Aroma der Malve [&hellip;]<\/p>\n","protected":false},"featured_media":26003,"template":"","meta":{"_acf_changed":false,"inline_featured_image":false,"_mbp_gutenberg_autopost":false},"product_brand":[],"product_cat":[550,551],"product_tag":[687,689],"partner":[],"line":[615,769],"class_list":{"0":"post-28855","1":"product","2":"type-product","3":"status-publish","4":"has-post-thumbnail","6":"product_cat-krautertees","7":"product_cat-im-beutel","8":"product_tag-entspannend","9":"product_tag-ruhig","10":"line-remedia-line","11":"line-bio-krautertee-remedium-nr-1--night","13":"first","14":"instock","15":"taxable","16":"shipping-taxable","17":"purchasable","18":"product-type-variable"},"bundle_layout":"","bundled_by":["27859","27833","27864","27873","27869","27875","27880"],"bundled_items":[],"acf":[],"_links":{"self":[{"href":"https:\/\/wildenherbals.com\/de\/wp-json\/wp\/v2\/product\/28855","targetHints":{"allow":["GET"]}}],"collection":[{"href":"https:\/\/wildenherbals.com\/de\/wp-json\/wp\/v2\/product"}],"about":[{"href":"https:\/\/wildenherbals.com\/de\/wp-json\/wp\/v2\/types\/product"}],"wp:featuredmedia":[{"embeddable":true,"href":"https:\/\/wildenherbals.com\/de\/wp-json\/wp\/v2\/media\/26003"}],"wp:attachment":[{"href":"https:\/\/wildenherbals.com\/de\/wp-json\/wp\/v2\/media?parent=28855"}],"wp:term":[{"taxonomy":"product_brand","embeddable":true,"href":"https:\/\/wildenherbals.com\/de\/wp-json\/wp\/v2\/product_brand?post=28855"},{"taxonomy":"product_cat","embeddable":true,"href":"https:\/\/wildenherbals.com\/de\/wp-json\/wp\/v2\/product_cat?post=28855"},{"taxonomy":"product_tag","embeddable":true,"href":"https:\/\/wildenherbals.com\/de\/wp-json\/wp\/v2\/product_tag?post=28855"},{"taxonomy":"partner","embeddable":true,"href":"https:\/\/wildenherbals.com\/de\/wp-json\/wp\/v2\/partner?post=28855"},{"taxonomy":"line","embeddable":true,"href":"https:\/\/wildenherbals.com\/de\/wp-json\/wp\/v2\/line?post=28855"}],"curies":[{"name":"wp","href":"https:\/\/api.w.org\/{rel}","templated":true}]}}