{"id":28849,"date":"2020-10-24T09:18:54","date_gmt":"2020-10-24T07:18:54","guid":{"rendered":"https:\/\/wildenherbals.com\/shop\/unkategorisiert\/remedium-nr-5-bio-kraeutertee-%c2%b7-focus-schachtel-mit-10-beuteln\/"},"modified":"2026-03-02T09:58:51","modified_gmt":"2026-03-02T08:58:51","slug":"remedium-n-5-%c2%b7-focus-case-10-sachets","status":"publish","type":"product","link":"https:\/\/wildenherbals.com\/de\/shop\/krautertees\/remedium-n-5-%c2%b7-focus-case-10-sachets\/","title":{"rendered":"Remedium Bio-Kr\u00e4utertee Nr. 5 &#8211; Fokus"},"content":{"rendered":"<p>Remedium &#8211; 5 ist ein Tee, der zum Nachdenken anregt. Die Ausgewogenheit dieses Kr\u00e4utertees beruht auf Aromen und D\u00fcften, die die Harmonie wiederherstellen und jeden Moment des Innehaltens sublimieren.<\/p>\n<p>Er besteht aus 9 Kr\u00e4utern, die sich am Gaumen entfalten und f\u00fcr die richtige Geschmacksbalance sorgen. Eine rein mediterrane Reise, dank der Frische von Minze und Basilikum, die durch Eisenkraut und Melissa moldavica s\u00fc\u00df wird. Der Kreis schlie\u00dft sich mit Rosmarin und Rhodiola rosea, die zusammen mit dem adstringierenden K\u00f6rper, der auf Mate, Ginkgo und Centella asiatica entwickelt wurde, dieses Remedium zum idealen Reisebegleiter machen, um den richtigen Fokus wiederzufinden.<\/p>\n<p>Verzehrsmethode: Jeder Beutel ist f\u00fcr die Verwendung in Wasser bis zu 500 ml bestimmt.<\/p>\n<p>Wenn Sie unsere Kr\u00e4utertees im <em>30-Sachet-Baumwollbeutel-Format<\/em> kaufen, erhalten Sie unseren praktischen und eleganten <strong>Baumwollbeutel<\/strong> als <strong>Geschenk<\/strong>. Wiederverwendbar und perfekt als Geschenkverpackung, ist es eine kleine Geste, die Ihre Momente der Entspannung noch besonderer macht.<\/p>\n","protected":false},"excerpt":{"rendered":"<p>Remedium &#8211; 5 ist ein Tee, der zum Nachdenken anregt. Die Ausgewogenheit dieses Kr\u00e4utertees beruht auf Aromen und D\u00fcften, die die Harmonie wiederherstellen und jeden Moment des Innehaltens sublimieren. Er besteht aus 9 Kr\u00e4utern, die sich am Gaumen entfalten und f\u00fcr die richtige Geschmacksbalance sorgen. Eine rein mediterrane Reise, dank der Frische von Minze und [&hellip;]<\/p>\n","protected":false},"featured_media":26036,"template":"","meta":{"_acf_changed":false,"inline_featured_image":false,"_mbp_gutenberg_autopost":false},"product_brand":[],"product_cat":[550,551],"product_tag":[760,759,758],"partner":[],"line":[615,757],"class_list":{"0":"post-28849","1":"product","2":"type-product","3":"status-publish","4":"has-post-thumbnail","6":"product_cat-krautertees","7":"product_cat-im-beutel","8":"product_tag-leistung","9":"product_tag-regenerierend","10":"product_tag-starkung","11":"line-remedia-line","12":"line-remedium-nr-5-bio-krautertee--focus","14":"first","15":"instock","16":"taxable","17":"shipping-taxable","18":"purchasable","19":"product-type-variable"},"bundle_layout":"","bundled_by":["27833","27864","27873","27869"],"bundled_items":[],"acf":[],"_links":{"self":[{"href":"https:\/\/wildenherbals.com\/de\/wp-json\/wp\/v2\/product\/28849","targetHints":{"allow":["GET"]}}],"collection":[{"href":"https:\/\/wildenherbals.com\/de\/wp-json\/wp\/v2\/product"}],"about":[{"href":"https:\/\/wildenherbals.com\/de\/wp-json\/wp\/v2\/types\/product"}],"wp:featuredmedia":[{"embeddable":true,"href":"https:\/\/wildenherbals.com\/de\/wp-json\/wp\/v2\/media\/26036"}],"wp:attachment":[{"href":"https:\/\/wildenherbals.com\/de\/wp-json\/wp\/v2\/media?parent=28849"}],"wp:term":[{"taxonomy":"product_brand","embeddable":true,"href":"https:\/\/wildenherbals.com\/de\/wp-json\/wp\/v2\/product_brand?post=28849"},{"taxonomy":"product_cat","embeddable":true,"href":"https:\/\/wildenherbals.com\/de\/wp-json\/wp\/v2\/product_cat?post=28849"},{"taxonomy":"product_tag","embeddable":true,"href":"https:\/\/wildenherbals.com\/de\/wp-json\/wp\/v2\/product_tag?post=28849"},{"taxonomy":"partner","embeddable":true,"href":"https:\/\/wildenherbals.com\/de\/wp-json\/wp\/v2\/partner?post=28849"},{"taxonomy":"line","embeddable":true,"href":"https:\/\/wildenherbals.com\/de\/wp-json\/wp\/v2\/line?post=28849"}],"curies":[{"name":"wp","href":"https:\/\/api.w.org\/{rel}","templated":true}]}}