{"id":28748,"date":"2021-07-20T15:00:51","date_gmt":"2023-07-18T09:08:30","guid":{"rendered":"https:\/\/wildenherbals.com\/shop\/unkategorisiert\/frecc-nr-2-boost-botanisches-kombucha\/"},"modified":"2025-05-31T10:14:48","modified_gmt":"2025-05-31T08:14:48","slug":"frecc-n2-boost-botanical-kombucha","status":"publish","type":"product","link":"https:\/\/wildenherbals.com\/de\/shop\/getranke\/frecc-n2-boost-botanical-kombucha\/","title":{"rendered":"Fr\u00e8cc No. 2 Boost &#8211; Botanischer Kombucha"},"content":{"rendered":"<p class=\"p1\"><span class=\"s1\">Fr\u00e8cc ist ein frisches, spritziges und vollmundiges Getr\u00e4nk, das aus der Zusammenarbeit zwischen Wilden.herbals und Latta entstanden ist. Der in diesem Getr\u00e4nk enthaltene Kombucha trifft auf die Kr\u00e4uter des Bio-Kr\u00e4utertees Remedium No.2 &#8211; Boost: das Ergebnis ist ein fermentiertes Kr\u00e4utergetr\u00e4nk, das sich hervorragend als alkoholfreier Aperitif eignet, ohne dabei an Geschmack einzub\u00fc\u00dfen.   <\/span><\/p>\n<p>I Kombucha<br \/>\nDie durch die n\u00fctzlichen Bakterienkulturen von Kombucha ausgel\u00f6ste Fermentation trifft in unseren Rezepten auf den Aufguss von Bio-Heilpflanzen. Das Ergebnis ist ein ausgewogenes Getr\u00e4nk mit einer angenehmen Kohlens\u00e4ure, das in einer 25-cl-Dose geliefert wird. Es ist ein erfrischendes Getr\u00e4nk, das perfekt f\u00fcr den Sommer und das ganze Jahr \u00fcber geeignet ist, nahrhaft und reich an Probiotika. <\/p>\n","protected":false},"excerpt":{"rendered":"<p>Fr\u00e8cc ist ein frisches, spritziges und vollmundiges Getr\u00e4nk, das aus der Zusammenarbeit zwischen Wilden.herbals und Latta entstanden ist. Der in diesem Getr\u00e4nk enthaltene Kombucha trifft auf die Kr\u00e4uter des Bio-Kr\u00e4utertees Remedium No.2 &#8211; Boost: das Ergebnis ist ein fermentiertes Kr\u00e4utergetr\u00e4nk, das sich hervorragend als alkoholfreier Aperitif eignet, ohne dabei an Geschmack einzub\u00fc\u00dfen. I Kombucha Die [&hellip;]<\/p>\n","protected":false},"featured_media":37127,"template":"","meta":{"_acf_changed":false,"inline_featured_image":false,"_mbp_gutenberg_autopost":false},"product_brand":[],"product_cat":[654,655],"product_tag":[],"partner":[517],"line":[],"class_list":{"0":"post-28748","1":"product","2":"type-product","3":"status-publish","4":"has-post-thumbnail","6":"product_cat-getranke","7":"product_cat-frecc-de","8":"partner-zinn-fermente-und-mischungen","10":"first","11":"instock","12":"taxable","13":"shipping-taxable","14":"purchasable","15":"product-type-simple"},"bundle_layout":"","bundled_by":[],"bundled_items":[],"acf":[],"_links":{"self":[{"href":"https:\/\/wildenherbals.com\/de\/wp-json\/wp\/v2\/product\/28748","targetHints":{"allow":["GET"]}}],"collection":[{"href":"https:\/\/wildenherbals.com\/de\/wp-json\/wp\/v2\/product"}],"about":[{"href":"https:\/\/wildenherbals.com\/de\/wp-json\/wp\/v2\/types\/product"}],"wp:featuredmedia":[{"embeddable":true,"href":"https:\/\/wildenherbals.com\/de\/wp-json\/wp\/v2\/media\/37127"}],"wp:attachment":[{"href":"https:\/\/wildenherbals.com\/de\/wp-json\/wp\/v2\/media?parent=28748"}],"wp:term":[{"taxonomy":"product_brand","embeddable":true,"href":"https:\/\/wildenherbals.com\/de\/wp-json\/wp\/v2\/product_brand?post=28748"},{"taxonomy":"product_cat","embeddable":true,"href":"https:\/\/wildenherbals.com\/de\/wp-json\/wp\/v2\/product_cat?post=28748"},{"taxonomy":"product_tag","embeddable":true,"href":"https:\/\/wildenherbals.com\/de\/wp-json\/wp\/v2\/product_tag?post=28748"},{"taxonomy":"partner","embeddable":true,"href":"https:\/\/wildenherbals.com\/de\/wp-json\/wp\/v2\/partner?post=28748"},{"taxonomy":"line","embeddable":true,"href":"https:\/\/wildenherbals.com\/de\/wp-json\/wp\/v2\/line?post=28748"}],"curies":[{"name":"wp","href":"https:\/\/api.w.org\/{rel}","templated":true}]}}