{"id":28727,"date":"2021-10-15T17:33:26","date_gmt":"2024-10-23T17:49:55","guid":{"rendered":"https:\/\/wildenherbals.com\/?post_type=product&#038;p=28727"},"modified":"2025-05-31T10:21:55","modified_gmt":"2025-05-31T08:21:55","slug":"tasse-mit-deckel-beige-untertasse","status":"publish","type":"product","link":"https:\/\/wildenherbals.com\/de\/shop\/zubehor\/tasse-mit-deckel-beige-untertasse\/","title":{"rendered":"Tasse mit Deckel\/ Untertasse (Beige)"},"content":{"rendered":"<p><span style=\"font-weight: 400;\">Ausgestellter Becher mit Deckel mit Doppelfunktion, der sich in eine Untertasse oder einen Beutelhalter verwandeln l\u00e4sst, handgefertigt auf einer Drehbank.  <\/span><\/p>\n<p><span style=\"font-weight: 400;\">Die verwendete Erde ist eine wei\u00dfe halbfeuerfeste Mischung mit 40% Schamotte 0-0,2 mm, die sehr widerstandsf\u00e4hig ist.<\/span><\/p>\n<p><span style=\"font-weight: 400;\">Veredelt mit Hochtemperatur-Keramik-Emaille.  <\/span><\/p>\n<p><span style=\"font-weight: 400;\">Sp\u00fclmaschinen- und mikrowellengeeignet.<\/span><\/p>\n<p>&nbsp;<\/p>\n<p><span style=\"font-weight: 400;\">Farbe: Beige<\/span><\/p>\n<p>&nbsp;<\/p>\n","protected":false},"excerpt":{"rendered":"<p>Ausgestellter Becher mit Deckel mit Doppelfunktion, der sich in eine Untertasse oder einen Beutelhalter verwandeln l\u00e4sst, handgefertigt auf einer Drehbank. Die verwendete Erde ist eine wei\u00dfe halbfeuerfeste Mischung mit 40% Schamotte 0-0,2 mm, die sehr widerstandsf\u00e4hig ist. Veredelt mit Hochtemperatur-Keramik-Emaille. Sp\u00fclmaschinen- und mikrowellengeeignet. &nbsp; Farbe: Beige &nbsp;<\/p>\n","protected":false},"featured_media":31445,"template":"","meta":{"_acf_changed":false,"inline_featured_image":false,"_mbp_gutenberg_autopost":false},"product_brand":[],"product_cat":[570,571],"product_tag":[],"partner":[500],"line":[],"class_list":{"0":"post-28727","1":"product","2":"type-product","3":"status-publish","4":"has-post-thumbnail","6":"product_cat-zubehor","7":"product_cat-flaschen-tassen-und-teekannen","8":"partner-morena-keramik","10":"first","11":"instock","12":"taxable","13":"shipping-taxable","14":"purchasable","15":"product-type-simple"},"bundle_layout":"","bundled_by":[],"bundled_items":[],"acf":[],"_links":{"self":[{"href":"https:\/\/wildenherbals.com\/de\/wp-json\/wp\/v2\/product\/28727","targetHints":{"allow":["GET"]}}],"collection":[{"href":"https:\/\/wildenherbals.com\/de\/wp-json\/wp\/v2\/product"}],"about":[{"href":"https:\/\/wildenherbals.com\/de\/wp-json\/wp\/v2\/types\/product"}],"wp:featuredmedia":[{"embeddable":true,"href":"https:\/\/wildenherbals.com\/de\/wp-json\/wp\/v2\/media\/31445"}],"wp:attachment":[{"href":"https:\/\/wildenherbals.com\/de\/wp-json\/wp\/v2\/media?parent=28727"}],"wp:term":[{"taxonomy":"product_brand","embeddable":true,"href":"https:\/\/wildenherbals.com\/de\/wp-json\/wp\/v2\/product_brand?post=28727"},{"taxonomy":"product_cat","embeddable":true,"href":"https:\/\/wildenherbals.com\/de\/wp-json\/wp\/v2\/product_cat?post=28727"},{"taxonomy":"product_tag","embeddable":true,"href":"https:\/\/wildenherbals.com\/de\/wp-json\/wp\/v2\/product_tag?post=28727"},{"taxonomy":"partner","embeddable":true,"href":"https:\/\/wildenherbals.com\/de\/wp-json\/wp\/v2\/partner?post=28727"},{"taxonomy":"line","embeddable":true,"href":"https:\/\/wildenherbals.com\/de\/wp-json\/wp\/v2\/line?post=28727"}],"curies":[{"name":"wp","href":"https:\/\/api.w.org\/{rel}","templated":true}]}}