{"id":28622,"date":"2020-10-29T11:31:38","date_gmt":"2023-07-18T09:06:19","guid":{"rendered":"https:\/\/wildenherbals.com\/shop\/unkategorisiert\/mischen-sie-8-remedium-32-beutel\/"},"modified":"2025-05-31T10:19:30","modified_gmt":"2025-05-31T08:19:30","slug":"mix-6-remedium-30-beutel","status":"publish","type":"product","link":"https:\/\/wildenherbals.com\/de\/shop\/geschenkbox\/mix-box-de\/mix-6-remedium-30-beutel\/","title":{"rendered":"Mix 9 Remedium &#8211; 36 Portionsbeutel"},"content":{"rendered":"<p>Remedium, von lateinisch \u201eHeilmittel, Medizin, Hilfe\u201c.<\/p>\n<p>Wilden&#8217;s Remedia sind funktionelle Kr\u00e4utertees, die Ihnen bei jeder Gelegenheit eine k\u00f6stliche Unterst\u00fctzung im Alltag bieten.<\/p>\n<p>Diese Linie ist das Ergebnis sorgf\u00e4ltiger Forschung, Auswahl und Experimente, die darauf abzielen, Aufg\u00fcsse anzubieten, die ausgewogen im Geschmack und synergetisch in der Wirkung sind.<\/p>\n<p>Die Remedia-Kr\u00e4utertees von Wilden sind in Kombination mit einer gesunden Lebensweise und einer schmackhaften, abwechslungsreichen und ausgewogenen Ern\u00e4hrung ideal, um sich selbst zu pflegen.<\/p>\n<p>36 Beutel in einem Baumwollbeutel von Wilden.herbals, perfekt zur Wiederverwendung nach dem Verzehr von<\/p>\n<p>Nr. 4 Remedium 0 &#8211; Morgen<br \/>\nNr. 4 Remedium 1 &#8211; Nacht<br \/>\nn. 4 Remedium 2 &#8211; Aufputschen<br \/>\nn. 4 Remedium 3 &#8211; Verdauung<br \/>\nn. 4 Abf\u00fchrmittel 4 &#8211; Kater<br \/>\nn. 4 Remedium 5 &#8211; Konzentration<br \/>\nn. 4 Remedium 6 &#8211; Entspannung<br \/>\nn. 4 Remedium 7 &#8211; Entgiftung<br \/>\nn. 4 Remedium 8 &#8211; Wiedergeburt         <\/p>\n<p>Wenn Sie unsere Kr\u00e4utertees kaufen, erhalten Sie unsere praktische und elegante Baumwolltasche als Geschenk. Es ist wiederverwendbar und eignet sich perfekt als Geschenkpackung. Eine kleine Geste, die Ihre Momente der Entspannung noch besonderer macht. <\/p>\n","protected":false},"excerpt":{"rendered":"<p>Remedium, von lateinisch \u201eHeilmittel, Medizin, Hilfe\u201c. Wilden&#8217;s Remedia sind funktionelle Kr\u00e4utertees, die Ihnen bei jeder Gelegenheit eine k\u00f6stliche Unterst\u00fctzung im Alltag bieten. Diese Linie ist das Ergebnis sorgf\u00e4ltiger Forschung, Auswahl und Experimente, die darauf abzielen, Aufg\u00fcsse anzubieten, die ausgewogen im Geschmack und synergetisch in der Wirkung sind. Die Remedia-Kr\u00e4utertees von Wilden sind in Kombination mit [&hellip;]<\/p>\n","protected":false},"featured_media":24965,"template":"","meta":{"_acf_changed":false,"inline_featured_image":false,"_mbp_gutenberg_autopost":false},"product_brand":[],"product_cat":[620,600],"product_tag":[],"partner":[],"line":[],"class_list":{"0":"post-28622","1":"product","2":"type-product","3":"status-publish","4":"has-post-thumbnail","6":"product_cat-mix-box-de","7":"product_cat-mischen","9":"first","10":"outofstock","11":"taxable","12":"shipping-taxable","13":"purchasable","14":"product-type-simple"},"bundle_layout":"","bundled_by":["28828"],"bundled_items":[],"acf":[],"_links":{"self":[{"href":"https:\/\/wildenherbals.com\/de\/wp-json\/wp\/v2\/product\/28622","targetHints":{"allow":["GET"]}}],"collection":[{"href":"https:\/\/wildenherbals.com\/de\/wp-json\/wp\/v2\/product"}],"about":[{"href":"https:\/\/wildenherbals.com\/de\/wp-json\/wp\/v2\/types\/product"}],"wp:featuredmedia":[{"embeddable":true,"href":"https:\/\/wildenherbals.com\/de\/wp-json\/wp\/v2\/media\/24965"}],"wp:attachment":[{"href":"https:\/\/wildenherbals.com\/de\/wp-json\/wp\/v2\/media?parent=28622"}],"wp:term":[{"taxonomy":"product_brand","embeddable":true,"href":"https:\/\/wildenherbals.com\/de\/wp-json\/wp\/v2\/product_brand?post=28622"},{"taxonomy":"product_cat","embeddable":true,"href":"https:\/\/wildenherbals.com\/de\/wp-json\/wp\/v2\/product_cat?post=28622"},{"taxonomy":"product_tag","embeddable":true,"href":"https:\/\/wildenherbals.com\/de\/wp-json\/wp\/v2\/product_tag?post=28622"},{"taxonomy":"partner","embeddable":true,"href":"https:\/\/wildenherbals.com\/de\/wp-json\/wp\/v2\/partner?post=28622"},{"taxonomy":"line","embeddable":true,"href":"https:\/\/wildenherbals.com\/de\/wp-json\/wp\/v2\/line?post=28622"}],"curies":[{"name":"wp","href":"https:\/\/api.w.org\/{rel}","templated":true}]}}