{"id":28614,"date":"2021-03-19T10:45:23","date_gmt":"2023-07-18T09:06:12","guid":{"rendered":"https:\/\/wildenherbals.com\/shop\/unkategorisiert\/der-geschmack-von-holz\/"},"modified":"2025-05-31T10:01:24","modified_gmt":"2025-05-31T08:01:24","slug":"der-geschmack-von-holz","status":"publish","type":"product","link":"https:\/\/wildenherbals.com\/de\/shop\/essenslager\/der-geschmack-von-holz\/","title":{"rendered":"Der Geschmack von Holz"},"content":{"rendered":"<p>Dieser Text ist ein kleiner Leitfaden f\u00fcr Liebhaber von nat\u00fcrlichen, unverf\u00e4lschten und extremen Aromen. Er wurde von Artur Cisar-Erlach geschrieben, einem \u00d6kologen, Tischler und Experten f\u00fcr Lebensmittelkommunikation. Artur ist ein sich st\u00e4ndig erweiterndes Universum, das sich entschieden hat, mit Holz zu beginnen, um seine Idee von Lebensmitteln zu erz\u00e4hlen. \u201eDer Geschmack des Holzes\u201c ist ein Text, der den Leser dazu anleitet, die wilden Aromen des Holzes zu entdecken, die in jeder Speise verborgen sind, und der mit einem wesentlichen Element jeder kulturellen Revolution beginnt: der Bildung.   <\/p>\n","protected":false},"excerpt":{"rendered":"<p>Entdecken Sie den Geschmack des Holzes wieder und lernen Sie, ihn in den Lebensmitteln, die wir gew\u00f6hnlich essen, zu sch\u00e4tzen und zu erkennen. Ein Leitfaden von Artur Cisar-Erlach. <\/p>\n","protected":false},"featured_media":23270,"template":"","meta":{"_acf_changed":false,"inline_featured_image":false,"_mbp_gutenberg_autopost":false},"product_brand":[],"product_cat":[592,681],"product_tag":[],"partner":[530],"line":[],"class_list":{"0":"post-28614","1":"product","2":"type-product","3":"status-publish","4":"has-post-thumbnail","6":"product_cat-essenslager","7":"product_cat-andere","8":"partner-artur-cisar-erlach-de","10":"first","11":"instock","12":"taxable","13":"shipping-taxable","14":"purchasable","15":"product-type-simple"},"bundle_layout":"","bundled_by":[],"bundled_items":[],"acf":[],"_links":{"self":[{"href":"https:\/\/wildenherbals.com\/de\/wp-json\/wp\/v2\/product\/28614","targetHints":{"allow":["GET"]}}],"collection":[{"href":"https:\/\/wildenherbals.com\/de\/wp-json\/wp\/v2\/product"}],"about":[{"href":"https:\/\/wildenherbals.com\/de\/wp-json\/wp\/v2\/types\/product"}],"wp:featuredmedia":[{"embeddable":true,"href":"https:\/\/wildenherbals.com\/de\/wp-json\/wp\/v2\/media\/23270"}],"wp:attachment":[{"href":"https:\/\/wildenherbals.com\/de\/wp-json\/wp\/v2\/media?parent=28614"}],"wp:term":[{"taxonomy":"product_brand","embeddable":true,"href":"https:\/\/wildenherbals.com\/de\/wp-json\/wp\/v2\/product_brand?post=28614"},{"taxonomy":"product_cat","embeddable":true,"href":"https:\/\/wildenherbals.com\/de\/wp-json\/wp\/v2\/product_cat?post=28614"},{"taxonomy":"product_tag","embeddable":true,"href":"https:\/\/wildenherbals.com\/de\/wp-json\/wp\/v2\/product_tag?post=28614"},{"taxonomy":"partner","embeddable":true,"href":"https:\/\/wildenherbals.com\/de\/wp-json\/wp\/v2\/partner?post=28614"},{"taxonomy":"line","embeddable":true,"href":"https:\/\/wildenherbals.com\/de\/wp-json\/wp\/v2\/line?post=28614"}],"curies":[{"name":"wp","href":"https:\/\/api.w.org\/{rel}","templated":true}]}}