{"id":28590,"date":"2021-04-06T15:25:51","date_gmt":"2021-04-06T13:25:51","guid":{"rendered":"https:\/\/wildenherbals.com\/shop\/unkategorisiert\/kinto-day-off-trinkglas-500-ml-weiss\/"},"modified":"2025-10-14T12:06:19","modified_gmt":"2025-10-14T10:06:19","slug":"kinto-day-off-tumbler-500ml-weis","status":"publish","type":"product","link":"https:\/\/wildenherbals.com\/de\/shop\/zubehor\/kinto-day-off-tumbler-500ml-weis\/","title":{"rendered":"Kinto Day Off Trinkbecher 500ml (Wei\u00df)"},"content":{"rendered":"<p>Die Day Off Flasche ist f\u00fcr entspannende und gleichzeitig aktive freie Tage gedacht.<\/p>\n<p>Dank der Vakuumisolierung bleiben die Temperatur und der Geschmack des Getr\u00e4nks lange Zeit erhalten. Der abgerundete Griff erm\u00f6glicht es Ihnen, ihn auf Spazierg\u00e4ngen und Ausfl\u00fcgen mitzunehmen. <\/p>\n<p>Die Kappe ist glatt und angenehm im Mund und verhindert, dass Eis und hei\u00dfe Getr\u00e4nke pl\u00f6tzlich auslaufen. So k\u00f6nnen Sie bequem bis zum letzten Tropfen trinken.<\/p>\n<p>Die leuchtenden Farben erinnern an einen entspannenden Strandort und passen zu jeder Stimmung.<\/p>\n","protected":false},"excerpt":{"rendered":"<p>Die Day Off Bottle wurde f\u00fcr einen entspannenden, aber dennoch aktiven freien Tag entworfen. Sie ist vakuumisoliert und bewahrt die Temperatur und den Geschmack von Getr\u00e4nken f\u00fcr lange Zeit. Mit ihrem abgerundeten Griff, der bequem in der Hand liegt, ist sie perfekt f\u00fcr Spazierg\u00e4nge oder Tagesausfl\u00fcge geeignet. Der Deckel f\u00fchlt sich im Mund angenehm an und ist so konstruiert, dass Eisw\u00fcrfel und hei\u00dfe Getr\u00e4nke nicht so schnell austreten, so dass Sie bequem bis zum letzten Schluck trinken k\u00f6nnen. Die leuchtenden Farben sind von einem entspannten Strandort inspiriert und k\u00f6nnen gut mit Ihrer Freizeitmode kombiniert werden.    <\/p>\n","protected":false},"featured_media":22176,"template":"","meta":{"_acf_changed":false,"inline_featured_image":false,"_mbp_gutenberg_autopost":false},"product_brand":[],"product_cat":[570,571],"product_tag":[],"partner":[],"line":[],"class_list":{"0":"post-28590","1":"product","2":"type-product","3":"status-publish","4":"has-post-thumbnail","6":"product_cat-zubehor","7":"product_cat-flaschen-tassen-und-teekannen","9":"first","10":"instock","11":"taxable","12":"shipping-taxable","13":"purchasable","14":"product-type-simple"},"bundle_layout":"","bundled_by":["27841"],"bundled_items":[],"acf":[],"_links":{"self":[{"href":"https:\/\/wildenherbals.com\/de\/wp-json\/wp\/v2\/product\/28590","targetHints":{"allow":["GET"]}}],"collection":[{"href":"https:\/\/wildenherbals.com\/de\/wp-json\/wp\/v2\/product"}],"about":[{"href":"https:\/\/wildenherbals.com\/de\/wp-json\/wp\/v2\/types\/product"}],"wp:featuredmedia":[{"embeddable":true,"href":"https:\/\/wildenherbals.com\/de\/wp-json\/wp\/v2\/media\/22176"}],"wp:attachment":[{"href":"https:\/\/wildenherbals.com\/de\/wp-json\/wp\/v2\/media?parent=28590"}],"wp:term":[{"taxonomy":"product_brand","embeddable":true,"href":"https:\/\/wildenherbals.com\/de\/wp-json\/wp\/v2\/product_brand?post=28590"},{"taxonomy":"product_cat","embeddable":true,"href":"https:\/\/wildenherbals.com\/de\/wp-json\/wp\/v2\/product_cat?post=28590"},{"taxonomy":"product_tag","embeddable":true,"href":"https:\/\/wildenherbals.com\/de\/wp-json\/wp\/v2\/product_tag?post=28590"},{"taxonomy":"partner","embeddable":true,"href":"https:\/\/wildenherbals.com\/de\/wp-json\/wp\/v2\/partner?post=28590"},{"taxonomy":"line","embeddable":true,"href":"https:\/\/wildenherbals.com\/de\/wp-json\/wp\/v2\/line?post=28590"}],"curies":[{"name":"wp","href":"https:\/\/api.w.org\/{rel}","templated":true}]}}