{"id":27918,"date":"2022-10-24T17:07:07","date_gmt":"2022-10-24T15:07:07","guid":{"rendered":"https:\/\/wildenherbals.com\/shop\/unkategorisiert\/kinto-to-go-trinkbecher-360-ml-khaki\/"},"modified":"2025-12-16T15:00:57","modified_gmt":"2025-12-16T14:00:57","slug":"kinto-to-go-tumbler-360ml-khaki","status":"publish","type":"product","link":"https:\/\/wildenherbals.com\/de\/shop\/zubehor\/flaschen-tassen-und-teekannen\/kinto-to-go-tumbler-360ml-khaki\/","title":{"rendered":"Kinto To Go Trinkbecher 360ml (Khaki)"},"content":{"rendered":"<p>TO GO TUMBLER ist ideal f\u00fcr verschiedene Momente des Tages, auf dem Weg zur Arbeit, beim Autofahren oder zur Entspannung.<\/p>\n<p>Die neue Version ist mit einem Deckel ausgestattet, der ein Versch\u00fctten w\u00e4hrend der Reise verhindert. Der drehbare Deckel l\u00e4sst sich leicht \u00f6ffnen und schlie\u00dfen und erm\u00f6glicht so ein einfaches Trinken. <\/p>\n<p>Der Deckel ist minimal strukturiert f\u00fcr bequemes Trinken.<\/p>\n<p>Das vakuumisolierte Glas bewahrt die Temperatur und den Geschmack von Getr\u00e4nken f\u00fcr lange Zeit und die konische Form erm\u00f6glicht einen einfachen Transport.<\/p>\n<p>Das schlichte Design mit seiner matten Struktur und den gedeckten Farben bringt Entspannung f\u00fcr unterwegs.<\/p>\n","protected":false},"excerpt":{"rendered":"<p>TO GO TUMBLER ist ideal f\u00fcr verschiedene Situationen w\u00e4hrend des Tages, egal ob Sie zur Arbeit gehen, Auto fahren oder sich entspannen. Der Deckel ist minimal strukturiert f\u00fcr bequemes Trinken. Der vakuumisolierte Tumbler h\u00e4lt die Temperatur und den Geschmack von Getr\u00e4nken lange aufrecht, und die konische Form erm\u00f6glicht einen einfachen Transport. Das klare Design, das sich durch eine undurchsichtige Struktur und gedeckte Farben auszeichnet, bringt Entspannung f\u00fcr unterwegs.   <\/p>\n","protected":false},"featured_media":25588,"template":"","meta":{"_acf_changed":false,"inline_featured_image":false,"_mbp_gutenberg_autopost":false},"product_brand":[],"product_cat":[571,570],"product_tag":[],"partner":[],"line":[],"class_list":{"0":"post-27918","1":"product","2":"type-product","3":"status-publish","4":"has-post-thumbnail","6":"product_cat-flaschen-tassen-und-teekannen","7":"product_cat-zubehor","9":"first","10":"instock","11":"taxable","12":"shipping-taxable","13":"purchasable","14":"product-type-simple"},"bundle_layout":"","bundled_by":[],"bundled_items":[],"acf":[],"_links":{"self":[{"href":"https:\/\/wildenherbals.com\/de\/wp-json\/wp\/v2\/product\/27918","targetHints":{"allow":["GET"]}}],"collection":[{"href":"https:\/\/wildenherbals.com\/de\/wp-json\/wp\/v2\/product"}],"about":[{"href":"https:\/\/wildenherbals.com\/de\/wp-json\/wp\/v2\/types\/product"}],"wp:featuredmedia":[{"embeddable":true,"href":"https:\/\/wildenherbals.com\/de\/wp-json\/wp\/v2\/media\/25588"}],"wp:attachment":[{"href":"https:\/\/wildenherbals.com\/de\/wp-json\/wp\/v2\/media?parent=27918"}],"wp:term":[{"taxonomy":"product_brand","embeddable":true,"href":"https:\/\/wildenherbals.com\/de\/wp-json\/wp\/v2\/product_brand?post=27918"},{"taxonomy":"product_cat","embeddable":true,"href":"https:\/\/wildenherbals.com\/de\/wp-json\/wp\/v2\/product_cat?post=27918"},{"taxonomy":"product_tag","embeddable":true,"href":"https:\/\/wildenherbals.com\/de\/wp-json\/wp\/v2\/product_tag?post=27918"},{"taxonomy":"partner","embeddable":true,"href":"https:\/\/wildenherbals.com\/de\/wp-json\/wp\/v2\/partner?post=27918"},{"taxonomy":"line","embeddable":true,"href":"https:\/\/wildenherbals.com\/de\/wp-json\/wp\/v2\/line?post=27918"}],"curies":[{"name":"wp","href":"https:\/\/api.w.org\/{rel}","templated":true}]}}