{"id":27914,"date":"2022-10-24T16:57:59","date_gmt":"2022-10-24T14:57:59","guid":{"rendered":"https:\/\/wildenherbals.com\/shop\/unkategorisiert\/glaskanne-mit-bruehdeckel\/"},"modified":"2025-09-29T09:54:34","modified_gmt":"2025-09-29T07:54:34","slug":"krug-glasstopfen-teesieb","status":"publish","type":"product","link":"https:\/\/wildenherbals.com\/de\/shop\/zubehor\/krug-glasstopfen-teesieb\/","title":{"rendered":"Glaskaraffe mit Infusionsdeckel"},"content":{"rendered":"<div class=\"\">Glaskaraffe der Marke Wilden.herbals.<\/div>\n<div class=\"\">Ideal f\u00fcr die Zubereitung und das Servieren von Kr\u00e4utertees aus der Remedia-Linie. Dank seiner transparenten Glasoberfl\u00e4che macht er den Moment des Aufgusses noch angenehmer und zeigt die Sch\u00f6nheit der in hei\u00dfes oder kaltes Wasser getauchten Zutaten. <\/div>\n","protected":false},"excerpt":{"rendered":"<p>Wilden.herbals Markenteekanne aus Glas<\/p>\n<p>Ideal f\u00fcr die Zubereitung und das Servieren unserer Remedia-Kr\u00e4utertees.<\/p>\n","protected":false},"featured_media":25582,"template":"","meta":{"_acf_changed":false,"inline_featured_image":false,"_mbp_gutenberg_autopost":false},"product_brand":[],"product_cat":[570,815],"product_tag":[],"partner":[],"line":[],"class_list":{"0":"post-27914","1":"product","2":"type-product","3":"status-publish","4":"has-post-thumbnail","6":"product_cat-zubehor","7":"product_cat-andere-de-2","9":"first","10":"instock","11":"taxable","12":"shipping-taxable","13":"purchasable","14":"product-type-simple"},"bundle_layout":"","bundled_by":[],"bundled_items":[],"acf":[],"_links":{"self":[{"href":"https:\/\/wildenherbals.com\/de\/wp-json\/wp\/v2\/product\/27914","targetHints":{"allow":["GET"]}}],"collection":[{"href":"https:\/\/wildenherbals.com\/de\/wp-json\/wp\/v2\/product"}],"about":[{"href":"https:\/\/wildenherbals.com\/de\/wp-json\/wp\/v2\/types\/product"}],"wp:featuredmedia":[{"embeddable":true,"href":"https:\/\/wildenherbals.com\/de\/wp-json\/wp\/v2\/media\/25582"}],"wp:attachment":[{"href":"https:\/\/wildenherbals.com\/de\/wp-json\/wp\/v2\/media?parent=27914"}],"wp:term":[{"taxonomy":"product_brand","embeddable":true,"href":"https:\/\/wildenherbals.com\/de\/wp-json\/wp\/v2\/product_brand?post=27914"},{"taxonomy":"product_cat","embeddable":true,"href":"https:\/\/wildenherbals.com\/de\/wp-json\/wp\/v2\/product_cat?post=27914"},{"taxonomy":"product_tag","embeddable":true,"href":"https:\/\/wildenherbals.com\/de\/wp-json\/wp\/v2\/product_tag?post=27914"},{"taxonomy":"partner","embeddable":true,"href":"https:\/\/wildenherbals.com\/de\/wp-json\/wp\/v2\/partner?post=27914"},{"taxonomy":"line","embeddable":true,"href":"https:\/\/wildenherbals.com\/de\/wp-json\/wp\/v2\/line?post=27914"}],"curies":[{"name":"wp","href":"https:\/\/api.w.org\/{rel}","templated":true}]}}