{"id":27911,"date":"2022-10-25T15:36:18","date_gmt":"2022-10-25T13:36:18","guid":{"rendered":"https:\/\/wildenherbals.com\/shop\/unkategorisiert\/waldbrombeermarmelade-120g\/"},"modified":"2025-09-29T09:40:16","modified_gmt":"2025-09-29T07:40:16","slug":"wald-brombeer-marmelade","status":"publish","type":"product","link":"https:\/\/wildenherbals.com\/de\/shop\/essenslager\/wald-brombeer-marmelade\/","title":{"rendered":"Konfit\u00fcre aus wilden Brombeeren (110g)"},"content":{"rendered":"<p>Die Konfit\u00fcre wird aus kleinen, vollmundigen, s\u00fc\u00dfen Brombeeren zubereitet, die auf dem Land von Alba, einem Naturbauernhof im Herzen von Molise, wild wachsen. Probieren Sie sie in Kombination mit K\u00e4se, mit Butter auf einer Scheibe ger\u00f6stetem hausgemachtem Brot, mit Joghurt oder Ricotta-K\u00e4se, entweder l\u00f6ffelweise oder als Belag f\u00fcr Torten und K\u00e4sekuchen. <\/p>\n<p>&nbsp;<\/p>\n","protected":false},"excerpt":{"rendered":"<p><span style=\"font-weight: 400;\">Wie man ihn verwendet<\/span><\/p>\n<p><span style=\"font-weight: 400;\">Als einzelnes Element ist er eine schmackhafte Beilage, in der Zubereitung passt er gut zu Couscous, zu blauem Fisch oder zu Kaninchen.<\/span><\/p>\n","protected":false},"featured_media":25594,"template":"","meta":{"_acf_changed":false,"inline_featured_image":false,"_mbp_gutenberg_autopost":false},"product_brand":[],"product_cat":[592,602],"product_tag":[],"partner":[],"line":[],"class_list":{"0":"post-27911","1":"product","2":"type-product","3":"status-publish","4":"has-post-thumbnail","6":"product_cat-essenslager","7":"product_cat-honig-und-marmelade","9":"first","10":"instock","11":"taxable","12":"shipping-taxable","13":"purchasable","14":"product-type-simple"},"bundle_layout":"","bundled_by":["27886","27895"],"bundled_items":[],"acf":[],"_links":{"self":[{"href":"https:\/\/wildenherbals.com\/de\/wp-json\/wp\/v2\/product\/27911","targetHints":{"allow":["GET"]}}],"collection":[{"href":"https:\/\/wildenherbals.com\/de\/wp-json\/wp\/v2\/product"}],"about":[{"href":"https:\/\/wildenherbals.com\/de\/wp-json\/wp\/v2\/types\/product"}],"wp:featuredmedia":[{"embeddable":true,"href":"https:\/\/wildenherbals.com\/de\/wp-json\/wp\/v2\/media\/25594"}],"wp:attachment":[{"href":"https:\/\/wildenherbals.com\/de\/wp-json\/wp\/v2\/media?parent=27911"}],"wp:term":[{"taxonomy":"product_brand","embeddable":true,"href":"https:\/\/wildenherbals.com\/de\/wp-json\/wp\/v2\/product_brand?post=27911"},{"taxonomy":"product_cat","embeddable":true,"href":"https:\/\/wildenherbals.com\/de\/wp-json\/wp\/v2\/product_cat?post=27911"},{"taxonomy":"product_tag","embeddable":true,"href":"https:\/\/wildenherbals.com\/de\/wp-json\/wp\/v2\/product_tag?post=27911"},{"taxonomy":"partner","embeddable":true,"href":"https:\/\/wildenherbals.com\/de\/wp-json\/wp\/v2\/partner?post=27911"},{"taxonomy":"line","embeddable":true,"href":"https:\/\/wildenherbals.com\/de\/wp-json\/wp\/v2\/line?post=27911"}],"curies":[{"name":"wp","href":"https:\/\/api.w.org\/{rel}","templated":true}]}}