{"id":27900,"date":"2022-10-25T15:45:27","date_gmt":"2022-10-25T13:45:27","guid":{"rendered":"https:\/\/wildenherbals.com\/shop\/unkategorisiert\/cacao-disidente-dunkle-schokolade-70-40g\/"},"modified":"2025-09-29T09:38:22","modified_gmt":"2025-09-29T07:38:22","slug":"kakao-disident-schokolade-dunkel","status":"publish","type":"product","link":"https:\/\/wildenherbals.com\/de\/shop\/essenslager\/kakao-disident-schokolade-dunkel\/","title":{"rendered":"Kakaoaufl\u00f6ser &#8211; Zartbitterschokolade 70% (40g)"},"content":{"rendered":"<p>Disidente ist eine kolumbianische Marke, die exzellente lokale Rohstoffe ausw\u00e4hlt, indem sie Seite an Seite mit den Erzeugern arbeitet, mit denen sie ein tugendhaftes Netzwerk von Arbeitsmethoden und wirtschaftlicher Umverteilung aufbaut.<br \/>\nDie Schokoladentafeln sind der pers\u00f6nlichste Ausdruck ihres Verst\u00e4ndnisses f\u00fcr den Rohstoff. Sie sind das Ergebnis einer eingehenden sensorischen und taxonomischen Untersuchung des Kakaos. Disidente w\u00e4hlt die besten in Kolumbien angebauten Rohstoffe aus, um die hochwertigste Schokolade herzustellen und neue aromatische Melodien anzubieten.  <\/p>\n<p>Blend 70%<\/p>\n","protected":false},"excerpt":{"rendered":"<p>Disidente ist eine kolumbianische Marke, die exzellente lokale Rohstoffe ausw\u00e4hlt, indem sie Seite an Seite mit den Erzeugern arbeitet, mit denen sie ein tugendhaftes Netzwerk von Arbeitsmethoden und wirtschaftlicher Umverteilung aufbaut. Die Schokoladentafeln sind der pers\u00f6nlichste Ausdruck ihres Verst\u00e4ndnisses f\u00fcr den Rohstoff. Sie sind das Ergebnis einer eingehenden sensorischen und taxonomischen Untersuchung des Kakaos. Disidente [&hellip;]<\/p>\n","protected":false},"featured_media":25600,"template":"","meta":{"_acf_changed":false,"inline_featured_image":false,"_mbp_gutenberg_autopost":false},"product_brand":[],"product_cat":[592,593],"product_tag":[],"partner":[591],"line":[],"class_list":{"0":"post-27900","1":"product","2":"type-product","3":"status-publish","4":"has-post-thumbnail","6":"product_cat-essenslager","7":"product_cat-kekse-und-snacks","8":"partner-disidenter-kakao","10":"first","11":"instock","12":"taxable","13":"shipping-taxable","14":"purchasable","15":"product-type-simple"},"bundle_layout":"","bundled_by":["27824","27892","27899"],"bundled_items":[],"acf":[],"_links":{"self":[{"href":"https:\/\/wildenherbals.com\/de\/wp-json\/wp\/v2\/product\/27900","targetHints":{"allow":["GET"]}}],"collection":[{"href":"https:\/\/wildenherbals.com\/de\/wp-json\/wp\/v2\/product"}],"about":[{"href":"https:\/\/wildenherbals.com\/de\/wp-json\/wp\/v2\/types\/product"}],"wp:featuredmedia":[{"embeddable":true,"href":"https:\/\/wildenherbals.com\/de\/wp-json\/wp\/v2\/media\/25600"}],"wp:attachment":[{"href":"https:\/\/wildenherbals.com\/de\/wp-json\/wp\/v2\/media?parent=27900"}],"wp:term":[{"taxonomy":"product_brand","embeddable":true,"href":"https:\/\/wildenherbals.com\/de\/wp-json\/wp\/v2\/product_brand?post=27900"},{"taxonomy":"product_cat","embeddable":true,"href":"https:\/\/wildenherbals.com\/de\/wp-json\/wp\/v2\/product_cat?post=27900"},{"taxonomy":"product_tag","embeddable":true,"href":"https:\/\/wildenherbals.com\/de\/wp-json\/wp\/v2\/product_tag?post=27900"},{"taxonomy":"partner","embeddable":true,"href":"https:\/\/wildenherbals.com\/de\/wp-json\/wp\/v2\/partner?post=27900"},{"taxonomy":"line","embeddable":true,"href":"https:\/\/wildenherbals.com\/de\/wp-json\/wp\/v2\/line?post=27900"}],"curies":[{"name":"wp","href":"https:\/\/api.w.org\/{rel}","templated":true}]}}