{"id":27839,"date":"2023-01-24T10:34:01","date_gmt":"2023-07-18T09:00:08","guid":{"rendered":"https:\/\/wildenherbals.com\/shop\/unkategorisiert\/precycle-bio-kraeutertee-%c2%b7-schachtel-mit-10-beuteln\/"},"modified":"2025-05-31T09:59:14","modified_gmt":"2025-05-31T07:59:14","slug":"bio-krauter-krauter-precycle-hulle-10-beutel","status":"publish","type":"product","link":"https:\/\/wildenherbals.com\/de\/shop\/krautertees\/bio-krauter-krauter-precycle-hulle-10-beutel\/","title":{"rendered":"PreCycle Bio-Kr\u00e4utertee"},"content":{"rendered":"<p><span style=\"font-weight: 400;\">PreCycle ist ein Kr\u00e4utertee, der Ihnen hilft, Ihren Menstruationszyklus ruhiger zu erleben, dank der Eigenschaften von Ingwer, Keuschbeere und Schafgarbe, die Kr\u00e4mpfen und Magenbeschwerden entgegenwirken. Zitronenmelisse ist ein wertvoller Verb\u00fcndeter, der f\u00fcr Erleichterung und Entspannung sorgt und die Stimmung ausgleicht. <\/span><\/p>\n<p><span style=\"font-weight: 400;\">PreCycle hat kr\u00e4ftige Noten von Rosen und Zitronenmelisse, die durch die w\u00fcrzigen Ankl\u00e4nge von Ingwer erw\u00e4rmt werden. Das Ergebnis ist ein aromatisches Bouquet mit der blumigen Pers\u00f6nlichkeit von Rosenknospen und herberen Akzenten von Unterholz und verbranntem Holz. <\/span><\/p>\n<p><b>Indikationen f\u00fcr den Verzehr<\/b><\/p>\n<p><i><span style=\"font-weight: 400;\">Dosis und Modus<\/span><\/i><\/p>\n<p><span style=\"font-weight: 400;\">Lassen Sie 1 Beutel 7-9 Minuten in 300-500 ml 95\u00b0 hei\u00dfem Wasser ziehen.<\/span><\/p>\n<p><span style=\"font-weight: 400;\">Es wird empfohlen, nicht mehr als 2 Beutel pro Tag zu verwenden.<\/span><\/p>\n<p>&nbsp;<\/p>\n<p><i><span style=\"font-weight: 400;\">Wilden.herbals Health-Kr\u00e4utertees sind Nahrungserg\u00e4nzungsmittel<\/span><\/i><\/p>\n<p><span style=\"font-weight: 400;\">\u00dcberschreiten Sie nicht die empfohlene Tagesdosis. Nahrungserg\u00e4nzungsmittel sollten nicht als Ersatz f\u00fcr eine abwechslungsreiche Ern\u00e4hrung und eine gesunde Lebensweise verwendet werden. Au\u00dferhalb der Reichweite von Kindern unter drei Jahren aufbewahren. \u00dcberm\u00e4\u00dfiger Verzehr kann abf\u00fchrend wirken.   <\/span><\/p>\n","protected":false},"excerpt":{"rendered":"<p>PreCycle ist ein Kr\u00e4utertee, der Ihnen hilft, Ihren Menstruationszyklus ruhiger zu erleben, dank der Eigenschaften von Ingwer, Keuschbeere und Schafgarbe, die Kr\u00e4mpfen und Magenbeschwerden entgegenwirken. Zitronenmelisse ist ein wertvoller Verb\u00fcndeter, der f\u00fcr Erleichterung und Entspannung sorgt und die Stimmung ausgleicht. PreCycle hat kr\u00e4ftige Noten von Rosen und Zitronenmelisse, die durch die w\u00fcrzigen Ankl\u00e4nge von Ingwer [&hellip;]<\/p>\n","protected":false},"featured_media":35061,"template":"","meta":{"_acf_changed":false,"inline_featured_image":false,"_mbp_gutenberg_autopost":false},"product_brand":[],"product_cat":[550,551],"product_tag":[552],"partner":[],"line":[546,548],"class_list":{"0":"post-27839","1":"product","2":"type-product","3":"status-publish","4":"has-post-thumbnail","6":"product_cat-krautertees","7":"product_cat-im-beutel","8":"product_tag-wohlbefinden","9":"line-health-line","10":"line-wilden-herbals-health","12":"first","13":"instock","14":"taxable","15":"shipping-taxable","16":"purchasable","17":"product-type-variable"},"bundle_layout":"","bundled_by":[],"bundled_items":[],"acf":[],"_links":{"self":[{"href":"https:\/\/wildenherbals.com\/de\/wp-json\/wp\/v2\/product\/27839","targetHints":{"allow":["GET"]}}],"collection":[{"href":"https:\/\/wildenherbals.com\/de\/wp-json\/wp\/v2\/product"}],"about":[{"href":"https:\/\/wildenherbals.com\/de\/wp-json\/wp\/v2\/types\/product"}],"wp:featuredmedia":[{"embeddable":true,"href":"https:\/\/wildenherbals.com\/de\/wp-json\/wp\/v2\/media\/35061"}],"wp:attachment":[{"href":"https:\/\/wildenherbals.com\/de\/wp-json\/wp\/v2\/media?parent=27839"}],"wp:term":[{"taxonomy":"product_brand","embeddable":true,"href":"https:\/\/wildenherbals.com\/de\/wp-json\/wp\/v2\/product_brand?post=27839"},{"taxonomy":"product_cat","embeddable":true,"href":"https:\/\/wildenherbals.com\/de\/wp-json\/wp\/v2\/product_cat?post=27839"},{"taxonomy":"product_tag","embeddable":true,"href":"https:\/\/wildenherbals.com\/de\/wp-json\/wp\/v2\/product_tag?post=27839"},{"taxonomy":"partner","embeddable":true,"href":"https:\/\/wildenherbals.com\/de\/wp-json\/wp\/v2\/partner?post=27839"},{"taxonomy":"line","embeddable":true,"href":"https:\/\/wildenherbals.com\/de\/wp-json\/wp\/v2\/line?post=27839"}],"curies":[{"name":"wp","href":"https:\/\/api.w.org\/{rel}","templated":true}]}}