{"id":27829,"date":"2023-01-24T10:36:59","date_gmt":"2023-07-18T09:00:02","guid":{"rendered":"https:\/\/wildenherbals.com\/shop\/unkategorisiert\/cistea-bio-kraeutertee-%c2%b7-schachtel-mit-10-beuteln\/"},"modified":"2025-06-17T17:56:38","modified_gmt":"2025-06-17T15:56:38","slug":"bio-krauter-cistea-box-10-beutel","status":"publish","type":"product","link":"https:\/\/wildenherbals.com\/de\/shop\/krautertees\/bio-krauter-cistea-box-10-beutel\/","title":{"rendered":"CisTea Bio-Kr\u00e4utertee"},"content":{"rendered":"<p><span style=\"font-weight: 400;\">CisTea ist ein Kr\u00e4utertee mit harntreibender Wirkung. B\u00e4rentraube, Wacholder, Schachtelhalm, Johannisbeere und Mais f\u00f6rdern die Funktion der Harnwege, w\u00e4hrend Brennnessel und Malve mit harntreibenden und beruhigenden Eigenschaften helfen. <\/span><\/p>\n<p><span style=\"font-weight: 400;\">CisTea hat krautige Noten von Schachtelhalm, aber auch fruchtigere Noten von Johannisbeeren und blumige Noten von Holunderbl\u00fcten, abgerundet durch die W\u00e4rme von Zimt. Das Ergebnis ist ein delikater, reicher Geschmack, der an die S\u00fc\u00dfe von Gew\u00fcrzen und den Duft von frisch gebackenen Keksen erinnert. <\/span><\/p>\n<p><b>Indikationen f\u00fcr den Verzehr<\/b><\/p>\n<p><i><span style=\"font-weight: 400;\">Dosis und Modus<\/span><\/i><\/p>\n<p><span style=\"font-weight: 400;\">Lassen Sie 1 Beutel 7-9 Minuten in 300-500 ml 95\u00b0 hei\u00dfem Wasser ziehen.<\/span><\/p>\n<p><span style=\"font-weight: 400;\">Es wird empfohlen, nicht mehr als 2 Beutel pro Tag zu verwenden.<\/span><\/p>\n<p>&nbsp;<\/p>\n<p><i><span style=\"font-weight: 400;\">Wilden.herbals Health-Kr\u00e4utertees sind Nahrungserg\u00e4nzungsmittel<\/span><\/i><\/p>\n<p><span style=\"font-weight: 400;\">\u00dcberschreiten Sie nicht die empfohlene Tagesdosis. Nahrungserg\u00e4nzungsmittel sollten nicht als Ersatz f\u00fcr eine abwechslungsreiche Ern\u00e4hrung und eine gesunde Lebensweise verwendet werden. Au\u00dferhalb der Reichweite von Kindern unter drei Jahren aufbewahren. \u00dcberm\u00e4\u00dfiger Verzehr kann abf\u00fchrend wirken.   <\/span><\/p>\n","protected":false},"excerpt":{"rendered":"<p>CisTea ist ein Kr\u00e4utertee mit harntreibender Wirkung. B\u00e4rentraube, Wacholder, Schachtelhalm, Johannisbeere und Mais f\u00f6rdern die Funktion der Harnwege, w\u00e4hrend Brennnessel und Malve mit harntreibenden und beruhigenden Eigenschaften helfen. CisTea hat krautige Noten von Schachtelhalm, aber auch fruchtigere Noten von Johannisbeeren und blumige Noten von Holunderbl\u00fcten, abgerundet durch die W\u00e4rme von Zimt. Das Ergebnis ist ein [&hellip;]<\/p>\n","protected":false},"featured_media":35036,"template":"","meta":{"_acf_changed":false,"inline_featured_image":false,"_mbp_gutenberg_autopost":false},"product_brand":[],"product_cat":[550,551],"product_tag":[552],"partner":[],"line":[546,548],"class_list":{"0":"post-27829","1":"product","2":"type-product","3":"status-publish","4":"has-post-thumbnail","6":"product_cat-krautertees","7":"product_cat-im-beutel","8":"product_tag-wohlbefinden","9":"line-health-line","10":"line-wilden-herbals-health","12":"first","13":"instock","14":"taxable","15":"shipping-taxable","16":"purchasable","17":"product-type-variable"},"bundle_layout":"","bundled_by":[],"bundled_items":[],"acf":[],"_links":{"self":[{"href":"https:\/\/wildenherbals.com\/de\/wp-json\/wp\/v2\/product\/27829","targetHints":{"allow":["GET"]}}],"collection":[{"href":"https:\/\/wildenherbals.com\/de\/wp-json\/wp\/v2\/product"}],"about":[{"href":"https:\/\/wildenherbals.com\/de\/wp-json\/wp\/v2\/types\/product"}],"wp:featuredmedia":[{"embeddable":true,"href":"https:\/\/wildenherbals.com\/de\/wp-json\/wp\/v2\/media\/35036"}],"wp:attachment":[{"href":"https:\/\/wildenherbals.com\/de\/wp-json\/wp\/v2\/media?parent=27829"}],"wp:term":[{"taxonomy":"product_brand","embeddable":true,"href":"https:\/\/wildenherbals.com\/de\/wp-json\/wp\/v2\/product_brand?post=27829"},{"taxonomy":"product_cat","embeddable":true,"href":"https:\/\/wildenherbals.com\/de\/wp-json\/wp\/v2\/product_cat?post=27829"},{"taxonomy":"product_tag","embeddable":true,"href":"https:\/\/wildenherbals.com\/de\/wp-json\/wp\/v2\/product_tag?post=27829"},{"taxonomy":"partner","embeddable":true,"href":"https:\/\/wildenherbals.com\/de\/wp-json\/wp\/v2\/partner?post=27829"},{"taxonomy":"line","embeddable":true,"href":"https:\/\/wildenherbals.com\/de\/wp-json\/wp\/v2\/line?post=27829"}],"curies":[{"name":"wp","href":"https:\/\/api.w.org\/{rel}","templated":true}]}}